{"id":932,"date":"2018-11-02T08:08:51","date_gmt":"2018-11-02T11:08:51","guid":{"rendered":"http:\/\/marcafede.com.ar\/iluminacion\/?page_id=932"},"modified":"2018-11-02T08:08:51","modified_gmt":"2018-11-02T11:08:51","slug":"compre-seguro","status":"publish","type":"page","link":"https:\/\/marcafede.com.ar\/iluminacion\/compre-seguro\/","title":{"rendered":"COMPRE SEGURO"},"content":{"rendered":"<p><img loading=\"lazy\" decoding=\"async\" class=\"alignnone size-full wp-image-933\" src=\"http:\/\/marcafede.com.ar\/iluminacion\/wp-content\/uploads\/2018\/11\/ssl1.jpg\" alt=\"\" width=\"100\" height=\"43\" srcset=\"https:\/\/marcafede.com.ar\/iluminacion\/wp-content\/uploads\/2018\/11\/ssl1.jpg 100w, https:\/\/marcafede.com.ar\/iluminacion\/wp-content\/uploads\/2018\/11\/ssl1-64x28.jpg 64w\" sizes=\"auto, (max-width: 100px) 100vw, 100px\" \/><\/p>\n<p>Implementamos el certificado de seguridad SSL para hacer tu navegaci\u00f3n y compras en nuestra web (a\u00fan) m\u00e1s seguras.<br \/>\nTrabajamos constantemente en nuestra tienda online, aumentando la seguridad a los est\u00e1ndares mas altos con los certificados SSL para encriptaci\u00f3n de los datos de tu navegaci\u00f3n en nuestra web. Y \u00a0Google en su navegador ( y el resto de navegadores) nos premia con el\u00a0Candado Verde que aparece en la barra de navegaci\u00f3n indic\u00e1ndonos\u00a0que es un sitio web seguro.<\/p>\n<p>\u00bfEn que consisten estas medidas de seguridad?<br \/>\nAplicamos el protocolo de navegacion HTTPS \u00bfQu\u00e9 es?\u00a0El protocolo https es la versi\u00f3n segura del conocido http y tiene como objetivo proteger la informaci\u00f3n que se ingresa en la web, es decir, que la conexi\u00f3n a una web sea segura. A diferencia del protocolo http, el https cifra la informaci\u00f3n para que no sea accesible. Para que se realice esta codificaci\u00f3n es necesario contar con un certificado digital, es decir, con un Certificado SSL. Al instalar este certificado hemos consiguido que todos los navegadores muestren un candado cerrado al acceder a tu sitio y, que en la barra de direcciones el http sea sustituido por su versi\u00f3n m\u00e1s segura, el https.<\/p>\n<p>En resumidas cuentas, ahora tus datos viajan por la red encriptados de manera privado y por lo tanto m\u00e1s segura, ofreciendote la confianza de realizar tus compras en nuestra tienda online sin riesgos para ti y totalmente privada.<\/p>\n","protected":false},"excerpt":{"rendered":"<p>Implementamos el certificado de seguridad SSL para hacer tu navegaci\u00f3n y compras en nuestra web (a\u00fan) m\u00e1s seguras. Trabajamos constantemente en nuestra tienda online, aumentando la seguridad a los est\u00e1ndares mas altos con los certificados SSL para encriptaci\u00f3n de los datos de tu navegaci\u00f3n en nuestra web. Y \u00a0Google en su navegador ( y el [&hellip;]<\/p>\n","protected":false},"author":1,"featured_media":0,"parent":0,"menu_order":0,"comment_status":"closed","ping_status":"closed","template":"","meta":{"footnotes":""},"class_list":["post-932","page","type-page","status-publish","hentry"],"jetpack_sharing_enabled":true,"_links":{"self":[{"href":"https:\/\/marcafede.com.ar\/iluminacion\/wp-json\/wp\/v2\/pages\/932","targetHints":{"allow":["GET"]}}],"collection":[{"href":"https:\/\/marcafede.com.ar\/iluminacion\/wp-json\/wp\/v2\/pages"}],"about":[{"href":"https:\/\/marcafede.com.ar\/iluminacion\/wp-json\/wp\/v2\/types\/page"}],"author":[{"embeddable":true,"href":"https:\/\/marcafede.com.ar\/iluminacion\/wp-json\/wp\/v2\/users\/1"}],"replies":[{"embeddable":true,"href":"https:\/\/marcafede.com.ar\/iluminacion\/wp-json\/wp\/v2\/comments?post=932"}],"version-history":[{"count":1,"href":"https:\/\/marcafede.com.ar\/iluminacion\/wp-json\/wp\/v2\/pages\/932\/revisions"}],"predecessor-version":[{"id":934,"href":"https:\/\/marcafede.com.ar\/iluminacion\/wp-json\/wp\/v2\/pages\/932\/revisions\/934"}],"wp:attachment":[{"href":"https:\/\/marcafede.com.ar\/iluminacion\/wp-json\/wp\/v2\/media?parent=932"}],"curies":[{"name":"wp","href":"https:\/\/api.w.org\/{rel}","templated":true}]}}