{"id":18808,"date":"2020-11-20T14:00:02","date_gmt":"2020-11-20T17:00:02","guid":{"rendered":"https:\/\/marcafede.com.ar\/iluminacion\/?post_type=product&#038;p=18808"},"modified":"2025-11-26T10:43:15","modified_gmt":"2025-11-26T13:43:15","slug":"colgante-globo-esfera-pvc-opal-25-cm-deco-apto-led-e-27-negro","status":"publish","type":"product","link":"https:\/\/marcafede.com.ar\/iluminacion\/producto\/colgante-globo-esfera-pvc-opal-25-cm-deco-apto-led-e-27-negro\/","title":{"rendered":"Colgante Globo Esfera 50 Cm. PVC Opal  Antivandalismo &#8211; Apto Led (E27)"},"content":{"rendered":"<p>Colgante Globo Esfera 50 Cm. PVC Opal Antivandalismo &#8211; Apto Led (E27) &#8211; Colores: Blanco, Negro.<\/p>\n<p>MATERIAL: Polietileno antivand\u00e1lico con tratamiento anti UV<\/p>\n<p>** NO INCLUYE LAMPARA **<\/p>\n<p>ATENCION: El globo presenta una costura central (Uni\u00f3n de material) que se manifiesta con una l\u00ednea horizontal en su per\u00edmetro.<\/p>\n<p>Globo PVC di\u00e1metro 50 Cm.<\/p>\n<p>FLOR\u00d3N de 10 Cm. Con Prensa Cable<\/p>\n<p>ALTURA TOTAL REGULABLE: 1.00 Mts.<\/p>\n<p>LUGAR DE MONTAJE: Techo<\/p>\n<p>USO: Interior &#8211; Aleros<\/p>\n<p>PORTALAMPARA: E-27<\/p>\n<p>CAPACIDAD DE FOCOS: 1<\/p>\n<p>FUENTES DE LUZ: Led &#8211; Bajo Consumo<\/p>\n<p>ALIMENTACI\u00d3N: 220V<\/p>\n<p>Las fotos son ilustrativas, se entrega el modelo dependiendo de la disponibilidad.<\/p>\n<p>&#8212;&#8212;&#8212;&#8212;&#8212;&#8212;&#8212;&#8212;&#8212;&#8212;&#8211;MARCAFEDE&#8212;&#8212;&#8212;&#8212;&#8212;&#8212;&#8212;&#8212;&#8212;&#8212;&#8211;<\/p>\n<p>ILUMINACION &#8211; ACCESORIOS &#8211; ELECTRONICA &#8211; CCTV &#8211; DISE\u00d1O WEB &#8211; ALARMAS &#8211; CAMARAS<\/p>\n<p>VEA TODOS LOS PRODUCTOS<\/p>\n<p>TODOS LOS PRODUCTOS AQUI: https:\/\/eshops.mercadolibre.com.ar\/MARCAFEDE<\/p>\n<p>FORMAS DE PAGO:<\/p>\n<p>* A trav\u00e9s de Mercado Pago con:<br \/>\n&#8211; Tarjeta de cr\u00e9dito<br \/>\n&#8211; Tarjeta de d\u00e9bito<br \/>\n* Efectivo en nuestro Showroom (Dep\u00f3sito)<br \/>\n* Dep\u00f3sito o transferencia bancaria<\/p>\n<p>FORMAS DE ENV\u00cdO<\/p>\n<p>* Realizamos env\u00edos a todo el pa\u00eds por:<br \/>\n&#8211; Mercado env\u00edos<br \/>\n&#8211; OCA o Correo Argentino<br \/>\n&#8211; Micro a la sucursal<br \/>\n&#8211; V\u00eda Cargo<br \/>\n&#8211; Bus Pack<br \/>\n&#8211; Cruz del Sur<br \/>\n&#8211; Moto a domicilio<br \/>\n&#8211; Puede retirar en nuestro dep\u00f3sito<br \/>\n&#8211; o por el medio que sea de su preferencia<\/p>\n<p>GARANT\u00cdA<\/p>\n<p>Iluminaci\u00f3n MarcaFede brinda garant\u00eda de 6 meses por defectos de fabricaci\u00f3n que provee el fabricante o importador, la misma queda<br \/>\nsin efecto por mal uso o roturas por agentes externos como por ejemplo mal trato del transporte indicado por el comprador.<br \/>\nEn todos los casos la mercader\u00eda debe ser remitida al servicio t\u00e9cnico, el producto debe conservar su embalaje original con accesorios completos.<br \/>\nTODOS LOS GASTOS DEL TRASLADO CORREN POR CUENTA DEL COMPRADOR SIN EXCEPCION.<\/p>\n<p>HACEMOS FACTURA A<\/p>\n<p>UBICACI\u00d3N<\/p>\n<p>Estamos a 4 y 8 cuadras de Estaci\u00f3n Lan\u00fas Oeste.<br \/>\nNO TENEMOS LOCAL DE VENTA A LA CALLE.<br \/>\nLos retiros pueden realizarse en los siguientes horarios, con previo aviso.<br \/>\nA 4 Cuadras por la tarde de 16 a 19 hs.<br \/>\nA 8 Cuadras por la ma\u00f1ana de 9:30 a 14 Hs.<br \/>\nLos d\u00edas S\u00e1bados coordinar horario y lugar<\/p>\n","protected":false},"excerpt":{"rendered":"<p>Colgante Globo Esfera 50 Cm. PVC Opal Antivandalismo &#8211; Apto Led (E27) &#8211; Colores: Blanco, Negro. MATERIAL: Polietileno antivand\u00e1lico con tratamiento anti UV ** NO INCLUYE LAMPARA ** ATENCION: El globo presenta una costura central (Uni\u00f3n de material) que se manifiesta con una l\u00ednea horizontal en su per\u00edmetro. Globo PVC di\u00e1metro 50 Cm. FLOR\u00d3N de [&hellip;]<\/p>\n","protected":false},"featured_media":43331,"template":"","meta":[],"product_brand":[],"product_cat":[82,30],"product_tag":[],"class_list":{"0":"post-18808","1":"product","2":"type-product","3":"status-publish","4":"has-post-thumbnail","6":"product_cat-colgantes-globo-pvc","7":"product_cat-marcafede","9":"first","10":"instock","11":"taxable","12":"shipping-taxable","13":"purchasable","14":"product-type-variable"},"jetpack_sharing_enabled":true,"_links":{"self":[{"href":"https:\/\/marcafede.com.ar\/iluminacion\/wp-json\/wp\/v2\/product\/18808","targetHints":{"allow":["GET"]}}],"collection":[{"href":"https:\/\/marcafede.com.ar\/iluminacion\/wp-json\/wp\/v2\/product"}],"about":[{"href":"https:\/\/marcafede.com.ar\/iluminacion\/wp-json\/wp\/v2\/types\/product"}],"wp:featuredmedia":[{"embeddable":true,"href":"https:\/\/marcafede.com.ar\/iluminacion\/wp-json\/wp\/v2\/media\/43331"}],"wp:attachment":[{"href":"https:\/\/marcafede.com.ar\/iluminacion\/wp-json\/wp\/v2\/media?parent=18808"}],"wp:term":[{"taxonomy":"product_brand","embeddable":true,"href":"https:\/\/marcafede.com.ar\/iluminacion\/wp-json\/wp\/v2\/product_brand?post=18808"},{"taxonomy":"product_cat","embeddable":true,"href":"https:\/\/marcafede.com.ar\/iluminacion\/wp-json\/wp\/v2\/product_cat?post=18808"},{"taxonomy":"product_tag","embeddable":true,"href":"https:\/\/marcafede.com.ar\/iluminacion\/wp-json\/wp\/v2\/product_tag?post=18808"}],"curies":[{"name":"wp","href":"https:\/\/api.w.org\/{rel}","templated":true}]}}