{"id":19284,"date":"2021-02-11T11:34:49","date_gmt":"2021-02-11T14:34:49","guid":{"rendered":"https:\/\/marcafede.com.ar\/iluminacion\/?post_type=product&#038;p=19284"},"modified":"2025-09-26T19:08:52","modified_gmt":"2025-09-26T22:08:52","slug":"aplique-globo-pared-exterior-decorativo-antivandalismo-1-luz-blanco","status":"publish","type":"product","link":"https:\/\/marcafede.com.ar\/iluminacion\/producto\/aplique-globo-pared-exterior-decorativo-antivandalismo-1-luz-blanco\/","title":{"rendered":"Aplique Globo PVC (25) de Pared de Jard\u00edn Exterior Decorativo Antivandalismo 2 Luces &#8211; Apto Led (E27)"},"content":{"rendered":"<p>Aplique Globo PVC (25) de Pared de Jard\u00edn Exterior Decorativo Antivandalismo 2 Luces &#8211; Apto Led (E27) &#8211; Colores: Blanco, Negro. Con Vidrio Opal \u00f3 Transparente.<\/p>\n<p>** NO INCLUYE LAMPARA **<\/p>\n<p>DESCRIPCI\u00d3N DEL PRODUCTO:<\/p>\n<p>PINTURA: Proceso de Pintado Electrost\u00e1tico con Pintura Epoxi &#8211; Pintura Secada a Fuego y Horneada.<\/p>\n<p>Tipo de luminaria: aplique de exterior.<\/p>\n<p>Sistema \u00f3ptico: 2 Globos esf\u00e9ricos anti-vandalismo de polietileno de alta densidad con aditivo Anti-UV. Opal \u00f3 Transparente.<\/p>\n<p>Montaje est\u00e1ndar y decorativos para jardines y plazas.<\/p>\n<p>Distribuci\u00f3n de luz: directa &#8211; sim\u00e9trica<\/p>\n<p>Medida Globos: Di\u00e1metro 25 Cm.<\/p>\n<p>Resistente al mal uso, vandalismo e incluso granizadas.<\/p>\n<p>Con portal\u00e1mpara E27 (sin l\u00e1mpara)<\/p>\n<p>Alimentaci\u00f3n: 220v<\/p>\n<p>Capacidad de focos: 2<\/p>\n<p>Tipos de fuentes de luz: LED &#8211; BAJO CONSUMO<\/p>\n<p>Grado de protecci\u00f3n IP44<\/p>\n<p>Las fotos son ilustrativas, se entrega el modelo dependiendo de la disponibilidad.<\/p>\n<p>&#8212;&#8212;&#8212;&#8212;&#8212;&#8212;&#8212;&#8212;&#8212;&#8212;&#8211;MARCAFEDE&#8212;&#8212;&#8212;&#8212;&#8212;&#8212;&#8212;&#8212;&#8212;&#8212;&#8211;<\/p>\n<p>ILUMINACION &#8211; ACCESORIOS &#8211; ELECTRONICA &#8211; CCTV &#8211; DISE\u00d1O WEB &#8211; ALARMAS &#8211; CAMARAS<\/p>\n<p>VEA TODOS LOS PRODUCTOS<\/p>\n<p>TODOS LOS PRODUCTOS AQUI: https:\/\/eshops.mercadolibre.com.ar\/MARCAFEDE<\/p>\n<p>FORMAS DE PAGO:<\/p>\n<p>* A trav\u00e9s de Mercado Pago con:<br \/>\n&#8211; Tarjeta de cr\u00e9dito<br \/>\n&#8211; Tarjeta de d\u00e9bito<br \/>\n* Efectivo en nuestro Showroom (Dep\u00f3sito)<br \/>\n* Dep\u00f3sito o transferencia bancaria<\/p>\n<p>FORMAS DE ENV\u00cdO<\/p>\n<p>* Realizamos env\u00edos a todo el pa\u00eds por:<br \/>\n&#8211; Mercado env\u00edos<br \/>\n&#8211; OCA o Correo Argentino<br \/>\n&#8211; Micro a la sucursal<br \/>\n&#8211; V\u00eda Cargo<br \/>\n&#8211; Bus Pack<br \/>\n&#8211; Cruz del Sur<br \/>\n&#8211; Moto a domicilio<br \/>\n&#8211; Puede retirar en nuestro dep\u00f3sito<br \/>\n&#8211; o por el medio que sea de su preferencia<\/p>\n<p>GARANT\u00cdA<\/p>\n<p>Iluminaci\u00f3n MarcaFede brinda garant\u00eda de 6 meses por defectos de fabricaci\u00f3n que provee el fabricante o importador, la misma queda<br \/>\nsin efecto por mal uso o roturas por agentes externos como por ejemplo mal trato del transporte indicado por el comprador.<br \/>\nEn todos los casos la mercader\u00eda debe ser remitida al servicio t\u00e9cnico, el producto debe conservar su embalaje original con accesorios completos.<br \/>\nTODOS LOS GASTOS DEL TRASLADO CORREN POR CUENTA DEL COMPRADOR SIN EXCEPCION.<\/p>\n<p>HACEMOS FACTURA A<\/p>\n<p>UBICACI\u00d3N<\/p>\n<p>Estamos a 4 y 8 cuadras de Estaci\u00f3n Lan\u00fas Oeste.<br \/>\nNO TENEMOS LOCAL DE VENTA A LA CALLE.<br \/>\nLos retiros pueden realizarse en los siguientes horarios, con previo aviso.<br \/>\nA 4 Cuadras por la tarde de 16 a 19 hs.<br \/>\nA 8 Cuadras por la ma\u00f1ana de 9:30 a 14 Hs.<br \/>\nLos d\u00edas S\u00e1bados coordinar horario y lugar<\/p>\n","protected":false},"excerpt":{"rendered":"<p>Aplique Globo PVC (25) de Pared de Jard\u00edn Exterior Decorativo Antivandalismo 2 Luces &#8211; Apto Led (E27) &#8211; Colores: Blanco, Negro. Con Vidrio Opal \u00f3 Transparente. ** NO INCLUYE LAMPARA ** DESCRIPCI\u00d3N DEL PRODUCTO: PINTURA: Proceso de Pintado Electrost\u00e1tico con Pintura Epoxi &#8211; Pintura Secada a Fuego y Horneada. Tipo de luminaria: aplique de exterior. [&hellip;]<\/p>\n","protected":false},"featured_media":41501,"template":"","meta":[],"product_brand":[],"product_cat":[104,30],"product_tag":[],"class_list":{"0":"post-19284","1":"product","2":"type-product","3":"status-publish","4":"has-post-thumbnail","6":"product_cat-globos-jardin","7":"product_cat-marcafede","9":"first","10":"instock","11":"taxable","12":"shipping-taxable","13":"purchasable","14":"product-type-variable"},"jetpack_sharing_enabled":true,"_links":{"self":[{"href":"https:\/\/marcafede.com.ar\/iluminacion\/wp-json\/wp\/v2\/product\/19284","targetHints":{"allow":["GET"]}}],"collection":[{"href":"https:\/\/marcafede.com.ar\/iluminacion\/wp-json\/wp\/v2\/product"}],"about":[{"href":"https:\/\/marcafede.com.ar\/iluminacion\/wp-json\/wp\/v2\/types\/product"}],"wp:featuredmedia":[{"embeddable":true,"href":"https:\/\/marcafede.com.ar\/iluminacion\/wp-json\/wp\/v2\/media\/41501"}],"wp:attachment":[{"href":"https:\/\/marcafede.com.ar\/iluminacion\/wp-json\/wp\/v2\/media?parent=19284"}],"wp:term":[{"taxonomy":"product_brand","embeddable":true,"href":"https:\/\/marcafede.com.ar\/iluminacion\/wp-json\/wp\/v2\/product_brand?post=19284"},{"taxonomy":"product_cat","embeddable":true,"href":"https:\/\/marcafede.com.ar\/iluminacion\/wp-json\/wp\/v2\/product_cat?post=19284"},{"taxonomy":"product_tag","embeddable":true,"href":"https:\/\/marcafede.com.ar\/iluminacion\/wp-json\/wp\/v2\/product_tag?post=19284"}],"curies":[{"name":"wp","href":"https:\/\/api.w.org\/{rel}","templated":true}]}}