{"id":21786,"date":"2021-07-31T10:30:19","date_gmt":"2021-07-31T13:30:19","guid":{"rendered":"https:\/\/marcafede.com.ar\/iluminacion\/?post_type=product&#038;p=21786"},"modified":"2025-10-05T18:08:43","modified_gmt":"2025-10-05T21:08:43","slug":"guirnalda-5-mts-5-luces-tipo-kermesse-negra","status":"publish","type":"product","link":"https:\/\/marcafede.com.ar\/iluminacion\/producto\/guirnalda-5-mts-5-luces-tipo-kermesse-negra\/","title":{"rendered":"Guirnalda Tipo Kermesse 10 Metros 20 Portal\u00e1mparas y 20 L\u00e1mparas Incandescentes con Ficha de Conexi\u00f3n y Tecla de Encendido &#8211; Apta Led (E27)"},"content":{"rendered":"<p>Guirnalda Tipo Kermesse 10 Metros 20 Portal\u00e1mparas y 20 L\u00e1mparas Incandescentes con Ficha de Conexi\u00f3n y Tecla de Encendido &#8211; Apta Led (E27) &#8211; Colores: Negro, Blanco.<\/p>\n<p>** INCLUYE LAMPARAS INCANDESCENTES**<\/p>\n<p>**FICHA DE CONEXI\u00d3N Y TECLA DE ENCENDIDO**<\/p>\n<p>NOTA IMPORTANTE:<\/p>\n<p>Evitar exposiciones prolongadas a lluvias fuertes y contacto directo con el agua.<br \/>\nColgar utilizando el gancho del capuch\u00f3n. No colgar directamente del cable.<\/p>\n<p>Portal\u00e1mparas Pl\u00e1sticos E27 &#8211; Conexi\u00f3n de Tornillo y Tuerca y Prensacable de Sujeci\u00f3n.<\/p>\n<p>Largo de 10 Mts.<\/p>\n<p>Cantidad de Portal\u00e1mparas: 20<\/p>\n<p>Cantidad de L\u00e1mparas Incandescentes: 20<\/p>\n<p>Watts 60W m\u00e1x., por portal\u00e1mpara<\/p>\n<p>Alimentaci\u00f3n 220Vca 50Hz<br \/>\nClase Clase II<br \/>\nHermeticidad IP44<br \/>\nCorriente M\u00e1xima Potencia 10A<\/p>\n<p><iframe loading=\"lazy\" title=\"Video Guirnalda 2020 12 22\" width=\"980\" height=\"735\" src=\"https:\/\/www.youtube.com\/embed\/1SLuXXi1KV8?feature=oembed\" frameborder=\"0\" allow=\"accelerometer; autoplay; clipboard-write; encrypted-media; gyroscope; picture-in-picture; web-share\" referrerpolicy=\"strict-origin-when-cross-origin\" allowfullscreen><\/iframe><\/p>\n<p>&#8212;&#8212;&#8212;&#8212;&#8212;&#8212;&#8212;&#8212;&#8212;&#8212;&#8211;MARCAFEDE&#8212;&#8212;&#8212;&#8212;&#8212;&#8212;&#8212;&#8212;&#8212;&#8212;&#8211;<\/p>\n<p>ILUMINACION &#8211; ACCESORIOS &#8211; ELECTRONICA &#8211; CCTV &#8211; DISE\u00d1O WEB &#8211; ALARMAS &#8211; CAMARAS<\/p>\n<p>VEA TODOS LOS PRODUCTOS<\/p>\n<p>TODOS LOS PRODUCTOS AQUI: https:\/\/eshops.mercadolibre.com.ar\/MARCAFEDE<\/p>\n<p>FORMAS DE PAGO:<\/p>\n<p>* A trav\u00e9s de Mercado Pago con:<br \/>\n&#8211; Tarjeta de cr\u00e9dito<br \/>\n&#8211; Tarjeta de d\u00e9bito<br \/>\n* Efectivo en nuestro Showroom (Dep\u00f3sito)<br \/>\n* Dep\u00f3sito o transferencia bancaria<\/p>\n<p>FORMAS DE ENV\u00cdO<\/p>\n<p>* Realizamos env\u00edos a todo el pa\u00eds por:<br \/>\n&#8211; Mercado env\u00edos<br \/>\n&#8211; OCA o Correo Argentino<br \/>\n&#8211; Micro a la sucursal<br \/>\n&#8211; V\u00eda Cargo<br \/>\n&#8211; Bus Pack<br \/>\n&#8211; Cruz del Sur<br \/>\n&#8211; Moto a domicilio<br \/>\n&#8211; Puede retirar en nuestro dep\u00f3sito<br \/>\n&#8211; o por el medio que sea de su preferencia<\/p>\n<p>GARANT\u00cdA<\/p>\n<p>Iluminaci\u00f3n MarcaFede brinda garant\u00eda de 6 meses por defectos de fabricaci\u00f3n que provee el fabricante o importador, la misma queda<br \/>\nsin efecto por mal uso o roturas por agentes externos como por ejemplo mal trato del transporte indicado por el comprador.<br \/>\nEn todos los casos la mercader\u00eda debe ser remitida al servicio t\u00e9cnico, el producto debe conservar su embalaje original con accesorios completos.<br \/>\nTODOS LOS GASTOS DEL TRASLADO CORREN POR CUENTA DEL COMPRADOR SIN EXCEPCION.<\/p>\n<p>HACEMOS FACTURA A<\/p>\n<p>UBICACI\u00d3N<\/p>\n<p>Estamos a 4 y 8 cuadras de Estaci\u00f3n Lan\u00fas Oeste.<br \/>\nNO TENEMOS LOCAL DE VENTA A LA CALLE.<br \/>\nLos retiros pueden realizarse en los siguientes horarios, con previo aviso.<br \/>\nA 4 Cuadras por la tarde de 16 a 19 hs.<br \/>\nA 8 Cuadras por la ma\u00f1ana de 9:30 a 14 Hs.<br \/>\nLos d\u00edas S\u00e1bados coordinar horario y lugar<\/p>\n","protected":false},"excerpt":{"rendered":"<p>Guirnalda Tipo Kermesse 10 Metros 20 Portal\u00e1mparas y 20 L\u00e1mparas Incandescentes con Ficha de Conexi\u00f3n y Tecla de Encendido &#8211; Apta Led (E27) &#8211; Colores: Negro, Blanco. ** INCLUYE LAMPARAS INCANDESCENTES** **FICHA DE CONEXI\u00d3N Y TECLA DE ENCENDIDO** NOTA IMPORTANTE: Evitar exposiciones prolongadas a lluvias fuertes y contacto directo con el agua. Colgar utilizando el [&hellip;]<\/p>\n","protected":false},"featured_media":41583,"template":"","meta":[],"product_brand":[],"product_cat":[73,30],"product_tag":[],"class_list":{"0":"post-21786","1":"product","2":"type-product","3":"status-publish","4":"has-post-thumbnail","6":"product_cat-guirnaldas","7":"product_cat-marcafede","9":"first","10":"instock","11":"taxable","12":"shipping-taxable","13":"purchasable","14":"product-type-variable"},"jetpack_sharing_enabled":true,"_links":{"self":[{"href":"https:\/\/marcafede.com.ar\/iluminacion\/wp-json\/wp\/v2\/product\/21786","targetHints":{"allow":["GET"]}}],"collection":[{"href":"https:\/\/marcafede.com.ar\/iluminacion\/wp-json\/wp\/v2\/product"}],"about":[{"href":"https:\/\/marcafede.com.ar\/iluminacion\/wp-json\/wp\/v2\/types\/product"}],"wp:featuredmedia":[{"embeddable":true,"href":"https:\/\/marcafede.com.ar\/iluminacion\/wp-json\/wp\/v2\/media\/41583"}],"wp:attachment":[{"href":"https:\/\/marcafede.com.ar\/iluminacion\/wp-json\/wp\/v2\/media?parent=21786"}],"wp:term":[{"taxonomy":"product_brand","embeddable":true,"href":"https:\/\/marcafede.com.ar\/iluminacion\/wp-json\/wp\/v2\/product_brand?post=21786"},{"taxonomy":"product_cat","embeddable":true,"href":"https:\/\/marcafede.com.ar\/iluminacion\/wp-json\/wp\/v2\/product_cat?post=21786"},{"taxonomy":"product_tag","embeddable":true,"href":"https:\/\/marcafede.com.ar\/iluminacion\/wp-json\/wp\/v2\/product_tag?post=21786"}],"curies":[{"name":"wp","href":"https:\/\/api.w.org\/{rel}","templated":true}]}}