{"id":22371,"date":"2021-09-26T13:55:47","date_gmt":"2021-09-26T16:55:47","guid":{"rendered":"https:\/\/marcafede.com.ar\/iluminacion\/?post_type=product&#038;p=22371"},"modified":"2025-09-30T19:35:02","modified_gmt":"2025-09-30T22:35:02","slug":"colgante-campana-galponera-1-luz-vintage-apto-led-e27-negra","status":"publish","type":"product","link":"https:\/\/marcafede.com.ar\/iluminacion\/producto\/colgante-campana-galponera-1-luz-vintage-apto-led-e27-negra\/","title":{"rendered":"Colgante Campana Chapa 25 Cm 1 Luz Vintage Metalizado &#8211; Apto Led (E27)"},"content":{"rendered":"<p>Colgante Campana Chapa 25 Cm 1 Luz Vintage Metalizado &#8211; Apto Led (E27):\u00a0 Cobre Brillante, Cobre Viejo, Cromado, Dorado.<\/p>\n<p>** NO INCLUYE LAMPARA **<\/p>\n<p>CARACTERISTICAS:<\/p>\n<p>Portal\u00e1mparas: E27<\/p>\n<p>Material: Chapa<\/p>\n<p>MEDIDAS:<br \/>\nCampana: Alto = 17,50 cm. &#8211; Di\u00e1metro = 25 cm.<\/p>\n<p>Cable de 90 cm regulable en altura con Flor\u00f3n y prensa cable<\/p>\n<p>Las fotos son ilustrativas, se entrega el modelo dependiendo de la disponibilidad.<\/p>\n<p>&#8212;&#8212;&#8212;&#8212;&#8212;&#8212;&#8212;&#8212;&#8212;MARCAFEDE&#8212;&#8212;&#8212;&#8212;&#8212;&#8212;&#8212;&#8212;&#8212;&#8211;<\/p>\n<p>ILUMINACION &#8211; ACCESORIOS &#8211; ELECTRONICA &#8211; CCTV &#8211; DISE\u00d1O WEB &#8211; ALARMAS &#8211; CAMARAS<\/p>\n<p>VEA TODOS LOS PRODUCTOS<\/p>\n<p>TODOS LOS PRODUCTOS AQUI: https:\/\/eshops.mercadolibre.com.ar\/MARCAFEDE<br \/>\nFORMAS DE PAGO:<\/p>\n<p>* A trav\u00e9s de Mercado Pago con:<br \/>\n&#8211; Tarjeta de cr\u00e9dito<br \/>\n&#8211; Tarjeta de d\u00e9bito<br \/>\n* Dep\u00f3sito o transferencia bancaria<\/p>\n<p>FORMAS DE ENV\u00cdO<\/p>\n<p>* Realizamos env\u00edos a todo el pa\u00eds por:<br \/>\n&#8211; Mercado env\u00edos<br \/>\n&#8211; OCA o Correo Argentino<br \/>\n&#8211; Micro a la sucursal<br \/>\n&#8211; V\u00eda Cargo<br \/>\n&#8211; Bus Pack<br \/>\n&#8211; Cruz del Sur<br \/>\n&#8211; Moto a domicilio<br \/>\n&#8211; Puede retirar en nuestro dep\u00f3sito<br \/>\n&#8211; o por el medio que sea de su preferencia<\/p>\n<p>GARANT\u00cdA<\/p>\n<p>Iluminaci\u00f3n MarcaFede brinda garant\u00eda de 6 meses por defectos de fabricaci\u00f3n que provee el fabricante o importador, la misma queda<br \/>\nsin efecto por mal uso o roturas por agentes externos como por ejemplo mal trato del transporte indicado por el comprador.<br \/>\nEn todos los casos la mercader\u00eda debe ser remitida al servicio t\u00e9cnico, el producto debe conservar su embalaje original con accesorios completos.<br \/>\nTODOS LOS GASTOS DEL TRASLADO CORREN POR CUENTA DEL COMPRADOR SIN EXCEPCION.<\/p>\n<p>HACEMOS FACTURA A<\/p>\n<p>UBICACI\u00d3N<\/p>\n<p>Estamos a 4 y 8 cuadras de Estaci\u00f3n Lan\u00fas Oeste.<br \/>\nNO TENEMOS LOCAL DE VENTA A LA CALLE.<br \/>\nLos retiros pueden realizarse en los siguientes horarios, con previo aviso.<br \/>\nA 4 Cuadras por la tarde de 16 a 19 hs.<br \/>\nA 8 Cuadras por la ma\u00f1ana de 9:30 a 14 Hs.<br \/>\nLos d\u00edas S\u00e1bados coordinar horario<\/p>\n","protected":false},"excerpt":{"rendered":"<p>Colgante Campana Chapa 25 Cm 1 Luz Vintage Metalizado &#8211; Apto Led (E27):\u00a0 Cobre Brillante, Cobre Viejo, Cromado, Dorado. ** NO INCLUYE LAMPARA ** CARACTERISTICAS: Portal\u00e1mparas: E27 Material: Chapa MEDIDAS: Campana: Alto = 17,50 cm. &#8211; Di\u00e1metro = 25 cm. Cable de 90 cm regulable en altura con Flor\u00f3n y prensa cable Las fotos son [&hellip;]<\/p>\n","protected":false},"featured_media":31857,"template":"","meta":[],"product_brand":[],"product_cat":[84,30],"product_tag":[],"class_list":{"0":"post-22371","1":"product","2":"type-product","3":"status-publish","4":"has-post-thumbnail","6":"product_cat-colgantes-campana","7":"product_cat-marcafede","9":"first","10":"instock","11":"taxable","12":"shipping-taxable","13":"purchasable","14":"product-type-variable"},"jetpack_sharing_enabled":true,"_links":{"self":[{"href":"https:\/\/marcafede.com.ar\/iluminacion\/wp-json\/wp\/v2\/product\/22371","targetHints":{"allow":["GET"]}}],"collection":[{"href":"https:\/\/marcafede.com.ar\/iluminacion\/wp-json\/wp\/v2\/product"}],"about":[{"href":"https:\/\/marcafede.com.ar\/iluminacion\/wp-json\/wp\/v2\/types\/product"}],"wp:featuredmedia":[{"embeddable":true,"href":"https:\/\/marcafede.com.ar\/iluminacion\/wp-json\/wp\/v2\/media\/31857"}],"wp:attachment":[{"href":"https:\/\/marcafede.com.ar\/iluminacion\/wp-json\/wp\/v2\/media?parent=22371"}],"wp:term":[{"taxonomy":"product_brand","embeddable":true,"href":"https:\/\/marcafede.com.ar\/iluminacion\/wp-json\/wp\/v2\/product_brand?post=22371"},{"taxonomy":"product_cat","embeddable":true,"href":"https:\/\/marcafede.com.ar\/iluminacion\/wp-json\/wp\/v2\/product_cat?post=22371"},{"taxonomy":"product_tag","embeddable":true,"href":"https:\/\/marcafede.com.ar\/iluminacion\/wp-json\/wp\/v2\/product_tag?post=22371"}],"curies":[{"name":"wp","href":"https:\/\/api.w.org\/{rel}","templated":true}]}}