{"id":29206,"date":"2023-08-31T20:41:58","date_gmt":"2023-08-31T23:41:58","guid":{"rendered":"https:\/\/marcafede.com.ar\/iluminacion\/?post_type=product&#038;p=29206"},"modified":"2025-10-24T20:59:12","modified_gmt":"2025-10-24T23:59:12","slug":"farol-colonial-pacific-1-luz-fundicion-aluminio-para-intemperie","status":"publish","type":"product","link":"https:\/\/marcafede.com.ar\/iluminacion\/producto\/farol-colonial-pacific-1-luz-fundicion-aluminio-para-intemperie\/","title":{"rendered":"Farol Colonial Pacific Fundici\u00f3n Aluminio 1 Luz &#8211; Apto Led (E27)"},"content":{"rendered":"<p>Farol Colonial Pacific 1 Luz Fundici\u00f3n Aluminio para Intemperie &#8211; Colores: Blanco, Negro, Crudo.<\/p>\n<p>Material del farol: Fundici\u00f3n de aluminio y Vidrio Transparente \u00f3 Transl\u00facido.<\/p>\n<p>Proceso de Pintado electrost\u00e1tico con pintura Epoxi Pintura Secada a Fuego y Horneada.<\/p>\n<p>CRUDO: Aluminio al natural, sin tratamiento, R\u00fastico, Color Gris Aluminio.<\/p>\n<p>** NO INCLUYE LAMPARA **<\/p>\n<p>Portal\u00e1mpara: E27<\/p>\n<p>Medidas: Altura: 38 cm &#8211; Ancho: 22 cm &#8211; Profundidad: 11 cm<\/p>\n<p>Las fotos son ilustrativas, se entrega el modelo dependiendo de la disponibilidad.<\/p>\n<p>&#8212;&#8212;&#8212;&#8212;&#8212;&#8212;&#8212;&#8212;&#8212;&#8212;&#8211;MARCAFEDE&#8212;&#8212;&#8212;&#8212;&#8212;&#8212;&#8212;&#8212;&#8212;&#8212;&#8211; <\/p>\n<p>ILUMINACION &#8211; ACCESORIOS &#8211; ELECTRONICA &#8211; CCTV &#8211; DISE\u00d1O WEB &#8211; ALARMAS &#8211; CAMARAS<\/p>\n<p>VEA TODOS LOS PRODUCTOS AQUI:<br \/>\nhttps:\/\/www.mercadolibre.com.ar\/pagina\/marcafede<\/p>\n<p>FORMAS DE PAGO: <\/p>\n<p>* A trav\u00e9s de Mercado Pago con:<br \/>\n&#8211; Tarjeta de cr\u00e9dito<br \/>\n&#8211; Tarjeta de d\u00e9bito<br \/>\n* Efectivo en nuestro Showroom (Dep\u00f3sito)<br \/>\n* Dep\u00f3sito o transferencia bancaria <\/p>\n<p>FORMAS DE ENV\u00cdO <\/p>\n<p>* Realizamos env\u00edos a todo el pa\u00eds por:<br \/>\n&#8211; Mercado env\u00edos<br \/>\n&#8211; OCA o Correo Argentino<br \/>\n&#8211; Micro a la sucursal<br \/>\n&#8211; V\u00eda Cargo<br \/>\n&#8211; Bus Pack<br \/>\n&#8211; Cruz del Sur<br \/>\n&#8211; Moto a domicilio<br \/>\n&#8211; Puede retirar en nuestro dep\u00f3sito<br \/>\n&#8211; o por el medio que sea de su preferencia <\/p>\n<p>GARANT\u00cdA <\/p>\n<p>MarcaFede brinda garant\u00eda de 6 meses por defectos de fabricaci\u00f3n que provee el fabricante o importador, la misma queda<br \/>\nsin efecto por mal uso o roturas por agentes externos como por ejemplo mal trato del transporte indicado por el comprador.<br \/>\nEn todos los casos la mercader\u00eda debe ser remitida al servicio t\u00e9cnico, el producto debe conservar su embalaje original con accesorios completos.<br \/>\nTODOS LOS GASTOS DEL TRASLADO CORREN POR CUENTA DEL COMPRADOR SIN EXCEPCION. <\/p>\n<p>HACEMOS FACTURA A<\/p>\n<p>UBICACI\u00d3N <\/p>\n<p>Estamos a 4 y 8 cuadras de Estaci\u00f3n Lan\u00fas Oeste.<br \/>\nNO TENEMOS LOCAL DE VENTA A LA CALLE.<br \/>\nLos retiros pueden realizarse en los siguientes horarios, con previo aviso.<br \/>\nA 4 Cuadras por la tarde de 16 a 19 hs.<br \/>\nA 8 Cuadras por la ma\u00f1ana de 9:30 a 14 Hs.<br \/>\nLos d\u00edas S\u00e1bados coordinar horario y lugar<\/p>\n","protected":false},"excerpt":{"rendered":"<p>Farol Colonial Pacific 1 Luz Fundici\u00f3n Aluminio para Intemperie &#8211; Colores: Blanco, Negro, Crudo. Material del farol: Fundici\u00f3n de aluminio y Vidrio Transparente \u00f3 Transl\u00facido. Proceso de Pintado electrost\u00e1tico con pintura Epoxi Pintura Secada a Fuego y Horneada. CRUDO: Aluminio al natural, sin tratamiento, R\u00fastico, Color Gris Aluminio. ** NO INCLUYE LAMPARA ** Portal\u00e1mpara: E27 [&hellip;]<\/p>\n","protected":false},"featured_media":43179,"template":"","meta":[],"product_brand":[],"product_cat":[98,30],"product_tag":[],"class_list":{"0":"post-29206","1":"product","2":"type-product","3":"status-publish","4":"has-post-thumbnail","6":"product_cat-farolfundicion","7":"product_cat-marcafede","9":"first","10":"instock","11":"taxable","12":"shipping-taxable","13":"purchasable","14":"product-type-variable","15":"has-default-attributes"},"jetpack_sharing_enabled":true,"_links":{"self":[{"href":"https:\/\/marcafede.com.ar\/iluminacion\/wp-json\/wp\/v2\/product\/29206","targetHints":{"allow":["GET"]}}],"collection":[{"href":"https:\/\/marcafede.com.ar\/iluminacion\/wp-json\/wp\/v2\/product"}],"about":[{"href":"https:\/\/marcafede.com.ar\/iluminacion\/wp-json\/wp\/v2\/types\/product"}],"wp:featuredmedia":[{"embeddable":true,"href":"https:\/\/marcafede.com.ar\/iluminacion\/wp-json\/wp\/v2\/media\/43179"}],"wp:attachment":[{"href":"https:\/\/marcafede.com.ar\/iluminacion\/wp-json\/wp\/v2\/media?parent=29206"}],"wp:term":[{"taxonomy":"product_brand","embeddable":true,"href":"https:\/\/marcafede.com.ar\/iluminacion\/wp-json\/wp\/v2\/product_brand?post=29206"},{"taxonomy":"product_cat","embeddable":true,"href":"https:\/\/marcafede.com.ar\/iluminacion\/wp-json\/wp\/v2\/product_cat?post=29206"},{"taxonomy":"product_tag","embeddable":true,"href":"https:\/\/marcafede.com.ar\/iluminacion\/wp-json\/wp\/v2\/product_tag?post=29206"}],"curies":[{"name":"wp","href":"https:\/\/api.w.org\/{rel}","templated":true}]}}