{"id":31745,"date":"2023-12-11T21:31:07","date_gmt":"2023-12-12T00:31:07","guid":{"rendered":"https:\/\/marcafede.com.ar\/iluminacion\/?post_type=product&#038;p=31745"},"modified":"2025-09-30T12:54:45","modified_gmt":"2025-09-30T15:54:45","slug":"colgante-jaula-diamante-piramidal-hexagonal-doble-apto-led-e2","status":"publish","type":"product","link":"https:\/\/marcafede.com.ar\/iluminacion\/producto\/colgante-jaula-diamante-piramidal-hexagonal-doble-apto-led-e2\/","title":{"rendered":"Colgante Jaula Diamante Piramidal Hexagonal Doble &#8211; Apto Led (E2)"},"content":{"rendered":"<p>Colgante Jaula Diamante Piramidal Hexagonal Doble &#8211; Apto Led (E2) &#8211; Colores: Negro, Blanco.<\/p>\n<p>LAMPARAS COLGANTES DE HIERRO ORBITAL<\/p>\n<p>APTA LAMPARAS LED y LED DIMERIZABLE<\/p>\n<p>** NO INCLUYE LAMPARAS **<\/p>\n<p>Proceso de Pintado Electrost\u00e1tico con Pintura Epoxi &#8211; Pintura Secada a Fuego y Horneada.<\/p>\n<p>Especificaciones:<\/p>\n<p>&#8211; Medidas aproximadas:<\/p>\n<p>Diametro aro superior: 5cm.<br \/>\nAltura Total: 37 cm<br \/>\nLado hex\u00e1gono: 15 cm<br \/>\nAncho total: 38 cm<\/p>\n<p>&#8211; Material: Alambre de Acero<\/p>\n<p>&#8211; Cable: Tipo Taller<\/p>\n<p>&#8211; Porta Lampara E27: apto LED y apta LED Dimerizable<\/p>\n<p>&#8211; Alimentaci\u00f3n: 220<\/p>\n<p>&#8211; Flor\u00f3n con 1 Mt. de cable regulable<\/p>\n<p>&#8211; Listo para instalar<\/p>\n<p>&#8211; Aplicaciones: Cocinas, Comedores, Livings, Barras, Bares, Cervecer\u00edas, Resto.<br \/>\nIdeal para uso en quinchos, sobre barras, cervecer\u00edas, restaurantes, cocinas.<\/p>\n<p>Las fotos son ilustrativas, se entrega el modelo dependiendo de la disponibilidad.<\/p>\n<p>&#8212;&#8212;&#8212;&#8212;&#8212;&#8212;&#8212;&#8212;&#8212;&#8212;&#8211;MARCAFEDE&#8212;&#8212;&#8212;&#8212;&#8212;&#8212;&#8212;&#8212;&#8212;&#8212;&#8211;<\/p>\n<p>ILUMINACION &#8211; ACCESORIOS &#8211; ELECTRONICA &#8211; CCTV &#8211; DISE\u00d1O WEB &#8211; ALARMAS &#8211; CAMARAS<\/p>\n<p>VEA TODOS LOS PRODUCTOS<\/p>\n<p>TODOS LOS PRODUCTOS AQUI: https:\/\/eshops.mercadolibre.com.ar\/MARCAFEDE<\/p>\n<p>FORMAS DE PAGO:<\/p>\n<p>* A trav\u00e9s de Mercado Pago con:<br \/>\n&#8211; Tarjeta de cr\u00e9dito<br \/>\n&#8211; Tarjeta de d\u00e9bito<br \/>\n* Efectivo en nuestro Showroom (Dep\u00f3sito)<br \/>\n* Dep\u00f3sito o transferencia bancaria<\/p>\n<p>FORMAS DE ENV\u00cdO<\/p>\n<p>* Realizamos env\u00edos a todo el pa\u00eds por:<br \/>\n&#8211; Mercado env\u00edos<br \/>\n&#8211; OCA o Correo Argentino<br \/>\n&#8211; Micro a la sucursal<br \/>\n&#8211; V\u00eda Cargo<br \/>\n&#8211; Bus Pack<br \/>\n&#8211; Cruz del Sur<br \/>\n&#8211; Moto a domicilio<br \/>\n&#8211; Puede retirar en nuestro dep\u00f3sito<br \/>\n&#8211; o por el medio que sea de su preferencia<\/p>\n<p>GARANT\u00cdA<\/p>\n<p>Iluminaci\u00f3n MarcaFede brinda garant\u00eda de 6 meses por defectos de fabricaci\u00f3n que provee el fabricante o importador, la misma queda<br \/>\nsin efecto por mal uso o roturas por agentes externos como por ejemplo mal trato del transporte indicado por el comprador.<br \/>\nEn todos los casos la mercader\u00eda debe ser remitida al servicio t\u00e9cnico, el producto debe conservar su embalaje original con accesorios completos.<br \/>\nTODOS LOS GASTOS DEL TRASLADO CORREN POR CUENTA DEL COMPRADOR SIN EXCEPCION.<\/p>\n<p>HACEMOS FACTURA A<\/p>\n<p>UBICACI\u00d3N<\/p>\n<p>Estamos a 4 y 8 cuadras de Estaci\u00f3n Lan\u00fas Oeste.<br \/>\nNO TENEMOS LOCAL DE VENTA A LA CALLE.<br \/>\nLos retiros pueden realizarse en los siguientes horarios, con previo aviso.<br \/>\nA 4 Cuadras por la tarde de 16 a 19 hs.<br \/>\nA 8 Cuadras por la ma\u00f1ana de 9:30 a 14 Hs.<br \/>\nLos d\u00edas S\u00e1bados coordinar horario y lugar<\/p>\n","protected":false},"excerpt":{"rendered":"<p>Colgante Jaula Diamante Piramidal Hexagonal Doble &#8211; Apto Led (E2) &#8211; Colores: Negro, Blanco. LAMPARAS COLGANTES DE HIERRO ORBITAL APTA LAMPARAS LED y LED DIMERIZABLE ** NO INCLUYE LAMPARAS ** Proceso de Pintado Electrost\u00e1tico con Pintura Epoxi &#8211; Pintura Secada a Fuego y Horneada. Especificaciones: &#8211; Medidas aproximadas: Diametro aro superior: 5cm. Altura Total: 37 [&hellip;]<\/p>\n","protected":false},"featured_media":31754,"template":"","meta":[],"product_brand":[],"product_cat":[83,30],"product_tag":[],"class_list":{"0":"post-31745","1":"product","2":"type-product","3":"status-publish","4":"has-post-thumbnail","6":"product_cat-colgantes-orbitales","7":"product_cat-marcafede","9":"first","10":"instock","11":"taxable","12":"shipping-taxable","13":"purchasable","14":"product-type-variable"},"jetpack_sharing_enabled":true,"_links":{"self":[{"href":"https:\/\/marcafede.com.ar\/iluminacion\/wp-json\/wp\/v2\/product\/31745","targetHints":{"allow":["GET"]}}],"collection":[{"href":"https:\/\/marcafede.com.ar\/iluminacion\/wp-json\/wp\/v2\/product"}],"about":[{"href":"https:\/\/marcafede.com.ar\/iluminacion\/wp-json\/wp\/v2\/types\/product"}],"wp:featuredmedia":[{"embeddable":true,"href":"https:\/\/marcafede.com.ar\/iluminacion\/wp-json\/wp\/v2\/media\/31754"}],"wp:attachment":[{"href":"https:\/\/marcafede.com.ar\/iluminacion\/wp-json\/wp\/v2\/media?parent=31745"}],"wp:term":[{"taxonomy":"product_brand","embeddable":true,"href":"https:\/\/marcafede.com.ar\/iluminacion\/wp-json\/wp\/v2\/product_brand?post=31745"},{"taxonomy":"product_cat","embeddable":true,"href":"https:\/\/marcafede.com.ar\/iluminacion\/wp-json\/wp\/v2\/product_cat?post=31745"},{"taxonomy":"product_tag","embeddable":true,"href":"https:\/\/marcafede.com.ar\/iluminacion\/wp-json\/wp\/v2\/product_tag?post=31745"}],"curies":[{"name":"wp","href":"https:\/\/api.w.org\/{rel}","templated":true}]}}