{"id":31913,"date":"2023-12-12T12:08:22","date_gmt":"2023-12-12T15:08:22","guid":{"rendered":"https:\/\/marcafede.com.ar\/iluminacion\/?post_type=product&#038;p=31913"},"modified":"2025-09-30T20:19:05","modified_gmt":"2025-09-30T23:19:05","slug":"colgante-capuchon-de-chapa-individual-vintage-apto-led-e27","status":"publish","type":"product","link":"https:\/\/marcafede.com.ar\/iluminacion\/producto\/colgante-capuchon-de-chapa-individual-vintage-apto-led-e27\/","title":{"rendered":"Colgante Capuch\u00f3n De Chapa Individual Vintage &#8211; Apto Led (E27)"},"content":{"rendered":"<p>Colgante Capuch\u00f3n De Chapa Individual Vintage &#8211; Apto Led (E27) &#8211; Colores: Blanco, Negro.<\/p>\n<p>** NO INCLUYE LAMPARA **<\/p>\n<p>Caracter\u00edsticas:<\/p>\n<p>Proceso de Pintado Electrost\u00e1tico con Pintura Epoxi &#8211; Pintura Secada a Fuego y Horneada.<\/p>\n<p>Ideal para colocar con lamparas Deco Filamento LED, Vintage, en cocinas, Barras, livings, etc.<\/p>\n<p>Portal\u00e1mparas: E27<\/p>\n<p>Material: Chapa<\/p>\n<p>Medidas Capuch\u00f3n:<br \/>\nAlto = 6 cm.<br \/>\nDi\u00e1metro Superior = 2,50 cm.<br \/>\nDi\u00e1metro Inferior: 4,50 Cm<\/p>\n<p>Cable de 90 cm regulable en altura con Flor\u00f3n de Chapa di\u00e1metro 10 Cm. y prensa cable.<\/p>\n<p>Las fotos son ilustrativas, se entrega el modelo dependiendo de la disponibilidad.<\/p>\n<p>&#8212;&#8212;&#8212;&#8212;&#8212;&#8212;&#8212;&#8212;&#8212;MARCAFEDE&#8212;&#8212;&#8212;&#8212;&#8212;&#8212;&#8212;&#8212;&#8212;&#8211;<\/p>\n<p>ILUMINACION &#8211; ACCESORIOS &#8211; ELECTRONICA &#8211; CCTV &#8211; DISE\u00d1O WEB &#8211; ALARMAS &#8211; CAMARAS<\/p>\n<p>VEA TODOS LOS PRODUCTOS<\/p>\n<p>TODOS LOS PRODUCTOS AQUI: https:\/\/eshops.mercadolibre.com.ar\/MARCAFEDE<br \/>\nFORMAS DE PAGO:<\/p>\n<p>* A trav\u00e9s de Mercado Pago con:<br \/>\n&#8211; Tarjeta de cr\u00e9dito<br \/>\n&#8211; Tarjeta de d\u00e9bito<br \/>\n* Dep\u00f3sito o transferencia bancaria<\/p>\n<p>FORMAS DE ENV\u00cdO<\/p>\n<p>* Realizamos env\u00edos a todo el pa\u00eds por:<br \/>\n&#8211; Mercado env\u00edos<br \/>\n&#8211; OCA o Correo Argentino<br \/>\n&#8211; Micro a la sucursal<br \/>\n&#8211; V\u00eda Cargo<br \/>\n&#8211; Bus Pack<br \/>\n&#8211; Cruz del Sur<br \/>\n&#8211; Moto a domicilio<br \/>\n&#8211; Puede retirar en nuestro dep\u00f3sito<br \/>\n&#8211; o por el medio que sea de su preferencia<\/p>\n<p>GARANT\u00cdA<\/p>\n<p>Iluminaci\u00f3n MarcaFede brinda garant\u00eda de 6 meses por defectos de fabricaci\u00f3n que provee el fabricante o importador, la misma queda<br \/>\nsin efecto por mal uso o roturas por agentes externos como por ejemplo mal trato del transporte indicado por el comprador.<br \/>\nEn todos los casos la mercader\u00eda debe ser remitida al servicio t\u00e9cnico, el producto debe conservar su embalaje original con accesorios completos.<br \/>\nTODOS LOS GASTOS DEL TRASLADO CORREN POR CUENTA DEL COMPRADOR SIN EXCEPCION.<\/p>\n<p>HACEMOS FACTURA A<\/p>\n<p>UBICACI\u00d3N<\/p>\n<p>Estamos a 4 y 8 cuadras de Estaci\u00f3n Lan\u00fas Oeste.<br \/>\nNO TENEMOS LOCAL DE VENTA A LA CALLE.<br \/>\nLos retiros pueden realizarse en los siguientes horarios, con previo aviso.<br \/>\nA 4 Cuadras por la tarde de 16 a 19 hs.<br \/>\nA 8 Cuadras por la ma\u00f1ana de 9:30 a 14 Hs.<br \/>\nLos d\u00edas S\u00e1bados coordinar horario y lugar.<\/p>\n","protected":false},"excerpt":{"rendered":"<p>Colgante Capuch\u00f3n De Chapa Individual Vintage &#8211; Apto Led (E27) &#8211; Colores: Blanco, Negro. ** NO INCLUYE LAMPARA ** Caracter\u00edsticas: Proceso de Pintado Electrost\u00e1tico con Pintura Epoxi &#8211; Pintura Secada a Fuego y Horneada. Ideal para colocar con lamparas Deco Filamento LED, Vintage, en cocinas, Barras, livings, etc. Portal\u00e1mparas: E27 Material: Chapa Medidas Capuch\u00f3n: Alto [&hellip;]<\/p>\n","protected":false},"featured_media":31920,"template":"","meta":[],"product_brand":[],"product_cat":[84,30],"product_tag":[],"class_list":{"0":"post-31913","1":"product","2":"type-product","3":"status-publish","4":"has-post-thumbnail","6":"product_cat-colgantes-campana","7":"product_cat-marcafede","9":"first","10":"instock","11":"taxable","12":"shipping-taxable","13":"purchasable","14":"product-type-variable"},"jetpack_sharing_enabled":true,"_links":{"self":[{"href":"https:\/\/marcafede.com.ar\/iluminacion\/wp-json\/wp\/v2\/product\/31913","targetHints":{"allow":["GET"]}}],"collection":[{"href":"https:\/\/marcafede.com.ar\/iluminacion\/wp-json\/wp\/v2\/product"}],"about":[{"href":"https:\/\/marcafede.com.ar\/iluminacion\/wp-json\/wp\/v2\/types\/product"}],"wp:featuredmedia":[{"embeddable":true,"href":"https:\/\/marcafede.com.ar\/iluminacion\/wp-json\/wp\/v2\/media\/31920"}],"wp:attachment":[{"href":"https:\/\/marcafede.com.ar\/iluminacion\/wp-json\/wp\/v2\/media?parent=31913"}],"wp:term":[{"taxonomy":"product_brand","embeddable":true,"href":"https:\/\/marcafede.com.ar\/iluminacion\/wp-json\/wp\/v2\/product_brand?post=31913"},{"taxonomy":"product_cat","embeddable":true,"href":"https:\/\/marcafede.com.ar\/iluminacion\/wp-json\/wp\/v2\/product_cat?post=31913"},{"taxonomy":"product_tag","embeddable":true,"href":"https:\/\/marcafede.com.ar\/iluminacion\/wp-json\/wp\/v2\/product_tag?post=31913"}],"curies":[{"name":"wp","href":"https:\/\/api.w.org\/{rel}","templated":true}]}}