{"id":32109,"date":"2023-12-12T21:00:19","date_gmt":"2023-12-13T00:00:19","guid":{"rendered":"https:\/\/marcafede.com.ar\/iluminacion\/?post_type=product&#038;p=32109"},"modified":"2025-12-24T11:58:28","modified_gmt":"2025-12-24T14:58:28","slug":"globo-de-piso-50-pvc-opal-antivandalismo-con-estaca-apto-led-e27","status":"publish","type":"product","link":"https:\/\/marcafede.com.ar\/iluminacion\/producto\/globo-de-piso-50-pvc-opal-antivandalismo-con-estaca-apto-led-e27\/","title":{"rendered":"Globo Grande Piso Pvc Opal Antivandalismo (50 Cm) Con Estaca \u00f3 Base &#8211; Apto Led"},"content":{"rendered":"<p>Globo de Piso (50 Cm) con Estaca, Base Apoyo Plana \u00f3 Base Apoyo Plana con Conexi\u00f3n &#8211; PVC Opal Apto Led E-27 <\/p>\n<p>VARIACIONES:<br \/>\nEstaca con Chicote de cable<br \/>\nBase Apoyo Plana con Chicote de Cable<br \/>\nBase Apoyo Plana con Ficha macho y Tecla de encendido.<\/p>\n<p>**** NO INCLUYE L\u00c1MPARA ****<\/p>\n<p>DI\u00c1METRO: 50 cm (Tambi\u00e9n hay en 25 &#8211; 35 &#8211; 40 &#8211; 45 Cm.)<\/p>\n<p>MATERIAL: Polietileno antivand\u00e1lico con tratamiento anti UV.<\/p>\n<p>LUGAR DE MONTAJE: Piso<br \/>\nLARGO DEL CABLE: 40 Cm.<br \/>\nLARGO DEL CABLE ARMADO: 1.50 Mts.<\/p>\n<p>Caracter\u00edsticas principales:<\/p>\n<p>Tipo de l\u00e1mpara: LED<br \/>\nInstalaci\u00f3n: Piso<br \/>\nL\u00e1mpara incluida: No<\/p>\n<p>Descripci\u00f3n<br \/>\nLos Globos de suelos se pueden utilizar para iluminar sus proyectos del jard\u00edn, la piscina, los aleros, los bordes y las esquinas exteriores, la sala de exposiciones interior, la iluminaci\u00f3n de vitrinas o para crear un efecto de percepci\u00f3n.<\/p>\n<p>Con este accesorio en forma de estaca \u00f3 apoyo plano puede colocar el Globo en su jard\u00edn sobre pasto o material y lograr la iluminaci\u00f3n deseada en espacios exteriores. <\/p>\n<p>Para utilizarlo solo debe fijar el Globo a la parte superior del accesorio, luego una vez decida el espacio donde desea colocar, clave \u00f3 fije el extremo en la superficie.<\/p>\n<p>PORTALAMPARA: E-27 <\/p>\n<p>CAPACIDAD DE FOCOS: 1<\/p>\n<p>FUENTES DE LUZ: Led &#8211; Bajo Consumo<\/p>\n<p>ALIMENTACI\u00d3N: 220V<\/p>\n<p>Las fotos son ilustrativas, se entrega el modelo dependiendo de la disponibilidad.<\/p>\n<p>&#8212;&#8212;&#8212;&#8212;&#8212;&#8212;&#8212;&#8212;&#8212;&#8212;&#8211;MARCAFEDE&#8212;&#8212;&#8212;&#8212;&#8212;&#8212;&#8212;&#8212;&#8212;&#8212;&#8211; <\/p>\n<p>ILUMINACION &#8211; ACCESORIOS &#8211; ELECTRONICA &#8211; CCTV &#8211; DISE\u00d1O WEB &#8211; ALARMAS &#8211; CAMARAS<\/p>\n<p>VEA TODOS LOS PRODUCTOS AQUI:<br \/>\nhttps:\/\/www.mercadolibre.com.ar\/pagina\/marcafede<\/p>\n<p>FORMAS DE PAGO: <\/p>\n<p>* A trav\u00e9s de Mercado Pago con:<br \/>\n&#8211; Tarjeta de cr\u00e9dito<br \/>\n&#8211; Tarjeta de d\u00e9bito<br \/>\n* Efectivo en nuestro Showroom (Dep\u00f3sito)<br \/>\n* Dep\u00f3sito o transferencia bancaria <\/p>\n<p>FORMAS DE ENV\u00cdO <\/p>\n<p>* Realizamos env\u00edos a todo el pa\u00eds por:<br \/>\n&#8211; Mercado env\u00edos<br \/>\n&#8211; OCA o Correo Argentino<br \/>\n&#8211; Micro a la sucursal<br \/>\n&#8211; V\u00eda Cargo<br \/>\n&#8211; Bus Pack<br \/>\n&#8211; Cruz del Sur<br \/>\n&#8211; Moto a domicilio<br \/>\n&#8211; Puede retirar en nuestro dep\u00f3sito<br \/>\n&#8211; o por el medio que sea de su preferencia <\/p>\n<p>GARANT\u00cdA <\/p>\n<p>Iluminaci\u00f3n MarcaFede brinda garant\u00eda de 6 meses por defectos de fabricaci\u00f3n que provee el fabricante o importador, la misma queda<br \/>\nsin efecto por mal uso o roturas por agentes externos como por ejemplo mal trato del transporte indicado por el comprador.<br \/>\nEn todos los casos la mercader\u00eda debe ser remitida al servicio t\u00e9cnico, el producto debe conservar su embalaje original con accesorios completos.<br \/>\nTODOS LOS GASTOS DEL TRASLADO CORREN POR CUENTA DEL COMPRADOR SIN EXCEPCION. <\/p>\n<p>HACEMOS FACTURA A<\/p>\n<p>UBICACI\u00d3N <\/p>\n<p>Estamos a 4 y 8 cuadras de Estaci\u00f3n Lan\u00fas Oeste.<br \/>\nNO TENEMOS LOCAL DE VENTA A LA CALLE.<br \/>\nLos retiros pueden realizarse en los siguientes horarios, con previo aviso.<br \/>\nA 4 Cuadras por la tarde de 16 a 19 hs.<br \/>\nA 8 Cuadras por la ma\u00f1ana de 9:30 a 14 Hs.<br \/>\nLos d\u00edas S\u00e1bados coordinar horario y lugar<\/p>\n","protected":false},"excerpt":{"rendered":"<p>Globo de Piso (50 Cm) con Estaca, Base Apoyo Plana \u00f3 Base Apoyo Plana con Conexi\u00f3n &#8211; PVC Opal Apto Led E-27 VARIACIONES: Estaca con Chicote de cable Base Apoyo Plana con Chicote de Cable Base Apoyo Plana con Ficha macho y Tecla de encendido. **** NO INCLUYE L\u00c1MPARA **** DI\u00c1METRO: 50 cm (Tambi\u00e9n hay [&hellip;]<\/p>\n","protected":false},"featured_media":32111,"template":"","meta":[],"product_brand":[],"product_cat":[86,30],"product_tag":[],"class_list":{"0":"post-32109","1":"product","2":"type-product","3":"status-publish","4":"has-post-thumbnail","6":"product_cat-globos-piso","7":"product_cat-marcafede","9":"first","10":"instock","11":"taxable","12":"shipping-taxable","13":"purchasable","14":"product-type-variable"},"jetpack_sharing_enabled":true,"_links":{"self":[{"href":"https:\/\/marcafede.com.ar\/iluminacion\/wp-json\/wp\/v2\/product\/32109","targetHints":{"allow":["GET"]}}],"collection":[{"href":"https:\/\/marcafede.com.ar\/iluminacion\/wp-json\/wp\/v2\/product"}],"about":[{"href":"https:\/\/marcafede.com.ar\/iluminacion\/wp-json\/wp\/v2\/types\/product"}],"wp:featuredmedia":[{"embeddable":true,"href":"https:\/\/marcafede.com.ar\/iluminacion\/wp-json\/wp\/v2\/media\/32111"}],"wp:attachment":[{"href":"https:\/\/marcafede.com.ar\/iluminacion\/wp-json\/wp\/v2\/media?parent=32109"}],"wp:term":[{"taxonomy":"product_brand","embeddable":true,"href":"https:\/\/marcafede.com.ar\/iluminacion\/wp-json\/wp\/v2\/product_brand?post=32109"},{"taxonomy":"product_cat","embeddable":true,"href":"https:\/\/marcafede.com.ar\/iluminacion\/wp-json\/wp\/v2\/product_cat?post=32109"},{"taxonomy":"product_tag","embeddable":true,"href":"https:\/\/marcafede.com.ar\/iluminacion\/wp-json\/wp\/v2\/product_tag?post=32109"}],"curies":[{"name":"wp","href":"https:\/\/api.w.org\/{rel}","templated":true}]}}