{"id":33091,"date":"2023-12-17T10:23:43","date_gmt":"2023-12-17T13:23:43","guid":{"rendered":"https:\/\/marcafede.com.ar\/iluminacion\/?post_type=product&#038;p=33091"},"modified":"2025-10-04T12:15:28","modified_gmt":"2025-10-04T15:15:28","slug":"aplique-arana-de-techo-recto-simple-moderno-vintage-3-luces-simil-oxido-apto-led-e27","status":"publish","type":"product","link":"https:\/\/marcafede.com.ar\/iluminacion\/producto\/aplique-arana-de-techo-recto-simple-moderno-vintage-3-luces-simil-oxido-apto-led-e27\/","title":{"rendered":"Aplique Ara\u00f1a de Techo Recto Simple Moderno Vintage 3 Luces S\u00edmil \u00d3xido &#8211; Apto Led (E27)"},"content":{"rendered":"<p>Aplique Ara\u00f1a de Techo Recto Simple Moderno Vintage 3 Luces S\u00edmil \u00d3xido &#8211; Apto Led (E27)<\/p>\n<p>\u00d3XIDO: Tratamiento de \u00f3xido natural sobre pintura, no se sigue oxidando el artefacto. Contiene una pintura con part\u00edculas de hierro que genera oxido real. Producto NO T\u00d3XICO.<\/p>\n<p>** NO INCLUYE LAMPARA\u00a0 **<\/p>\n<p>Caracter\u00edsticas:<br \/>\n&#8211; Portal\u00e1mparas: E27<br \/>\n&#8211; Material: &#8211; Material: Ca\u00f1o y Chapa.<\/p>\n<p>Medidas: Di\u00e1metro de la Base = 10 cm. &#8211; Brazo = 15 x 5 cm.<\/p>\n<p>Las fotos son ilustrativas, se entrega el modelo dependiendo de la disponibilidad.<\/p>\n<p>&#8212;&#8212;&#8212;&#8212;&#8212;&#8212;&#8212;&#8212;&#8212;&#8212;&#8211;MARCAFEDE&#8212;&#8212;&#8212;&#8212;&#8212;&#8212;&#8212;&#8212;&#8212;&#8212;&#8211;<\/p>\n<p>ILUMINACION &#8211; ACCESORIOS &#8211; ELECTRONICA &#8211; CCTV &#8211; DISE\u00d1O WEB &#8211; ALARMAS &#8211; CAMARAS<\/p>\n<p>VEA TODOS LOS PRODUCTOS<\/p>\n<p>TODOS LOS PRODUCTOS AQUI: https:\/\/eshops.mercadolibre.com.ar\/MARCAFEDE<\/p>\n<p>FORMAS DE PAGO:<\/p>\n<p>* A trav\u00e9s de Mercado Pago con:<br \/>\n&#8211; Tarjeta de cr\u00e9dito<br \/>\n&#8211; Tarjeta de d\u00e9bito<br \/>\n* Efectivo en nuestro Showroom (Dep\u00f3sito)<br \/>\n* Dep\u00f3sito o transferencia bancaria<\/p>\n<p>FORMAS DE ENV\u00cdO<\/p>\n<p>* Realizamos env\u00edos a todo el pa\u00eds por:<br \/>\n&#8211; Mercado env\u00edos<br \/>\n&#8211; OCA o Correo Argentino<br \/>\n&#8211; Micro a la sucursal<br \/>\n&#8211; V\u00eda Cargo<br \/>\n&#8211; Bus Pack<br \/>\n&#8211; Cruz del Sur<br \/>\n&#8211; Moto a domicilio<br \/>\n&#8211; Puede retirar en nuestro dep\u00f3sito<br \/>\n&#8211; o por el medio que sea de su preferencia<\/p>\n<p>GARANT\u00cdA<\/p>\n<p>Iluminaci\u00f3n MarcaFede brinda garant\u00eda de 6 meses por defectos de fabricaci\u00f3n que provee el fabricante o importador, la misma queda<br \/>\nsin efecto por mal uso o roturas por agentes externos como por ejemplo mal trato del transporte indicado por el comprador.<br \/>\nEn todos los casos la mercader\u00eda debe ser remitida al servicio t\u00e9cnico, el producto debe conservar su embalaje original con accesorios completos.<br \/>\nTODOS LOS GASTOS DEL TRASLADO CORREN POR CUENTA DEL COMPRADOR SIN EXCEPCION.<\/p>\n<p>HACEMOS FACTURA A<\/p>\n<p>UBICACI\u00d3N<\/p>\n<p>Estamos a 4 y 8 cuadras de Estaci\u00f3n Lan\u00fas Oeste.<br \/>\nNO TENEMOS LOCAL DE VENTA A LA CALLE.<br \/>\nLos retiros pueden realizarse en los siguientes horarios, con previo aviso.<br \/>\nA 4 Cuadras por la tarde de 16 a 19 hs.<br \/>\nA 8 Cuadras por la ma\u00f1ana de 9:30 a 14 Hs.<br \/>\nLos d\u00edas S\u00e1bados coordinar horario y lugar<\/p>\n","protected":false},"excerpt":{"rendered":"<p>Aplique Ara\u00f1a de Techo Recto Simple Moderno Vintage 3 Luces S\u00edmil \u00d3xido &#8211; Apto Led (E27) \u00d3XIDO: Tratamiento de \u00f3xido natural sobre pintura, no se sigue oxidando el artefacto. Contiene una pintura con part\u00edculas de hierro que genera oxido real. Producto NO T\u00d3XICO. ** NO INCLUYE LAMPARA\u00a0 ** Caracter\u00edsticas: &#8211; Portal\u00e1mparas: E27 &#8211; Material: &#8211; [&hellip;]<\/p>\n","protected":false},"featured_media":42497,"template":"","meta":[],"product_brand":[],"product_cat":[91,30],"product_tag":[],"class_list":{"0":"post-33091","1":"product","2":"type-product","3":"status-publish","4":"has-post-thumbnail","6":"product_cat-aranas","7":"product_cat-marcafede","9":"first","10":"instock","11":"taxable","12":"shipping-taxable","13":"purchasable","14":"product-type-simple"},"jetpack_sharing_enabled":true,"_links":{"self":[{"href":"https:\/\/marcafede.com.ar\/iluminacion\/wp-json\/wp\/v2\/product\/33091","targetHints":{"allow":["GET"]}}],"collection":[{"href":"https:\/\/marcafede.com.ar\/iluminacion\/wp-json\/wp\/v2\/product"}],"about":[{"href":"https:\/\/marcafede.com.ar\/iluminacion\/wp-json\/wp\/v2\/types\/product"}],"wp:featuredmedia":[{"embeddable":true,"href":"https:\/\/marcafede.com.ar\/iluminacion\/wp-json\/wp\/v2\/media\/42497"}],"wp:attachment":[{"href":"https:\/\/marcafede.com.ar\/iluminacion\/wp-json\/wp\/v2\/media?parent=33091"}],"wp:term":[{"taxonomy":"product_brand","embeddable":true,"href":"https:\/\/marcafede.com.ar\/iluminacion\/wp-json\/wp\/v2\/product_brand?post=33091"},{"taxonomy":"product_cat","embeddable":true,"href":"https:\/\/marcafede.com.ar\/iluminacion\/wp-json\/wp\/v2\/product_cat?post=33091"},{"taxonomy":"product_tag","embeddable":true,"href":"https:\/\/marcafede.com.ar\/iluminacion\/wp-json\/wp\/v2\/product_tag?post=33091"}],"curies":[{"name":"wp","href":"https:\/\/api.w.org\/{rel}","templated":true}]}}