{"id":33719,"date":"2023-12-21T12:31:05","date_gmt":"2023-12-21T15:31:05","guid":{"rendered":"https:\/\/marcafede.com.ar\/iluminacion\/?post_type=product&#038;p=33719"},"modified":"2025-10-05T11:45:19","modified_gmt":"2025-10-05T14:45:19","slug":"lampara-led-galponera-30-wt-220v-alta-potencia-hi-power-220-v-e27","status":"publish","type":"product","link":"https:\/\/marcafede.com.ar\/iluminacion\/producto\/lampara-led-galponera-30-wt-220v-alta-potencia-hi-power-220-v-e27\/","title":{"rendered":"Lampara Led Galponera 30 Wt. 220v Alta Potencia Hi Power &#8211; 220 V &#8211; E27"},"content":{"rendered":"<p>Lampara Led Galponera 30 Wt. 220v Alta Potencia Hi Power &#8211; 220 V &#8211; E27<\/p>\n<p>&#8211; Eficiencia luminosa: 0,04kwh<br \/>\n&#8211; Tecnolog\u00eda: Led<br \/>\n&#8211; Color de la Luz: Fr\u00eda<br \/>\n&#8211; Reemplazo incandescente: 320w<br \/>\n&#8211; Temperatura: 6500K<br \/>\n&#8211; IP: 20<br \/>\n&#8211; Forma: Bulbo<br \/>\n&#8211; Vida \u00fatil: 30000h<br \/>\n&#8211; \u00c1ngulo: 240\u00b0<br \/>\n&#8211; Potencia: 30w<br \/>\n&#8211; Apto dimmer: No<br \/>\n&#8211; L\u00famenes: 2200lm<br \/>\n&#8211; Eficiencia Energ\u00e9tica: A<br \/>\n&#8211; Voltaje: 220v.<br \/>\n&#8211; Origen: China.<\/p>\n<p>Dimensiones:\u00a0&#8211; Peso : 0.530 Kg &#8211; \u00a0Medidas: 12.5 x 12.5 x 22.5 Cm.<\/p>\n<p>El precio publicado corresponde a compras mayoristas.<\/p>\n<p>Las fotos son ilustrativas, se entrega el modelo dependiendo de la disponibilidad de stock, consulte antes de ofertar.<\/p>\n<p>&#8212;&#8212;&#8212;&#8212;&#8212;&#8212;&#8212;&#8212;&#8212;&#8212;&#8211;MARCAFEDE&#8212;&#8212;&#8212;&#8212;&#8212;&#8212;&#8212;&#8212;&#8212;&#8212;&#8211;<\/p>\n<p>ILUMINACI\u00d3N &#8211; ACCESORIOS &#8211; ELECTR\u00d3NICA &#8211; CCTV &#8211; DISE\u00d1O WEB &#8211; ALARMAS &#8211; CAMARAS<\/p>\n<p>VEA TODOS LOS PRODUCTOS<\/p>\n<p>TODOS LOS PRODUCTOS AQUI: https:\/\/eshops.mercadolibre.com.ar\/MARCAFEDE<\/p>\n<p>FORMAS DE PAGO:<\/p>\n<p>* A trav\u00e9s de Mercado Pago con:<br \/>\n&#8211; Tarjeta de cr\u00e9dito<br \/>\n&#8211; Tarjeta de d\u00e9bito<br \/>\n* Efectivo en nuestro Showroom (Dep\u00f3sito)<br \/>\n* Dep\u00f3sito o transferencia bancaria<\/p>\n<p>FORMAS DE ENV\u00cdO<\/p>\n<p>* Realizamos env\u00edos a todo el pa\u00eds por:<br \/>\n&#8211; Mercado env\u00edos<br \/>\n&#8211; OCA o Correo Argentino<br \/>\n&#8211; Micro a la sucursal<br \/>\n&#8211; V\u00eda Cargo<br \/>\n&#8211; Bus Pack<br \/>\n&#8211; Cruz del Sur<br \/>\n&#8211; Moto a domicilio<br \/>\n&#8211; Puede retirar en nuestro deposito<br \/>\n&#8211; o por el medio que sea de su preferencia<\/p>\n<p>GARANT\u00cdA<\/p>\n<p>MarcaFede brinda garant\u00eda de 6 meses por defectos de fabricaci\u00f3n que provee el fabricante o importador, la misma queda<br \/>\nsin efecto por mal uso o roturas por agentes externos como por ejemplo mal trato del transporte indicado por el comprador.<br \/>\nEn todos los casos la mercader\u00eda debe ser remitida al servicio t\u00e9cnico, el producto debe conservar su embalaje original con accesorios completos.<br \/>\nTODOS LOS GASTOS DEL TRASLADO CORREN POR CUENTA DEL COMPRADOR SIN EXCEPCION.<\/p>\n<p>HACEMOS FACTURA A<\/p>\n<p>UBICACI\u00d3N<\/p>\n<p>Estamos a 4 y 8 cuadras de Estaci\u00f3n Lan\u00fas Oeste.<br \/>\nNO TENEMOS LOCAL DE VENTA A LA CALLE.<br \/>\nLos retiros pueden realizarse en los siguientes horarios, con previo aviso.<br \/>\nA 4 Cuadras por la tarde de 16 a 19 hs.<br \/>\nA 8 Cuadras por la ma\u00f1ana de 9:30 a 14 Hs.<br \/>\nLos d\u00edas S\u00e1bados coordinar horario y lugar.<\/p>\n<p>&nbsp;<\/p>\n","protected":false},"excerpt":{"rendered":"<p>Lampara Led Galponera 30 Wt. 220v Alta Potencia Hi Power &#8211; 220 V &#8211; E27 &#8211; Eficiencia luminosa: 0,04kwh &#8211; Tecnolog\u00eda: Led &#8211; Color de la Luz: Fr\u00eda &#8211; Reemplazo incandescente: 320w &#8211; Temperatura: 6500K &#8211; IP: 20 &#8211; Forma: Bulbo &#8211; Vida \u00fatil: 30000h &#8211; \u00c1ngulo: 240\u00b0 &#8211; Potencia: 30w &#8211; Apto dimmer: No [&hellip;]<\/p>\n","protected":false},"featured_media":33723,"template":"","meta":[],"product_brand":[],"product_cat":[77,30],"product_tag":[],"class_list":{"0":"post-33719","1":"product","2":"type-product","3":"status-publish","4":"has-post-thumbnail","6":"product_cat-lamparas","7":"product_cat-marcafede","9":"first","10":"instock","11":"taxable","12":"shipping-taxable","13":"purchasable","14":"product-type-simple"},"jetpack_sharing_enabled":true,"_links":{"self":[{"href":"https:\/\/marcafede.com.ar\/iluminacion\/wp-json\/wp\/v2\/product\/33719","targetHints":{"allow":["GET"]}}],"collection":[{"href":"https:\/\/marcafede.com.ar\/iluminacion\/wp-json\/wp\/v2\/product"}],"about":[{"href":"https:\/\/marcafede.com.ar\/iluminacion\/wp-json\/wp\/v2\/types\/product"}],"wp:featuredmedia":[{"embeddable":true,"href":"https:\/\/marcafede.com.ar\/iluminacion\/wp-json\/wp\/v2\/media\/33723"}],"wp:attachment":[{"href":"https:\/\/marcafede.com.ar\/iluminacion\/wp-json\/wp\/v2\/media?parent=33719"}],"wp:term":[{"taxonomy":"product_brand","embeddable":true,"href":"https:\/\/marcafede.com.ar\/iluminacion\/wp-json\/wp\/v2\/product_brand?post=33719"},{"taxonomy":"product_cat","embeddable":true,"href":"https:\/\/marcafede.com.ar\/iluminacion\/wp-json\/wp\/v2\/product_cat?post=33719"},{"taxonomy":"product_tag","embeddable":true,"href":"https:\/\/marcafede.com.ar\/iluminacion\/wp-json\/wp\/v2\/product_tag?post=33719"}],"curies":[{"name":"wp","href":"https:\/\/api.w.org\/{rel}","templated":true}]}}