{"id":33913,"date":"2023-12-26T21:15:08","date_gmt":"2023-12-27T00:15:08","guid":{"rendered":"https:\/\/marcafede.com.ar\/iluminacion\/?post_type=product&#038;p=33913"},"modified":"2025-09-30T21:33:22","modified_gmt":"2025-10-01T00:33:22","slug":"lampara-velador-de-mesa-globo-burbuja-de-vidrio-10x18-apto-led-e27","status":"publish","type":"product","link":"https:\/\/marcafede.com.ar\/iluminacion\/producto\/lampara-velador-de-mesa-globo-burbuja-de-vidrio-10x18-apto-led-e27\/","title":{"rendered":"L\u00e1mpara Velador de Mesa Globo Burbuja de Vidrio 10&#215;18 &#8211; Apto Led (E27)"},"content":{"rendered":"<p>L\u00e1mpara Velador de Mesa Globo Burbuja de Vidrio 10&#215;18 &#8211; Apto Led (E27) &#8211; Colores: Blanco, Negro.<\/p>\n<p>** NO INCLUYE LAMPARA **<\/p>\n<p>DESCRIPCI\u00d3N DEL PRODUCTO:<\/p>\n<p>-Base de Chapa Di\u00e1metro: 12 Cm &#8211;<\/p>\n<p>Proceso de Pintado Electrost\u00e1tico con Pintura Epoxi &#8211; Pintura Secada a Fuego y Horneada.<\/p>\n<p>-GLOBO 10&#215;18 Cm de Vidrio Burbuja<\/p>\n<p>&#8211; Alimentaci\u00f3n: 220<br \/>\n&#8211; Portal\u00e1mparas a rosca E27<br \/>\n&#8211; Apto L\u00e1mpara Led \u00f3 Bajo consumo.<br \/>\n-Aplicaci\u00f3n: Interior<br \/>\n&#8211; Uso: Residencial &#8211; Comercial<br \/>\n&#8211; Cable 1,50 Mts. con Ficha y Tecla de Encendido.<\/p>\n<p>&#8211; Aplicaciones: Cocinas, Comedores, Livings, Barras, Bares, Cervecer\u00edas, Resto, etc<\/p>\n<p>Las fotos son ilustrativas, se entrega el modelo dependiendo de la disponibilidad.<\/p>\n<p>&#8212;&#8212;&#8212;&#8212;&#8212;&#8212;&#8212;&#8212;&#8212;&#8212;&#8211;MARCAFEDE&#8212;&#8212;&#8212;&#8212;&#8212;&#8212;&#8212;&#8212;&#8212;&#8212;&#8211;<\/p>\n<p>ILUMINACION &#8211; ACCESORIOS &#8211; ELECTRONICA &#8211; CCTV &#8211; DISE\u00d1O WEB &#8211; ALARMAS &#8211; CAMARAS<\/p>\n<p>VEA TODOS LOS PRODUCTOS<\/p>\n<p>TODOS LOS PRODUCTOS AQUI: https:\/\/eshops.mercadolibre.com.ar\/MARCAFEDE<\/p>\n<p>FORMAS DE PAGO:<\/p>\n<p>* A trav\u00e9s de Mercado Pago con:<br \/>\n&#8211; Tarjeta de cr\u00e9dito<br \/>\n&#8211; Tarjeta de d\u00e9bito<br \/>\n* Efectivo en nuestro Showroom (Dep\u00f3sito)<br \/>\n* Dep\u00f3sito o transferencia bancaria<\/p>\n<p>FORMAS DE ENV\u00cdO<\/p>\n<p>* Realizamos env\u00edos a todo el pa\u00eds por:<br \/>\n&#8211; Mercado env\u00edos<br \/>\n&#8211; OCA o Correo Argentino<br \/>\n&#8211; Micro a la sucursal<br \/>\n&#8211; V\u00eda Cargo<br \/>\n&#8211; Bus Pack<br \/>\n&#8211; Cruz del Sur<br \/>\n&#8211; Moto a domicilio<br \/>\n&#8211; Puede retirar en nuestro dep\u00f3sito<br \/>\n&#8211; o por el medio que sea de su preferencia<\/p>\n<p>GARANT\u00cdA<\/p>\n<p>Iluminaci\u00f3n MarcaFede brinda garant\u00eda de 6 meses por defectos de fabricaci\u00f3n que provee el fabricante o importador, la misma queda<br \/>\nsin efecto por mal uso o roturas por agentes externos como por ejemplo mal trato del transporte indicado por el comprador.<br \/>\nEn todos los casos la mercader\u00eda debe ser remitida al servicio t\u00e9cnico, el producto debe conservar su embalaje original con accesorios completos.<br \/>\nTODOS LOS GASTOS DEL TRASLADO CORREN POR CUENTA DEL COMPRADOR SIN EXCEPCION.<\/p>\n<p>HACEMOS FACTURA A<\/p>\n<p>UBICACI\u00d3N<\/p>\n<p>Estamos a 4 y 8 cuadras de Estaci\u00f3n Lan\u00fas Oeste.<br \/>\nNO TENEMOS LOCAL DE VENTA A LA CALLE.<br \/>\nLos retiros pueden realizarse en los siguientes horarios, con previo aviso.<br \/>\nA 4 Cuadras por la tarde de 16 a 19 hs.<br \/>\nA 8 Cuadras por la ma\u00f1ana de 9:30 a 14 Hs.<br \/>\nLos d\u00edas S\u00e1bados coordinar horario y lugar<\/p>\n<p>&nbsp;<\/p>\n","protected":false},"excerpt":{"rendered":"<p>L\u00e1mpara Velador de Mesa Globo Burbuja de Vidrio 10&#215;18 &#8211; Apto Led (E27) &#8211; Colores: Blanco, Negro. ** NO INCLUYE LAMPARA ** DESCRIPCI\u00d3N DEL PRODUCTO: -Base de Chapa Di\u00e1metro: 12 Cm &#8211; Proceso de Pintado Electrost\u00e1tico con Pintura Epoxi &#8211; Pintura Secada a Fuego y Horneada. -GLOBO 10&#215;18 Cm de Vidrio Burbuja &#8211; Alimentaci\u00f3n: 220 [&hellip;]<\/p>\n","protected":false},"featured_media":41756,"template":"","meta":[],"product_brand":[],"product_cat":[30,75],"product_tag":[],"class_list":{"0":"post-33913","1":"product","2":"type-product","3":"status-publish","4":"has-post-thumbnail","6":"product_cat-marcafede","7":"product_cat-veladores","9":"first","10":"instock","11":"taxable","12":"shipping-taxable","13":"purchasable","14":"product-type-variable"},"jetpack_sharing_enabled":true,"_links":{"self":[{"href":"https:\/\/marcafede.com.ar\/iluminacion\/wp-json\/wp\/v2\/product\/33913","targetHints":{"allow":["GET"]}}],"collection":[{"href":"https:\/\/marcafede.com.ar\/iluminacion\/wp-json\/wp\/v2\/product"}],"about":[{"href":"https:\/\/marcafede.com.ar\/iluminacion\/wp-json\/wp\/v2\/types\/product"}],"wp:featuredmedia":[{"embeddable":true,"href":"https:\/\/marcafede.com.ar\/iluminacion\/wp-json\/wp\/v2\/media\/41756"}],"wp:attachment":[{"href":"https:\/\/marcafede.com.ar\/iluminacion\/wp-json\/wp\/v2\/media?parent=33913"}],"wp:term":[{"taxonomy":"product_brand","embeddable":true,"href":"https:\/\/marcafede.com.ar\/iluminacion\/wp-json\/wp\/v2\/product_brand?post=33913"},{"taxonomy":"product_cat","embeddable":true,"href":"https:\/\/marcafede.com.ar\/iluminacion\/wp-json\/wp\/v2\/product_cat?post=33913"},{"taxonomy":"product_tag","embeddable":true,"href":"https:\/\/marcafede.com.ar\/iluminacion\/wp-json\/wp\/v2\/product_tag?post=33913"}],"curies":[{"name":"wp","href":"https:\/\/api.w.org\/{rel}","templated":true}]}}