{"id":36922,"date":"2024-01-21T11:17:09","date_gmt":"2024-01-21T14:17:09","guid":{"rendered":"https:\/\/marcafede.com.ar\/iluminacion\/?post_type=product&#038;p=36922"},"modified":"2025-09-25T11:27:50","modified_gmt":"2025-09-25T14:27:50","slug":"farol-de-chapa-colonial-casita-mediano-de-pared-10-vidrio-translucido-simil-oxido-apto-led-e27","status":"publish","type":"product","link":"https:\/\/marcafede.com.ar\/iluminacion\/producto\/farol-de-chapa-colonial-casita-mediano-de-pared-10-vidrio-translucido-simil-oxido-apto-led-e27\/","title":{"rendered":"Farol de Chapa Colonial Casita Mediano de Pared (10) Vidrio Transl\u00facido S\u00edmil \u00d3xido &#8211; Apto Led (E27)"},"content":{"rendered":"<p>Farol de Chapa Colonial Casita Mediano (10) de Pared Vidrio Transl\u00facido &#8211; Apto Led (E27) &#8211; S\u00edmil \u00d3xido.<\/p>\n<p>** NO INCLUYE LAMPARA **<\/p>\n<p>\u00d3XIDO: Tratamiento de \u00f3xido natural sobre pintura, no se sigue oxidando el artefacto.<br \/>\nContiene una pintura con part\u00edculas de hierro que genera oxido real. Producto NO T\u00d3XICO.<\/p>\n<p>MEDIDAS:<\/p>\n<p>Altura total: 28 cm<br \/>\nBase inferior: 13 x 13 cm<br \/>\nTecho: 18 x 18 cm<br \/>\nProfundidad: 19 cm<\/p>\n<p>Material del artefacto: Chapa y Vidrio Transl\u00facido.<\/p>\n<p>Portal\u00e1mpara: E27<\/p>\n<p>Las fotos son ilustrativas, se entrega el modelo dependiendo de la disponibilidad.<\/p>\n<p>&#8212;&#8212;&#8212;&#8212;&#8212;&#8212;&#8212;&#8212;&#8212;&#8212;&#8211;MARCAFEDE&#8212;&#8212;&#8212;&#8212;&#8212;&#8212;&#8212;&#8212;&#8212;&#8212;&#8211;<\/p>\n<p>ILUMINACI\u00d3N &#8211; ACCESORIOS &#8211; ELECTR\u00d3NICA &#8211; CCTV &#8211; DISE\u00d1O WEB &#8211; ALARMAS &#8211; CAMARAS<\/p>\n<p>VEA TODOS LOS PRODUCTOS<\/p>\n<p>TODOS LOS PRODUCTOS AQUI: https:\/\/eshops.mercadolibre.com.ar\/MARCAFEDE<\/p>\n<p>FORMAS DE PAGO:<\/p>\n<p>* A trav\u00e9s de Mercado Pago con:<br \/>\n&#8211; Tarjeta de cr\u00e9dito<br \/>\n&#8211; Tarjeta de d\u00e9bito<br \/>\n* Efectivo en nuestro Showroom (Dep\u00f3sito)<br \/>\n* Dep\u00f3sito o transferencia bancaria<\/p>\n<p>FORMAS DE ENV\u00cdO<\/p>\n<p>* Realizamos env\u00edos a todo el pa\u00eds por:<br \/>\n&#8211; Mercado env\u00edos<br \/>\n&#8211; OCA o Correo Argentino<br \/>\n&#8211; Micro a la sucursal<br \/>\n&#8211; V\u00eda Cargo<br \/>\n&#8211; Bus Pack<br \/>\n&#8211; Cruz del Sur<br \/>\n&#8211; Moto a domicilio<br \/>\n&#8211; Puede retirar en nuestro deposito<br \/>\n&#8211; o por el medio que sea de su preferencia<\/p>\n<p>GARANT\u00cdA<\/p>\n<p>MarcaFede brinda garant\u00eda de 6 meses por defectos de fabricaci\u00f3n que provee el fabricante o importador, la misma queda<br \/>\nsin efecto por mal uso o roturas por agentes externos como por ejemplo mal trato del transporte indicado por el comprador.<br \/>\nEn todos los casos la mercader\u00eda debe ser remitida al servicio t\u00e9cnico, el producto debe conservar su embalaje original con accesorios completos.<br \/>\nTODOS LOS GASTOS DEL TRASLADO CORREN POR CUENTA DEL COMPRADOR SIN EXCEPCION.<\/p>\n<p>HACEMOS FACTURA A<\/p>\n<p>UBICACI\u00d3N<\/p>\n<p>Estamos a 4 y 8 cuadras de Estaci\u00f3n Lan\u00fas Oeste.<br \/>\nNO TENEMOS LOCAL DE VENTA A LA CALLE.<br \/>\nLos retiros pueden realizarse en los siguientes horarios, con previo aviso.<br \/>\nA 4 Cuadras por la tarde de 16 a 19 hs.<br \/>\nA 8 Cuadras por la ma\u00f1ana de 9:30 a 14 Hs.<br \/>\nLos d\u00edas S\u00e1bados coordinar horario y lugar.<\/p>\n","protected":false},"excerpt":{"rendered":"<p>Farol de Chapa Colonial Casita Mediano (10) de Pared Vidrio Transl\u00facido &#8211; Apto Led (E27) &#8211; S\u00edmil \u00d3xido. ** NO INCLUYE LAMPARA ** \u00d3XIDO: Tratamiento de \u00f3xido natural sobre pintura, no se sigue oxidando el artefacto. Contiene una pintura con part\u00edculas de hierro que genera oxido real. Producto NO T\u00d3XICO. MEDIDAS: Altura total: 28 cm [&hellip;]<\/p>\n","protected":false},"featured_media":36923,"template":"","meta":[],"product_brand":[],"product_cat":[70,30],"product_tag":[],"class_list":{"0":"post-36922","1":"product","2":"type-product","3":"status-publish","4":"has-post-thumbnail","6":"product_cat-faroles-chapa","7":"product_cat-marcafede","9":"first","10":"instock","11":"taxable","12":"shipping-taxable","13":"purchasable","14":"product-type-simple"},"jetpack_sharing_enabled":true,"_links":{"self":[{"href":"https:\/\/marcafede.com.ar\/iluminacion\/wp-json\/wp\/v2\/product\/36922","targetHints":{"allow":["GET"]}}],"collection":[{"href":"https:\/\/marcafede.com.ar\/iluminacion\/wp-json\/wp\/v2\/product"}],"about":[{"href":"https:\/\/marcafede.com.ar\/iluminacion\/wp-json\/wp\/v2\/types\/product"}],"wp:featuredmedia":[{"embeddable":true,"href":"https:\/\/marcafede.com.ar\/iluminacion\/wp-json\/wp\/v2\/media\/36923"}],"wp:attachment":[{"href":"https:\/\/marcafede.com.ar\/iluminacion\/wp-json\/wp\/v2\/media?parent=36922"}],"wp:term":[{"taxonomy":"product_brand","embeddable":true,"href":"https:\/\/marcafede.com.ar\/iluminacion\/wp-json\/wp\/v2\/product_brand?post=36922"},{"taxonomy":"product_cat","embeddable":true,"href":"https:\/\/marcafede.com.ar\/iluminacion\/wp-json\/wp\/v2\/product_cat?post=36922"},{"taxonomy":"product_tag","embeddable":true,"href":"https:\/\/marcafede.com.ar\/iluminacion\/wp-json\/wp\/v2\/product_tag?post=36922"}],"curies":[{"name":"wp","href":"https:\/\/api.w.org\/{rel}","templated":true}]}}