{"id":37024,"date":"2024-01-23T21:57:37","date_gmt":"2024-01-24T00:57:37","guid":{"rendered":"https:\/\/marcafede.com.ar\/iluminacion\/?post_type=product&#038;p=37024"},"modified":"2025-10-04T13:19:46","modified_gmt":"2025-10-04T16:19:46","slug":"aplique-spot-cubeto-con-movimiento-niquelado-base-cuadrada-de-1-luz-apto-led-g9","status":"publish","type":"product","link":"https:\/\/marcafede.com.ar\/iluminacion\/producto\/aplique-spot-cubeto-con-movimiento-niquelado-base-cuadrada-de-1-luz-apto-led-g9\/","title":{"rendered":"Aplique Spot Cubeto con Movimiento Niquelado Base Cuadrada de 1 Luz &#8211; Apto Led (G9)"},"content":{"rendered":"<p>Aplique Spot Cubeto con Movimiento Niquelado Base Cuadrada de 1 Luz &#8211; Apto Led (G9) &#8211; Colores: Blanco, Negro.<\/p>\n<p>** NO INCLUYE LAMPARA **<\/p>\n<p>Proceso de Pintado Electrost\u00e1tico con Pintura Epoxi &#8211; Pintura Secada a Fuego y Horneada.<\/p>\n<p>Material: Chapa, Movimiento de Niquel, Portal\u00e1mparas Cer\u00e1mico y vidrio satinado.<\/p>\n<p>MEDIDAS:<br \/>\nBase: 10 x 10 Cm.\u00a0 &#8211; Aplique 10 x 6 Cm.<\/p>\n<p>&#8211; Adecuada para cualquier ambiente interno y ba\u00f1o.<br \/>\n&#8211; Material: Metal<br \/>\n&#8211; Terminaci\u00f3n: Niquelado<br \/>\n&#8211; Tipo De L\u00e1mpara: G9 &#8211; Apto Led<br \/>\n&#8211; Corriente: 220V<\/p>\n<p>Cuenta con cabezal m\u00f3vil lo que permite ser direccionado en varias posiciones. Puede ser utilizado en todo tipo de ambientes,<br \/>\ntales como como cocinas, ba\u00f1os, comedores, dormitorios, living, etc.<\/p>\n<p>Este modelo es apto para focos con tecnolog\u00eda led, que adem\u00e1s de contribuir al cuidado del ambiente,<br \/>\nduran m\u00e1s tiempo y te permiten ahorrar hasta un 90 % m\u00e1s que las fuentes de luz convencionales.<\/p>\n<p>Las fotos son ilustrativas, se entrega el modelo dependiendo de la disponibilidad.<\/p>\n<p>&#8212;&#8212;&#8212;&#8212;&#8212;&#8212;&#8212;&#8212;&#8212;&#8212;&#8211;MARCAFEDE&#8212;&#8212;&#8212;&#8212;&#8212;&#8212;&#8212;&#8212;&#8212;&#8212;&#8211;<\/p>\n<p>ILUMINACI\u00d3N &#8211; ACCESORIOS &#8211; ELECTR\u00d3NICA &#8211; CCTV &#8211; DISE\u00d1O WEB &#8211; ALARMAS &#8211; CAMARAS<\/p>\n<p>VEA TODOS LOS PRODUCTOS<\/p>\n<p>TODOS LOS PRODUCTOS AQUI: https:\/\/eshops.mercadolibre.com.ar\/MARCAFEDE<\/p>\n<p>FORMAS DE PAGO:<\/p>\n<p>* A trav\u00e9s de Mercado Pago con:<br \/>\n&#8211; Tarjeta de cr\u00e9dito<br \/>\n&#8211; Tarjeta de d\u00e9bito<br \/>\n* Efectivo en nuestro Showroom (Dep\u00f3sito)<br \/>\n* Dep\u00f3sito o transferencia bancaria<\/p>\n<p>FORMAS DE ENV\u00cdO<\/p>\n<p>* Realizamos env\u00edos a todo el pa\u00eds por:<br \/>\n&#8211; Mercado env\u00edos<br \/>\n&#8211; OCA o Correo Argentino<br \/>\n&#8211; Micro a la sucursal<br \/>\n&#8211; V\u00eda Cargo<br \/>\n&#8211; Bus Pack<br \/>\n&#8211; Cruz del Sur<br \/>\n&#8211; Moto a domicilio<br \/>\n&#8211; Puede retirar en nuestro deposito<br \/>\n&#8211; o por el medio que sea de su preferencia<\/p>\n<p>GARANT\u00cdA<\/p>\n<p>MarcaFede brinda garant\u00eda de 6 meses por defectos de fabricaci\u00f3n que provee el fabricante o importador, la misma queda<br \/>\nsin efecto por mal uso o roturas por agentes externos como por ejemplo mal trato del transporte indicado por el comprador.<br \/>\nEn todos los casos la mercader\u00eda debe ser remitida al servicio t\u00e9cnico, el producto debe conservar su embalaje original con accesorios completos.<br \/>\nTODOS LOS GASTOS DEL TRASLADO CORREN POR CUENTA DEL COMPRADOR SIN EXCEPCION.<\/p>\n<p>HACEMOS FACTURA A<\/p>\n<p>UBICACI\u00d3N<\/p>\n<p>Estamos a 4 y 8 cuadras de Estaci\u00f3n Lan\u00fas Oeste.<br \/>\nNO TENEMOS LOCAL DE VENTA A LA CALLE.<br \/>\nLos retiros pueden realizarse en los siguientes horarios, con previo aviso.<br \/>\nA 4 Cuadras por la tarde de 16 a 19 hs.<br \/>\nA 8 Cuadras por la ma\u00f1ana de 9:30 a 14 Hs.<br \/>\nLos d\u00edas S\u00e1bados coordinar horario y lugar.<\/p>\n<p>&nbsp;<\/p>\n","protected":false},"excerpt":{"rendered":"<p>Aplique Spot Cubeto con Movimiento Niquelado Base Cuadrada de 1 Luz &#8211; Apto Led (G9) &#8211; Colores: Blanco, Negro. ** NO INCLUYE LAMPARA ** Proceso de Pintado Electrost\u00e1tico con Pintura Epoxi &#8211; Pintura Secada a Fuego y Horneada. Material: Chapa, Movimiento de Niquel, Portal\u00e1mparas Cer\u00e1mico y vidrio satinado. MEDIDAS: Base: 10 x 10 Cm.\u00a0 &#8211; [&hellip;]<\/p>\n","protected":false},"featured_media":37124,"template":"","meta":[],"product_brand":[],"product_cat":[30,100],"product_tag":[],"class_list":{"0":"post-37024","1":"product","2":"type-product","3":"status-publish","4":"has-post-thumbnail","6":"product_cat-marcafede","7":"product_cat-spot-cubeto","9":"first","10":"instock","11":"taxable","12":"shipping-taxable","13":"purchasable","14":"product-type-variable"},"jetpack_sharing_enabled":true,"_links":{"self":[{"href":"https:\/\/marcafede.com.ar\/iluminacion\/wp-json\/wp\/v2\/product\/37024","targetHints":{"allow":["GET"]}}],"collection":[{"href":"https:\/\/marcafede.com.ar\/iluminacion\/wp-json\/wp\/v2\/product"}],"about":[{"href":"https:\/\/marcafede.com.ar\/iluminacion\/wp-json\/wp\/v2\/types\/product"}],"wp:featuredmedia":[{"embeddable":true,"href":"https:\/\/marcafede.com.ar\/iluminacion\/wp-json\/wp\/v2\/media\/37124"}],"wp:attachment":[{"href":"https:\/\/marcafede.com.ar\/iluminacion\/wp-json\/wp\/v2\/media?parent=37024"}],"wp:term":[{"taxonomy":"product_brand","embeddable":true,"href":"https:\/\/marcafede.com.ar\/iluminacion\/wp-json\/wp\/v2\/product_brand?post=37024"},{"taxonomy":"product_cat","embeddable":true,"href":"https:\/\/marcafede.com.ar\/iluminacion\/wp-json\/wp\/v2\/product_cat?post=37024"},{"taxonomy":"product_tag","embeddable":true,"href":"https:\/\/marcafede.com.ar\/iluminacion\/wp-json\/wp\/v2\/product_tag?post=37024"}],"curies":[{"name":"wp","href":"https:\/\/api.w.org\/{rel}","templated":true}]}}