{"id":37551,"date":"2024-03-11T16:55:45","date_gmt":"2024-03-11T19:55:45","guid":{"rendered":"https:\/\/marcafede.com.ar\/iluminacion\/?post_type=product&#038;p=37551"},"modified":"2025-09-27T11:48:18","modified_gmt":"2025-09-27T14:48:18","slug":"barral-colgante-30-cm-orbital-mini-atomo-15-apto-led-e27","status":"publish","type":"product","link":"https:\/\/marcafede.com.ar\/iluminacion\/producto\/barral-colgante-30-cm-orbital-mini-atomo-15-apto-led-e27\/","title":{"rendered":"Barral Colgante 30 Cm Orbital Mini \u00c1tomo 15 &#8211; Apto Led (E27)"},"content":{"rendered":"<p>Barral Colgante 30 Cm Orbital Mini \u00c1tomo 15 &#8211; Apto Led (E27)) &#8211; Colores: Blanco, Negro.<\/p>\n<p>Proceso de Pintado Electrost\u00e1tico con Pintura Epoxi &#8211; Pintura Secada a Fuego y Horneada.<\/p>\n<p>**** NO INCLUYE L\u00c1MPARA ****<\/p>\n<p>ATENCI\u00d3N: SOLO APTO PARA LAMPARAS DE LED, VINTAGE, INCANDESCENTES que no superen lo 8 cm de altura total.<\/p>\n<p>ALTURA TOTAL: 46,50 Cm.<\/p>\n<p>DI\u00c1METRO \u00c1TOMO: 15 Cm.<\/p>\n<p>MATERIAL: Chapa, Ca\u00f1o y Alambre de Acero.<\/p>\n<p>LUGAR DE MONTAJE: Techo<\/p>\n<p>USO: Interior &#8211; Aleros &#8211; Bares<\/p>\n<p>PORTALAMPARA: E-27<\/p>\n<p>CAPACIDAD DE FOCOS: 1<\/p>\n<p>FUENTES DE LUZ: Led<\/p>\n<p>ALIMENTACI\u00d3N: 220V<\/p>\n<p>Las fotos son ilustrativas, se entrega el modelo dependiendo de la disponibilidad.<\/p>\n<p>&#8212;&#8212;&#8212;&#8212;&#8212;&#8212;&#8212;&#8212;&#8212;&#8212;&#8211;MARCAFEDE&#8212;&#8212;&#8212;&#8212;&#8212;&#8212;&#8212;&#8212;&#8212;&#8212;&#8211;<\/p>\n<p>ILUMINACION &#8211; ACCESORIOS &#8211; ELECTRONICA &#8211; CCTV &#8211; DISE\u00d1O WEB &#8211; ALARMAS &#8211; CAMARAS<\/p>\n<p>VEA TODOS LOS PRODUCTOS<\/p>\n<p>TODOS LOS PRODUCTOS AQUI: https:\/\/eshops.mercadolibre.com.ar\/MARCAFEDE<\/p>\n<p>FORMAS DE PAGO:<\/p>\n<p>* A trav\u00e9s de Mercado Pago con:<br \/>\n&#8211; Tarjeta de cr\u00e9dito<br \/>\n&#8211; Tarjeta de d\u00e9bito<br \/>\n* Efectivo en nuestro Showroom (Dep\u00f3sito)<br \/>\n* Dep\u00f3sito o transferencia bancaria<\/p>\n<p>FORMAS DE ENV\u00cdO<\/p>\n<p>* Realizamos env\u00edos a todo el pa\u00eds por:<br \/>\n&#8211; Mercado env\u00edos<br \/>\n&#8211; OCA o Correo Argentino<br \/>\n&#8211; Micro a la sucursal<br \/>\n&#8211; V\u00eda Cargo<br \/>\n&#8211; Bus Pack<br \/>\n&#8211; Cruz del Sur<br \/>\n&#8211; Moto a domicilio<br \/>\n&#8211; Puede retirar en nuestro dep\u00f3sito<br \/>\n&#8211; o por el medio que sea de su preferencia<\/p>\n<p>GARANT\u00cdA<\/p>\n<p>Iluminaci\u00f3n MarcaFede brinda garant\u00eda de 6 meses por defectos de fabricaci\u00f3n que provee el fabricante o importador, la misma queda<br \/>\nsin efecto por mal uso o roturas por agentes externos como por ejemplo mal trato del transporte indicado por el comprador.<br \/>\nEn todos los casos la mercader\u00eda debe ser remitida al servicio t\u00e9cnico, el producto debe conservar su embalaje original con accesorios completos.<br \/>\nTODOS LOS GASTOS DEL TRASLADO CORREN POR CUENTA DEL COMPRADOR SIN EXCEPCION.<\/p>\n<p>HACEMOS FACTURA A<\/p>\n<p>UBICACI\u00d3N<\/p>\n<p>Estamos a 4 y 8 cuadras de Estaci\u00f3n Lan\u00fas Oeste.<br \/>\nNO TENEMOS LOCAL DE VENTA A LA CALLE.<br \/>\nLos retiros pueden realizarse en los siguientes horarios, con previo aviso.<br \/>\nA 4 Cuadras por la tarde de 16 a 19 hs.<br \/>\nA 8 Cuadras por la ma\u00f1ana de 9:30 a 14 Hs.<br \/>\nLos d\u00edas S\u00e1bados coordinar horario y lugar<\/p>\n","protected":false},"excerpt":{"rendered":"<p>Barral Colgante 30 Cm Orbital Mini \u00c1tomo 15 &#8211; Apto Led (E27)) &#8211; Colores: Blanco, Negro. Proceso de Pintado Electrost\u00e1tico con Pintura Epoxi &#8211; Pintura Secada a Fuego y Horneada. **** NO INCLUYE L\u00c1MPARA **** ATENCI\u00d3N: SOLO APTO PARA LAMPARAS DE LED, VINTAGE, INCANDESCENTES que no superen lo 8 cm de altura total. ALTURA TOTAL: [&hellip;]<\/p>\n","protected":false},"featured_media":37555,"template":"","meta":[],"product_brand":[],"product_cat":[83,30],"product_tag":[],"class_list":{"0":"post-37551","1":"product","2":"type-product","3":"status-publish","4":"has-post-thumbnail","6":"product_cat-colgantes-orbitales","7":"product_cat-marcafede","9":"first","10":"instock","11":"taxable","12":"shipping-taxable","13":"purchasable","14":"product-type-variable"},"jetpack_sharing_enabled":true,"_links":{"self":[{"href":"https:\/\/marcafede.com.ar\/iluminacion\/wp-json\/wp\/v2\/product\/37551","targetHints":{"allow":["GET"]}}],"collection":[{"href":"https:\/\/marcafede.com.ar\/iluminacion\/wp-json\/wp\/v2\/product"}],"about":[{"href":"https:\/\/marcafede.com.ar\/iluminacion\/wp-json\/wp\/v2\/types\/product"}],"wp:featuredmedia":[{"embeddable":true,"href":"https:\/\/marcafede.com.ar\/iluminacion\/wp-json\/wp\/v2\/media\/37555"}],"wp:attachment":[{"href":"https:\/\/marcafede.com.ar\/iluminacion\/wp-json\/wp\/v2\/media?parent=37551"}],"wp:term":[{"taxonomy":"product_brand","embeddable":true,"href":"https:\/\/marcafede.com.ar\/iluminacion\/wp-json\/wp\/v2\/product_brand?post=37551"},{"taxonomy":"product_cat","embeddable":true,"href":"https:\/\/marcafede.com.ar\/iluminacion\/wp-json\/wp\/v2\/product_cat?post=37551"},{"taxonomy":"product_tag","embeddable":true,"href":"https:\/\/marcafede.com.ar\/iluminacion\/wp-json\/wp\/v2\/product_tag?post=37551"}],"curies":[{"name":"wp","href":"https:\/\/api.w.org\/{rel}","templated":true}]}}