{"id":38381,"date":"2024-05-21T11:29:40","date_gmt":"2024-05-21T14:29:40","guid":{"rendered":"https:\/\/marcafede.com.ar\/iluminacion\/?post_type=product&#038;p=38381"},"modified":"2025-10-05T12:21:39","modified_gmt":"2025-10-05T15:21:39","slug":"spot-dicroica-cuadrado-para-embutir","status":"publish","type":"product","link":"https:\/\/marcafede.com.ar\/iluminacion\/producto\/spot-dicroica-cuadrado-para-embutir\/","title":{"rendered":"Spot de Embutir Movil Cuadrado para Dicroica Led &#8211; Zocalo GU10"},"content":{"rendered":"<p>Spot Embutir Movil Cuadrado Con Portalamparas GU10 Para Dicroica &#8211; Colores: Blanco y Negro.<br \/>\nIncluye Portal\u00e1mp\u00e1ras GU10 y Aro Soporte de L\u00e1mpara Dicroica.<\/p>\n<p>** NO INCLUYE LAMPARA **<\/p>\n<p>Material: Chapa con Proceso de Pintado Electrost\u00e1tico con Pintura Epoxi<br \/>\nPintura Secada a Fuego y Horneada. Mate Texturado (Blanco y Negro)<\/p>\n<p>Dimensiones: 2 Cm de alto, 10,50 Cm de largo y 10,50 Cm. de ancho.<\/p>\n<p>Moderno y vers\u00e1til spot de techo, perfecto para cualquier ambiente interior,<br \/>\nya sea en sala de estar, dormitorio o cocina.<br \/>\nSu dise\u00f1o cuadrado y m\u00f3vil permite dirigir la luz hacia donde sea necesaria,<br \/>\nbrind\u00e1ndo una iluminaci\u00f3n personalizada y eficiente.<\/p>\n<p>CARACTERISTICAS:<br \/>\n&#8211; Alimentacion: 220v<br \/>\n&#8211; Ambientes: Interior\/Exterior cubierto<br \/>\n&#8211; Capacidad de focos: 1<br \/>\n&#8211; Direccion de la luz: Bidireccional<br \/>\n&#8211; Forma: Cuadrado<br \/>\n&#8211; Formato de la lampara: Spot<br \/>\n&#8211; Lugares de montaje: De techo<br \/>\n&#8211; Materiales: Chapa<br \/>\n&#8211; Potencia: 60 W<br \/>\n&#8211; Tipo de alimentacion: 220v<br \/>\n&#8211; Tipo de rosca del foco: GU10<br \/>\n&#8211; Tipos de fuentes de luz: LED<\/p>\n<p>Las fotos son ilustrativas, se entrega el modelo dependiendo de la disponibilidad.<\/p>\n<p>&#8212;&#8212;&#8212;&#8212;&#8212;&#8212;&#8212;&#8212;&#8212;&#8212;&#8211;MARCAFEDE&#8212;&#8212;&#8212;&#8212;&#8212;&#8212;&#8212;&#8212;&#8212;&#8212;&#8211;<\/p>\n<p>ILUMINACION &#8211; ACCESORIOS &#8211; ELECTRONICA &#8211; CCTV &#8211; DISE\u00d1O WEB &#8211; ALARMAS &#8211; CAMARAS<\/p>\n<p>VEA TODOS LOS PRODUCTOS<\/p>\n<p>TODOS LOS PRODUCTOS AQUI: https:\/\/eshops.mercadolibre.com.ar\/MARCAFEDE<\/p>\n<p>FORMAS DE PAGO:<\/p>\n<p>* A trav\u00e9s de Mercado Pago con:<br \/>\n&#8211; Tarjeta de cr\u00e9dito<br \/>\n&#8211; Tarjeta de d\u00e9bito<br \/>\n* Efectivo en nuestro Showroom (Dep\u00f3sito)<br \/>\n* Dep\u00f3sito o transferencia bancaria<\/p>\n<p>FORMAS DE ENV\u00cdO<\/p>\n<p>* Realizamos env\u00edos a todo el pa\u00eds por:<br \/>\n&#8211; Mercado env\u00edos<br \/>\n&#8211; OCA o Correo Argentino<br \/>\n&#8211; Micro a la sucursal<br \/>\n&#8211; V\u00eda Cargo<br \/>\n&#8211; Bus Pack<br \/>\n&#8211; Cruz del Sur<br \/>\n&#8211; Moto a domicilio<br \/>\n&#8211; Puede retirar en nuestro dep\u00f3sito<br \/>\n&#8211; o por el medio que sea de su preferencia<\/p>\n<p>GARANT\u00cdA<\/p>\n<p>MarcaFede brinda garant\u00eda de 6 meses por defectos de fabricaci\u00f3n que provee el fabricante o importador, la misma queda<br \/>\nsin efecto por mal uso o roturas por agentes externos como por ejemplo mal trato del transporte indicado por el comprador.<br \/>\nEn todos los casos la mercader\u00eda debe ser remitida al servicio t\u00e9cnico, el producto debe conservar su embalaje original con accesorios completos.<br \/>\nTODOS LOS GASTOS DEL TRASLADO CORREN POR CUENTA DEL COMPRADOR SIN EXCEPCION.<\/p>\n<p>HACEMOS FACTURA A<\/p>\n<p>UBICACI\u00d3N<\/p>\n<p>Estamos a 4 y 8 cuadras de Estaci\u00f3n Lan\u00fas Oeste.<br \/>\nNO TENEMOS LOCAL DE VENTA A LA CALLE.<br \/>\nLos retiros pueden realizarse en los siguientes horarios, con previo aviso.<br \/>\nA 4 Cuadras por la tarde de 16 a 19 hs.<br \/>\nA 8 Cuadras por la ma\u00f1ana de 9:30 a 14 Hs.<br \/>\nLos d\u00edas S\u00e1bados coordinar horario y lugar<\/p>\n","protected":false},"excerpt":{"rendered":"<p>Spot Embutir Movil Cuadrado Con Portalamparas GU10 Para Dicroica &#8211; Colores: Blanco y Negro. Incluye Portal\u00e1mp\u00e1ras GU10 y Aro Soporte de L\u00e1mpara Dicroica. ** NO INCLUYE LAMPARA ** Material: Chapa con Proceso de Pintado Electrost\u00e1tico con Pintura Epoxi Pintura Secada a Fuego y Horneada. Mate Texturado (Blanco y Negro) Dimensiones: 2 Cm de alto, 10,50 [&hellip;]<\/p>\n","protected":false},"featured_media":38445,"template":"","meta":[],"product_brand":[],"product_cat":[30],"product_tag":[],"class_list":{"0":"post-38381","1":"product","2":"type-product","3":"status-publish","4":"has-post-thumbnail","6":"product_cat-marcafede","8":"first","9":"instock","10":"taxable","11":"shipping-taxable","12":"purchasable","13":"product-type-variable"},"jetpack_sharing_enabled":true,"_links":{"self":[{"href":"https:\/\/marcafede.com.ar\/iluminacion\/wp-json\/wp\/v2\/product\/38381","targetHints":{"allow":["GET"]}}],"collection":[{"href":"https:\/\/marcafede.com.ar\/iluminacion\/wp-json\/wp\/v2\/product"}],"about":[{"href":"https:\/\/marcafede.com.ar\/iluminacion\/wp-json\/wp\/v2\/types\/product"}],"wp:featuredmedia":[{"embeddable":true,"href":"https:\/\/marcafede.com.ar\/iluminacion\/wp-json\/wp\/v2\/media\/38445"}],"wp:attachment":[{"href":"https:\/\/marcafede.com.ar\/iluminacion\/wp-json\/wp\/v2\/media?parent=38381"}],"wp:term":[{"taxonomy":"product_brand","embeddable":true,"href":"https:\/\/marcafede.com.ar\/iluminacion\/wp-json\/wp\/v2\/product_brand?post=38381"},{"taxonomy":"product_cat","embeddable":true,"href":"https:\/\/marcafede.com.ar\/iluminacion\/wp-json\/wp\/v2\/product_cat?post=38381"},{"taxonomy":"product_tag","embeddable":true,"href":"https:\/\/marcafede.com.ar\/iluminacion\/wp-json\/wp\/v2\/product_tag?post=38381"}],"curies":[{"name":"wp","href":"https:\/\/api.w.org\/{rel}","templated":true}]}}