{"id":38614,"date":"2024-07-08T12:16:09","date_gmt":"2024-07-08T15:16:09","guid":{"rendered":"https:\/\/marcafede.com.ar\/iluminacion\/?post_type=product&#038;p=38614"},"modified":"2025-09-21T20:45:09","modified_gmt":"2025-09-21T23:45:09","slug":"aplique-tortuga-de-fundicion-de-aluminio-redonda-con-visera-1-luz-apta-led-e27","status":"publish","type":"product","link":"https:\/\/marcafede.com.ar\/iluminacion\/producto\/aplique-tortuga-de-fundicion-de-aluminio-redonda-con-visera-1-luz-apta-led-e27\/","title":{"rendered":"Aplique Tortuga de Fundici\u00f3n de Aluminio Redonda Con Visera 2 Luces &#8211; Apta Led (E27)"},"content":{"rendered":"<p>Aplique Tortuga de Fundici\u00f3n de Aluminio Redonda Con Visera 1 Luz &#8211; Apta Led (E27) &#8211; Colores:\u00a0 Blanco, Negro, Crudo.<\/p>\n<p>Tortuga de exterior con visera redonda.<\/p>\n<p>PINTURA: Proceso de Pintado Electrost\u00e1tico con Pintura Epoxi &#8211; Pintura Secada a Fuego y Horneada.<\/p>\n<p>CRUDO: Aluminio al natural, sin tratamiento, R\u00fastico, Color Gris Aluminio.<\/p>\n<p>** NO INCLUYE LAMPARA **<\/p>\n<p>MEDIDAS:<\/p>\n<p>Di\u00e1metro 23 cm. &#8211; Alto 12 cm.<\/p>\n<p>Portal\u00e1mpara:\u00a0 E27<\/p>\n<p>Tipo de L\u00e1mparas:\u00a0 E27- Led \u00f3 Bajo Consumo (No incluidas)<\/p>\n<p>Material de la Base y Visera: Fundici\u00f3n de Aluminio.<\/p>\n<p>Material de la Carcasa: Vidrio.<\/p>\n<p>Las fotos son ilustrativas, se entrega el modelo dependiendo de la disponibilidad.<\/p>\n<p>&#8212;&#8212;&#8212;&#8212;&#8212;&#8212;&#8212;&#8212;&#8212;&#8212;&#8211;MARCAFEDE&#8212;&#8212;&#8212;&#8212;&#8212;&#8212;&#8212;&#8212;&#8212;&#8212;&#8211;<\/p>\n<p>ILUMINACI\u00d3N &#8211; ACCESORIOS &#8211; ELECTR\u00d3NICA &#8211; CCTV &#8211; DISE\u00d1O WEB &#8211; ALARMAS &#8211; CAMARAS<\/p>\n<p>VEA TODOS LOS PRODUCTOS<\/p>\n<p>TODOS LOS PRODUCTOS AQUI: https:\/\/eshops.mercadolibre.com.ar\/MARCAFEDE<\/p>\n<p>FORMAS DE PAGO:<\/p>\n<p>* A trav\u00e9s de Mercado Pago con:<br \/>\n&#8211; Tarjeta de cr\u00e9dito<br \/>\n&#8211; Tarjeta de d\u00e9bito<br \/>\n* Efectivo en nuestro Showroom (Dep\u00f3sito)<br \/>\n* Dep\u00f3sito o transferencia bancaria<\/p>\n<p>FORMAS DE ENV\u00cdO<\/p>\n<p>* Realizamos env\u00edos a todo el pa\u00eds por:<br \/>\n&#8211; Mercado env\u00edos<br \/>\n&#8211; OCA o Correo Argentino<br \/>\n&#8211; Micro a la sucursal<br \/>\n&#8211; V\u00eda Cargo<br \/>\n&#8211; Bus Pack<br \/>\n&#8211; Cruz del Sur<br \/>\n&#8211; Moto a domicilio<br \/>\n&#8211; Puede retirar en nuestro deposito<br \/>\n&#8211; o por el medio que sea de su preferencia<\/p>\n<p>GARANT\u00cdA<\/p>\n<p>MarcaFede brinda garant\u00eda de 6 meses por defectos de fabricaci\u00f3n que provee el fabricante o importador, la misma queda<br \/>\nsin efecto por mal uso o roturas por agentes externos como por ejemplo mal trato del transporte indicado por el comprador.<br \/>\nEn todos los casos la mercader\u00eda debe ser remitida al servicio t\u00e9cnico, el producto debe conservar su embalaje original con accesorios completos.<br \/>\nTODOS LOS GASTOS DEL TRASLADO CORREN POR CUENTA DEL COMPRADOR SIN EXCEPCION.<\/p>\n<p>HACEMOS FACTURA A<\/p>\n<p>UBICACI\u00d3N<\/p>\n<p>Estamos a 4 y 8 cuadras de Estaci\u00f3n Lan\u00fas Oeste.<br \/>\nNO TENEMOS LOCAL DE VENTA A LA CALLE.<br \/>\nLos retiros pueden realizarse en los siguientes horarios, con previo aviso.<br \/>\nA 4 Cuadras por la tarde de 16 a 19 hs.<br \/>\nA 8 Cuadras por la ma\u00f1ana de 9:30 a 14 Hs.<br \/>\nLos d\u00edas S\u00e1bados coordinar horario y lugar.<\/p>\n","protected":false},"excerpt":{"rendered":"<p>Aplique Tortuga de Fundici\u00f3n de Aluminio Redonda Con Visera 1 Luz &#8211; Apta Led (E27) &#8211; Colores:\u00a0 Blanco, Negro, Crudo. Tortuga de exterior con visera redonda. PINTURA: Proceso de Pintado Electrost\u00e1tico con Pintura Epoxi &#8211; Pintura Secada a Fuego y Horneada. CRUDO: Aluminio al natural, sin tratamiento, R\u00fastico, Color Gris Aluminio. ** NO INCLUYE LAMPARA [&hellip;]<\/p>\n","protected":false},"featured_media":38618,"template":"","meta":[],"product_brand":[],"product_cat":[93,30,72],"product_tag":[],"class_list":{"0":"post-38614","1":"product","2":"type-product","3":"status-publish","4":"has-post-thumbnail","6":"product_cat-difusores","7":"product_cat-marcafede","8":"product_cat-tortugasfundicion","10":"first","11":"instock","12":"taxable","13":"shipping-taxable","14":"purchasable","15":"product-type-variable"},"jetpack_sharing_enabled":true,"_links":{"self":[{"href":"https:\/\/marcafede.com.ar\/iluminacion\/wp-json\/wp\/v2\/product\/38614","targetHints":{"allow":["GET"]}}],"collection":[{"href":"https:\/\/marcafede.com.ar\/iluminacion\/wp-json\/wp\/v2\/product"}],"about":[{"href":"https:\/\/marcafede.com.ar\/iluminacion\/wp-json\/wp\/v2\/types\/product"}],"wp:featuredmedia":[{"embeddable":true,"href":"https:\/\/marcafede.com.ar\/iluminacion\/wp-json\/wp\/v2\/media\/38618"}],"wp:attachment":[{"href":"https:\/\/marcafede.com.ar\/iluminacion\/wp-json\/wp\/v2\/media?parent=38614"}],"wp:term":[{"taxonomy":"product_brand","embeddable":true,"href":"https:\/\/marcafede.com.ar\/iluminacion\/wp-json\/wp\/v2\/product_brand?post=38614"},{"taxonomy":"product_cat","embeddable":true,"href":"https:\/\/marcafede.com.ar\/iluminacion\/wp-json\/wp\/v2\/product_cat?post=38614"},{"taxonomy":"product_tag","embeddable":true,"href":"https:\/\/marcafede.com.ar\/iluminacion\/wp-json\/wp\/v2\/product_tag?post=38614"}],"curies":[{"name":"wp","href":"https:\/\/api.w.org\/{rel}","templated":true}]}}