{"id":38784,"date":"2024-07-24T19:19:20","date_gmt":"2024-07-24T22:19:20","guid":{"rendered":"https:\/\/marcafede.com.ar\/iluminacion\/?post_type=product&#038;p=38784"},"modified":"2025-10-05T12:07:13","modified_gmt":"2025-10-05T15:07:13","slug":"luz-para-pileta-10-wts-rgb","status":"publish","type":"product","link":"https:\/\/marcafede.com.ar\/iluminacion\/producto\/luz-para-pileta-10-wts-rgb\/","title":{"rendered":"Luz Para Pileta 10 Wts Rgb"},"content":{"rendered":"<p>Luz para Pileta 10 Wts Rgb<\/p>\n<p>De acero inoxidable y sellada totalmente con resina epoxi<br \/>\nM\u00e1s de 10 Colores<br \/>\n50.000 hs de uso<br \/>\nVarias secuencias de colores<br \/>\nAumento y disminuci\u00f3n de intensidad<br \/>\nAumento y disminucci\u00f3n de velocidad de los juegos de luces<br \/>\n12 v = seguras<\/p>\n<p>Plafon de acero inoxidable 14,50 cm de diametro y 3 cm de alto<br \/>\nTecnologia Nano led pro 10 w High power<br \/>\nBlindada con resina epoxi cristal<br \/>\nAngulo de apertura: 180\u00b0<br \/>\nLumenes\/mts: 1000llm<br \/>\nImpenetrable, sin filtraciones ni condesacion de agua<br \/>\nIndice de proteccion: IP68.<br \/>\nCon 2 mts de Cable 4&#215;0,75 mm<br \/>\nVida util: 50.000 hs de uso<br \/>\nConsumo 110 w<br \/>\nAlimentacion 12 v<\/p>\n<p>LAS LUCES TIENEN QUE ESTAR COLOCADAS 40CM POR DEBAJO DEL BORDE DE LA PILETA.<br \/>\nEL CABLE PARA LA INSTALACION DEBE SER DE 4X1 MM.<br \/>\nLAS LUCES NO SE DEBEN PRENDER SIN ESTAR TAPADAS POR EL AGUA (SON SUBACUATICAS)<br \/>\nNO HACER EMPALMES DE CABLES DEJANDOLOS DENTO DE LA PILETA O QUE QUEDEN EN CONTACTO CON EL AGUA.<\/p>\n<p>&#8212;&#8212;&#8212;&#8212;&#8212;&#8212;&#8212;&#8212;&#8212;&#8212;&#8211;MARCAFEDE&#8212;&#8212;&#8212;&#8212;&#8212;&#8212;&#8212;&#8212;&#8212;&#8212;&#8211;<\/p>\n<p>ILUMINACION &#8211; ACCESORIOS &#8211; ELECTRONICA &#8211; CCTV &#8211; DISE\u00d1O WEB &#8211; ALARMAS &#8211; CAMARAS<\/p>\n<p>VEA TODOS LOS PRODUCTOS<\/p>\n<p>TODOS LOS PRODUCTOS AQUI: https:\/\/eshops.mercadolibre.com.ar\/MARCAFEDE<\/p>\n<p>FORMAS DE PAGO:<\/p>\n<p>* A trav\u00e9s de Mercado Pago con:<br \/>\n&#8211; Tarjeta de cr\u00e9dito<br \/>\n&#8211; Tarjeta de d\u00e9bito<br \/>\n* Efectivo en nuestro Showroom (Dep\u00f3sito)<br \/>\n* Dep\u00f3sito o transferencia bancaria<\/p>\n<p>FORMAS DE ENV\u00cdO<\/p>\n<p>* Realizamos env\u00edos a todo el pa\u00eds por:<br \/>\n&#8211; Mercado env\u00edos<br \/>\n&#8211; OCA o Correo Argentino<br \/>\n&#8211; Micro a la sucursal<br \/>\n&#8211; V\u00eda Cargo<br \/>\n&#8211; Bus Pack<br \/>\n&#8211; Cruz del Sur<br \/>\n&#8211; Moto a domicilio<br \/>\n&#8211; Puede retirar en nuestro deposito<br \/>\n&#8211; o por el medio que sea de su preferencia<\/p>\n<p>GARANT\u00cdA<\/p>\n<p>Iluminaci\u00f3n MarcaFede brinda garant\u00eda de 6 meses por defectos de fabricaci\u00f3n que provee el fabricante o importador, la misma queda<br \/>\nsin efecto por mal uso o roturas por agentes externos como por ejemplo mal trato del transporte indicado por el comprador.<br \/>\nEn todos los casos la mercader\u00eda debe ser remitida al servicio t\u00e9cnico, el producto debe conservar su embalaje original con accesorios completos.<br \/>\nTODOS LOS GASTOS DEL TRASLADO CORREN POR CUENTA DEL COMPRADOR SIN EXCEPCION.<\/p>\n<p>HACEMOS FACTURA A<\/p>\n<p>UBICACI\u00d3N<\/p>\n<p>Estamos a 4 y 8 cuadras de Estaci\u00f3n Lan\u00fas Oeste.<br \/>\nNO TENEMOS LOCAL DE VENTA A LA CALLE.<br \/>\nLos retiros pueden realizarse en los siguientes horarios, con previo aviso.<br \/>\nA 4 Cuadras por la tarde de 16 a 19 hs.<br \/>\nA 8 Cuadras por la ma\u00f1ana de 9:30 a 14 Hs.<br \/>\nLos d\u00edas S\u00e1bados coordinar horario y lugar.<\/p>\n","protected":false},"excerpt":{"rendered":"<p>Luz para Pileta 10 Wts Rgb De acero inoxidable y sellada totalmente con resina epoxi M\u00e1s de 10 Colores 50.000 hs de uso Varias secuencias de colores Aumento y disminuci\u00f3n de intensidad Aumento y disminucci\u00f3n de velocidad de los juegos de luces 12 v = seguras Plafon de acero inoxidable 14,50 cm de diametro y [&hellip;]<\/p>\n","protected":false},"featured_media":38775,"template":"","meta":[],"product_brand":[],"product_cat":[30],"product_tag":[],"class_list":{"0":"post-38784","1":"product","2":"type-product","3":"status-publish","4":"has-post-thumbnail","6":"product_cat-marcafede","8":"first","9":"instock","10":"taxable","11":"shipping-taxable","12":"purchasable","13":"product-type-simple"},"jetpack_sharing_enabled":true,"_links":{"self":[{"href":"https:\/\/marcafede.com.ar\/iluminacion\/wp-json\/wp\/v2\/product\/38784","targetHints":{"allow":["GET"]}}],"collection":[{"href":"https:\/\/marcafede.com.ar\/iluminacion\/wp-json\/wp\/v2\/product"}],"about":[{"href":"https:\/\/marcafede.com.ar\/iluminacion\/wp-json\/wp\/v2\/types\/product"}],"wp:featuredmedia":[{"embeddable":true,"href":"https:\/\/marcafede.com.ar\/iluminacion\/wp-json\/wp\/v2\/media\/38775"}],"wp:attachment":[{"href":"https:\/\/marcafede.com.ar\/iluminacion\/wp-json\/wp\/v2\/media?parent=38784"}],"wp:term":[{"taxonomy":"product_brand","embeddable":true,"href":"https:\/\/marcafede.com.ar\/iluminacion\/wp-json\/wp\/v2\/product_brand?post=38784"},{"taxonomy":"product_cat","embeddable":true,"href":"https:\/\/marcafede.com.ar\/iluminacion\/wp-json\/wp\/v2\/product_cat?post=38784"},{"taxonomy":"product_tag","embeddable":true,"href":"https:\/\/marcafede.com.ar\/iluminacion\/wp-json\/wp\/v2\/product_tag?post=38784"}],"curies":[{"name":"wp","href":"https:\/\/api.w.org\/{rel}","templated":true}]}}