{"id":39184,"date":"2024-10-03T20:18:58","date_gmt":"2024-10-03T23:18:58","guid":{"rendered":"https:\/\/marcafede.com.ar\/iluminacion\/?post_type=product&#038;p=39184"},"modified":"2025-09-29T16:51:58","modified_gmt":"2025-09-29T19:51:58","slug":"farol-colonial-mediano-de-fundicion-de-aluminio-para-poste-de-2-b210po-apto-led-e27","status":"publish","type":"product","link":"https:\/\/marcafede.com.ar\/iluminacion\/producto\/farol-colonial-mediano-de-fundicion-de-aluminio-para-poste-de-2-b210po-apto-led-e27\/","title":{"rendered":"Farol Colonial Mediano de Fundici\u00f3n de Aluminio para Poste de 2&#8242; (B210PO) &#8211; Apto Led  (E27)"},"content":{"rendered":"<p>Farol Colonial Mediano de Fundici\u00f3n de Aluminio para Poste de 2&#8242; (B210PO) &#8211; Apto Led (E27) &#8211; Color Negro.<\/p>\n<p>Alto Total\u00a0 =\u00a0 53 Cm &#8211; Ancho Superior = 24 Cm &#8211; Ancho Inferior = 12 Cm<\/p>\n<p>Para Ca\u00f1o de 2 Pulgadas (NO INCLUIDO)<\/p>\n<p>Material de los Faroles: Fundici\u00f3n de aluminio y Vidrio Transparente.<\/p>\n<p>PINTURA: Proceso de Pintado electrost\u00e1tico con pintura Epoxi Pintura Secada a Fuego y Horneada.<\/p>\n<p>** NO INCLUYE LAMPARA **<\/p>\n<p>Portal\u00e1mpara: E27<\/p>\n<p>Las fotos son ilustrativas, se entrega el modelo dependiendo de la disponibilidad.<\/p>\n<p>&#8212;&#8212;&#8212;&#8212;&#8212;&#8212;&#8212;&#8212;&#8212;&#8212;&#8211;MARCAFEDE&#8212;&#8212;&#8212;&#8212;&#8212;&#8212;&#8212;&#8212;&#8212;&#8212;&#8211;<\/p>\n<p>ILUMINACI\u00d3N &#8211; ACCESORIOS &#8211; ELECTR\u00d3NICA &#8211; CCTV &#8211; DISE\u00d1O WEB &#8211; ALARMAS &#8211; CAMARAS<\/p>\n<p>VEA TODOS LOS PRODUCTOS<\/p>\n<p>TODOS LOS PRODUCTOS AQUI: https:\/\/eshops.mercadolibre.com.ar\/MARCAFEDE<\/p>\n<p>FORMAS DE PAGO:<\/p>\n<p>* A trav\u00e9s de Mercado Pago con:<br \/>\n&#8211; Tarjeta de cr\u00e9dito<br \/>\n&#8211; Tarjeta de d\u00e9bito<br \/>\n* Efectivo en nuestro Showroom (Dep\u00f3sito)<br \/>\n* Dep\u00f3sito o transferencia bancaria<\/p>\n<p>FORMAS DE ENV\u00cdO<\/p>\n<p>* Realizamos env\u00edos a todo el pa\u00eds por:<br \/>\n&#8211; Mercado env\u00edos<br \/>\n&#8211; OCA o Correo Argentino<br \/>\n&#8211; Micro a la sucursal<br \/>\n&#8211; V\u00eda Cargo<br \/>\n&#8211; Bus Pack<br \/>\n&#8211; Cruz del Sur<br \/>\n&#8211; Moto a domicilio<br \/>\n&#8211; Puede retirar en nuestro deposito<br \/>\n&#8211; o por el medio que sea de su preferencia<\/p>\n<p>GARANT\u00cdA<\/p>\n<p>MarcaFede brinda garant\u00eda de 6 meses por defectos de fabricaci\u00f3n que provee el fabricante o importador, la misma queda<br \/>\nsin efecto por mal uso o roturas por agentes externos como por ejemplo mal trato del transporte indicado por el comprador.<br \/>\nEn todos los casos la mercader\u00eda debe ser remitida al servicio t\u00e9cnico, el producto debe conservar su embalaje original con accesorios completos.<br \/>\nTODOS LOS GASTOS DEL TRASLADO CORREN POR CUENTA DEL COMPRADOR SIN EXCEPCION.<\/p>\n<p>HACEMOS FACTURA A<\/p>\n<p>UBICACI\u00d3N<\/p>\n<p>Estamos a 4 y 8 cuadras de Estaci\u00f3n Lan\u00fas Oeste.<br \/>\nNO TENEMOS LOCAL DE VENTA A LA CALLE.<br \/>\nLos retiros pueden realizarse en los siguientes horarios, con previo aviso.<br \/>\nA 4 Cuadras por la tarde de 16 a 19 hs.<br \/>\nA 8 Cuadras por la ma\u00f1ana de 9:30 a 14 Hs.<br \/>\nLos d\u00edas S\u00e1bados coordinar horario y lugar.<\/p>\n","protected":false},"excerpt":{"rendered":"<p>Farol Colonial Mediano de Fundici\u00f3n de Aluminio para Poste de 2&#8242; (B210PO) &#8211; Apto Led (E27) &#8211; Color Negro. Alto Total\u00a0 =\u00a0 53 Cm &#8211; Ancho Superior = 24 Cm &#8211; Ancho Inferior = 12 Cm Para Ca\u00f1o de 2 Pulgadas (NO INCLUIDO) Material de los Faroles: Fundici\u00f3n de aluminio y Vidrio Transparente. PINTURA: Proceso [&hellip;]<\/p>\n","protected":false},"featured_media":39186,"template":"","meta":[],"product_brand":[],"product_cat":[98,30],"product_tag":[],"class_list":{"0":"post-39184","1":"product","2":"type-product","3":"status-publish","4":"has-post-thumbnail","6":"product_cat-farolfundicion","7":"product_cat-marcafede","9":"first","10":"instock","11":"taxable","12":"shipping-taxable","13":"purchasable","14":"product-type-simple"},"jetpack_sharing_enabled":true,"_links":{"self":[{"href":"https:\/\/marcafede.com.ar\/iluminacion\/wp-json\/wp\/v2\/product\/39184","targetHints":{"allow":["GET"]}}],"collection":[{"href":"https:\/\/marcafede.com.ar\/iluminacion\/wp-json\/wp\/v2\/product"}],"about":[{"href":"https:\/\/marcafede.com.ar\/iluminacion\/wp-json\/wp\/v2\/types\/product"}],"wp:featuredmedia":[{"embeddable":true,"href":"https:\/\/marcafede.com.ar\/iluminacion\/wp-json\/wp\/v2\/media\/39186"}],"wp:attachment":[{"href":"https:\/\/marcafede.com.ar\/iluminacion\/wp-json\/wp\/v2\/media?parent=39184"}],"wp:term":[{"taxonomy":"product_brand","embeddable":true,"href":"https:\/\/marcafede.com.ar\/iluminacion\/wp-json\/wp\/v2\/product_brand?post=39184"},{"taxonomy":"product_cat","embeddable":true,"href":"https:\/\/marcafede.com.ar\/iluminacion\/wp-json\/wp\/v2\/product_cat?post=39184"},{"taxonomy":"product_tag","embeddable":true,"href":"https:\/\/marcafede.com.ar\/iluminacion\/wp-json\/wp\/v2\/product_tag?post=39184"}],"curies":[{"name":"wp","href":"https:\/\/api.w.org\/{rel}","templated":true}]}}