{"id":43248,"date":"2025-10-30T17:11:38","date_gmt":"2025-10-30T20:11:38","guid":{"rendered":"https:\/\/marcafede.com.ar\/iluminacion\/?post_type=product&#038;p=43248"},"modified":"2025-10-31T09:32:00","modified_gmt":"2025-10-31T12:32:00","slug":"vidrio-repuesto-honguito-25-opal","status":"publish","type":"product","link":"https:\/\/marcafede.com.ar\/iluminacion\/producto\/vidrio-repuesto-honguito-25-opal\/","title":{"rendered":"Vidrio Repuesto Honguito 25 &#8211; Opal"},"content":{"rendered":"<p>Vidrio Repuesto Honguito 18 &#8211; Opal Satinado \u00fa Opal Brillante.<\/p>\n<p>Di\u00e1metro; 20 Cm.<\/p>\n<p>Material: Vidrio Opal Satinado u Opal Brillante<\/p>\n<p>** Es importante asegurarse de que el modelo del artefacto sea compatible con esta tulipa para garantizar una instalaci\u00f3n adecuada**<\/p>\n<p>Esta tulipa proporciona una difusi\u00f3n uniforme de la luz, creando ambientes c\u00e1lidos y acogedores. <\/p>\n<p>Tulipa de vidrio Satinado para repuesto de l\u00e1mparas colgantes, veladores, ara\u00f1as, etc.<\/p>\n<p>Las fotos son ilustrativas, se entrega el modelo dependiendo de la disponibilidad.<\/p>\n<p>&#8212;&#8212;&#8212;&#8212;&#8212;&#8212;&#8212;&#8212;&#8212;&#8212;&#8211;MARCAFEDE&#8212;&#8212;&#8212;&#8212;&#8212;&#8212;&#8212;&#8212;&#8212;&#8212;&#8211; <\/p>\n<p>ILUMINACION &#8211; ACCESORIOS &#8211; ELECTRONICA &#8211; CCTV &#8211; DISE\u00d1O WEB &#8211; ALARMAS &#8211; CAMARAS<\/p>\n<p>VEA TODOS LOS PRODUCTOS AQUI:<br \/>\nhttps:\/\/www.mercadolibre.com.ar\/pagina\/marcafede<\/p>\n<p>FORMAS DE PAGO: <\/p>\n<p>* A trav\u00e9s de Mercado Pago con:<br \/>\n&#8211; Tarjeta de cr\u00e9dito<br \/>\n&#8211; Tarjeta de d\u00e9bito<br \/>\n* Efectivo en nuestro Showroom (Dep\u00f3sito)<br \/>\n* Dep\u00f3sito o transferencia bancaria <\/p>\n<p>FORMAS DE ENV\u00cdO <\/p>\n<p>* Realizamos env\u00edos a todo el pa\u00eds por:<br \/>\n&#8211; Mercado env\u00edos<br \/>\n&#8211; OCA o Correo Argentino<br \/>\n&#8211; Micro a la sucursal<br \/>\n&#8211; V\u00eda Cargo<br \/>\n&#8211; Bus Pack<br \/>\n&#8211; Cruz del Sur<br \/>\n&#8211; Moto a domicilio<br \/>\n&#8211; Puede retirar en nuestro dep\u00f3sito<br \/>\n&#8211; o por el medio que sea de su preferencia <\/p>\n<p>GARANT\u00cdA <\/p>\n<p>Iluminaci\u00f3n MarcaFede brinda garant\u00eda de 6 meses por defectos de fabricaci\u00f3n que provee el fabricante o importador, la misma queda<br \/>\nsin efecto por mal uso o roturas por agentes externos como por ejemplo mal trato del transporte indicado por el comprador.<br \/>\nEn todos los casos la mercader\u00eda debe ser remitida al servicio t\u00e9cnico, el producto debe conservar su embalaje original con accesorios completos.<br \/>\nTODOS LOS GASTOS DEL TRASLADO CORREN POR CUENTA DEL COMPRADOR SIN EXCEPCION. <\/p>\n<p>HACEMOS FACTURA A<\/p>\n<p>UBICACI\u00d3N <\/p>\n<p>Estamos a 4 y 8 cuadras de Estaci\u00f3n Lan\u00fas Oeste.<br \/>\nNO TENEMOS LOCAL DE VENTA A LA CALLE.<br \/>\nLos retiros pueden realizarse en los siguientes horarios, con previo aviso.<br \/>\nA 4 Cuadras por la tarde de 16 a 19 hs.<br \/>\nA 8 Cuadras por la ma\u00f1ana de 9:30 a 14 Hs.<br \/>\nLos d\u00edas S\u00e1bados coordinar horario y lugar.<\/p>\n","protected":false},"excerpt":{"rendered":"<p>Vidrio Repuesto Honguito 18 &#8211; Opal Satinado \u00fa Opal Brillante. Di\u00e1metro; 20 Cm. Material: Vidrio Opal Satinado u Opal Brillante ** Es importante asegurarse de que el modelo del artefacto sea compatible con esta tulipa para garantizar una instalaci\u00f3n adecuada** Esta tulipa proporciona una difusi\u00f3n uniforme de la luz, creando ambientes c\u00e1lidos y acogedores. Tulipa [&hellip;]<\/p>\n","protected":false},"featured_media":43252,"template":"","meta":[],"product_brand":[],"product_cat":[99,30,78],"product_tag":[],"class_list":{"0":"post-43248","1":"product","2":"type-product","3":"status-publish","4":"has-post-thumbnail","6":"product_cat-carcasasvidrios","7":"product_cat-marcafede","8":"product_cat-repuestosaccesorios","10":"first","11":"instock","12":"taxable","13":"shipping-taxable","14":"purchasable","15":"product-type-variable"},"jetpack_sharing_enabled":true,"_links":{"self":[{"href":"https:\/\/marcafede.com.ar\/iluminacion\/wp-json\/wp\/v2\/product\/43248","targetHints":{"allow":["GET"]}}],"collection":[{"href":"https:\/\/marcafede.com.ar\/iluminacion\/wp-json\/wp\/v2\/product"}],"about":[{"href":"https:\/\/marcafede.com.ar\/iluminacion\/wp-json\/wp\/v2\/types\/product"}],"wp:featuredmedia":[{"embeddable":true,"href":"https:\/\/marcafede.com.ar\/iluminacion\/wp-json\/wp\/v2\/media\/43252"}],"wp:attachment":[{"href":"https:\/\/marcafede.com.ar\/iluminacion\/wp-json\/wp\/v2\/media?parent=43248"}],"wp:term":[{"taxonomy":"product_brand","embeddable":true,"href":"https:\/\/marcafede.com.ar\/iluminacion\/wp-json\/wp\/v2\/product_brand?post=43248"},{"taxonomy":"product_cat","embeddable":true,"href":"https:\/\/marcafede.com.ar\/iluminacion\/wp-json\/wp\/v2\/product_cat?post=43248"},{"taxonomy":"product_tag","embeddable":true,"href":"https:\/\/marcafede.com.ar\/iluminacion\/wp-json\/wp\/v2\/product_tag?post=43248"}],"curies":[{"name":"wp","href":"https:\/\/api.w.org\/{rel}","templated":true}]}}