{"id":43498,"date":"2026-01-03T14:57:09","date_gmt":"2026-01-03T17:57:09","guid":{"rendered":"https:\/\/marcafede.com.ar\/iluminacion\/?post_type=product&#038;p=43498"},"modified":"2026-01-04T12:12:11","modified_gmt":"2026-01-04T15:12:11","slug":"farol-de-piso-alto-delimitador-de-senderos-apto-led-e27","status":"publish","type":"product","link":"https:\/\/marcafede.com.ar\/iluminacion\/producto\/farol-de-piso-alto-delimitador-de-senderos-apto-led-e27\/","title":{"rendered":"Farol de Piso Alto &#8211; Delimitador de Senderos &#8211; Apto Led E27"},"content":{"rendered":"<p>Farol de Piso Alto &#8211; Delimitador de Senderos &#8211; Apto Led E27<\/p>\n<p>Luces de Camino &#8211; Farol de piso Delimitador Senderos<br \/>\nIluminaci\u00f3n de paisaje al aire libre Apto Led &#8211; E27<\/p>\n<p>VARIACIONES:<br \/>\nEstaca con Chicote de cable<br \/>\nBase Apoyo Plana con Chicote de Cable<br \/>\nBase Apoyo Plana con Ficha macho y Tecla de encendido.<\/p>\n<p>** NO INCLUYE LAMPARA ***<\/p>\n<p>PORTALAMPARA: E27 CERAMICO, APTO LED O BAJO CONSUMO.<\/p>\n<p>La luz LED para caminos de paisaje es ideal para la iluminaci\u00f3n decorativa de jardines y paisajes.<br \/>\nPerfectamente adecuado para iluminaci\u00f3n de caminos como aceras y entradas de veh\u00edculos, y tambi\u00e9n se puede utilizar para iluminaci\u00f3n de acento en jardines y patios.<br \/>\nEl cuerpo Acr\u00edlico tiene buena disipaci\u00f3n de calor y resistencia a las contingencias clim\u00e1ticas.<br \/>\nIlumina perfectamente patios, caminos, jardines, c\u00e9sped y arbustos.<br \/>\nLa excelente resistencia al agua IP65 y las temperaturas de funcionamiento lo hacen adecuado para uso en exteriores durante todo el a\u00f1o.<br \/>\nDise\u00f1o Elegante de gama alta. Robusto y duradero.<br \/>\nLa distribuci\u00f3n uniforme de la luz, el aspecto elegante y minimalista y la capacidad de mejorar las caracter\u00edsticas del paisaje,<br \/>\nlos convierten en la elecci\u00f3n perfecta para aquellos que buscan mejorar el atractivo est\u00e9tico de sus espacios al aire libre.<\/p>\n<p>Listo para instalar, ideal para todo tipo de ambientes, tanto para el hogar como para negocios.<br \/>\nLos portal\u00e1mparas est\u00e1n preparados para l\u00e1mparas E27 y pueden usar l\u00e1mparas con tecnolog\u00eda led<br \/>\nIluminaci\u00f3n brillante y suave.<\/p>\n<p>COLOR BASE: Negro y  Blanco<br \/>\nCOLOR ESTACA: Negro<br \/>\nAplicaci\u00f3n: Piso<br \/>\nPortal\u00e1mpara: E27 (rosca com\u00fan)<br \/>\nTensi\u00f3n: 220V<br \/>\nFrecuencia: 50hz<br \/>\nGrado de protecci\u00f3n: IP65<br \/>\nMaterial: Hierro c\/tratamiento anticorrosivo, Acr\u00edlico<br \/>\nAplicaci\u00f3n: entradas, jardines, rampas, etc.<br \/>\nTipo de l\u00e1mpara: Rosca com\u00fan E27 220V<br \/>\nPotencia \/ Equivalencia:  E27 7W (60W)<br \/>\nDistribuci\u00f3n de la luz: Focalizada, luz de seguridad<br \/>\nSistema \u00f3ptico: policarbonato opal antivand\u00e1lico<br \/>\nDistribuci\u00f3n de luz: directa &#8211; sim\u00e9trica<br \/>\nLas fotos son ilustrativas, se entrega el modelo dependiendo de la disponibilidad.<\/p>\n<p>&#8212;&#8212;&#8212;&#8212;&#8212;&#8212;&#8212;&#8212;&#8212;&#8212;&#8211;MARCAFEDE&#8212;&#8212;&#8212;&#8212;&#8212;&#8212;&#8212;&#8212;&#8212;&#8212;&#8211; <\/p>\n<p>ILUMINACION &#8211; ACCESORIOS &#8211; ELECTRONICA &#8211; CCTV &#8211; DISE\u00d1O WEB &#8211; ALARMAS &#8211; CAMARAS<\/p>\n<p>VEA TODOS LOS PRODUCTOS AQUI:<br \/>\nhttps:\/\/www.mercadolibre.com.ar\/pagina\/marcafede<\/p>\n<p>FORMAS DE PAGO: <\/p>\n<p>* A trav\u00e9s de Mercado Pago con:<br \/>\n&#8211; Tarjeta de cr\u00e9dito<br \/>\n&#8211; Tarjeta de d\u00e9bito<br \/>\n* Efectivo en nuestro Showroom (Dep\u00f3sito)<br \/>\n* Dep\u00f3sito o transferencia bancaria <\/p>\n<p>FORMAS DE ENV\u00cdO <\/p>\n<p>* Realizamos env\u00edos a todo el pa\u00eds por:<br \/>\n&#8211; Mercado env\u00edos<br \/>\n&#8211; OCA o Correo Argentino<br \/>\n&#8211; Micro a la sucursal<br \/>\n&#8211; V\u00eda Cargo<br \/>\n&#8211; Bus Pack<br \/>\n&#8211; Cruz del Sur<br \/>\n&#8211; Moto a domicilio<br \/>\n&#8211; Puede retirar en nuestro dep\u00f3sito<br \/>\n&#8211; o por el medio que sea de su preferencia <\/p>\n<p>GARANT\u00cdA <\/p>\n<p>Iluminaci\u00f3n MarcaFede brinda garant\u00eda de 6 meses por defectos de fabricaci\u00f3n que provee el fabricante o importador, la misma queda<br \/>\nsin efecto por mal uso o roturas por agentes externos como por ejemplo mal trato del transporte indicado por el comprador.<br \/>\nEn todos los casos la mercader\u00eda debe ser remitida al servicio t\u00e9cnico, el producto debe conservar su embalaje original con accesorios completos.<br \/>\nTODOS LOS GASTOS DEL TRASLADO CORREN POR CUENTA DEL COMPRADOR SIN EXCEPCION. <\/p>\n<p>HACEMOS FACTURA A<\/p>\n<p>UBICACI\u00d3N <\/p>\n<p>Estamos a 4 y 8 cuadras de Estaci\u00f3n Lan\u00fas Oeste.<br \/>\nNO TENEMOS LOCAL DE VENTA A LA CALLE.<br \/>\nLos retiros pueden realizarse en los siguientes horarios, con previo aviso.<br \/>\nA 4 Cuadras por la tarde de 16 a 19 hs.<br \/>\nA 8 Cuadras por la ma\u00f1ana de 9:30 a 14 Hs.<br \/>\nLos d\u00edas S\u00e1bados coordinar horario y lugar<\/p>\n","protected":false},"excerpt":{"rendered":"<p>Farol de Piso Alto &#8211; Delimitador de Senderos &#8211; Apto Led E27 Luces de Camino &#8211; Farol de piso Delimitador Senderos Iluminaci\u00f3n de paisaje al aire libre Apto Led &#8211; E27 VARIACIONES: Estaca con Chicote de cable Base Apoyo Plana con Chicote de Cable Base Apoyo Plana con Ficha macho y Tecla de encendido. ** [&hellip;]<\/p>\n","protected":false},"featured_media":43522,"template":"","meta":[],"product_brand":[],"product_cat":[86,30],"product_tag":[],"class_list":{"0":"post-43498","1":"product","2":"type-product","3":"status-publish","4":"has-post-thumbnail","6":"product_cat-globos-piso","7":"product_cat-marcafede","9":"first","10":"instock","11":"taxable","12":"shipping-taxable","13":"purchasable","14":"product-type-variable"},"jetpack_sharing_enabled":true,"_links":{"self":[{"href":"https:\/\/marcafede.com.ar\/iluminacion\/wp-json\/wp\/v2\/product\/43498","targetHints":{"allow":["GET"]}}],"collection":[{"href":"https:\/\/marcafede.com.ar\/iluminacion\/wp-json\/wp\/v2\/product"}],"about":[{"href":"https:\/\/marcafede.com.ar\/iluminacion\/wp-json\/wp\/v2\/types\/product"}],"wp:featuredmedia":[{"embeddable":true,"href":"https:\/\/marcafede.com.ar\/iluminacion\/wp-json\/wp\/v2\/media\/43522"}],"wp:attachment":[{"href":"https:\/\/marcafede.com.ar\/iluminacion\/wp-json\/wp\/v2\/media?parent=43498"}],"wp:term":[{"taxonomy":"product_brand","embeddable":true,"href":"https:\/\/marcafede.com.ar\/iluminacion\/wp-json\/wp\/v2\/product_brand?post=43498"},{"taxonomy":"product_cat","embeddable":true,"href":"https:\/\/marcafede.com.ar\/iluminacion\/wp-json\/wp\/v2\/product_cat?post=43498"},{"taxonomy":"product_tag","embeddable":true,"href":"https:\/\/marcafede.com.ar\/iluminacion\/wp-json\/wp\/v2\/product_tag?post=43498"}],"curies":[{"name":"wp","href":"https:\/\/api.w.org\/{rel}","templated":true}]}}