{"id":43534,"date":"2026-02-01T12:17:43","date_gmt":"2026-02-01T15:17:43","guid":{"rendered":"https:\/\/marcafede.com.ar\/iluminacion\/?post_type=product&#038;p=43534"},"modified":"2026-02-01T12:17:43","modified_gmt":"2026-02-01T15:17:43","slug":"olla-cazuela-fundicion-aluminio-apilable-ideal-parrilla","status":"publish","type":"product","link":"https:\/\/marcafede.com.ar\/iluminacion\/producto\/olla-cazuela-fundicion-aluminio-apilable-ideal-parrilla\/","title":{"rendered":"Olla Cazuela Fundici\u00f3n Aluminio Apilable Ideal Parrilla"},"content":{"rendered":"<p>Olla Cazuela Fundici\u00f3n Aluminio Apilable Ideal Parrilla<br \/>\nIdeal Provoleta<br \/>\nColor Aluminio Crudo sin curar<\/p>\n<p>&#8211; Aptas para Fuego Directo, Hornalla de Cocina, Brasas, Parrilla, Horno, Freidoras de Aire.<\/p>\n<p>Medidas aproximadas:<br \/>\nDi\u00e1metro: 10 Cm<br \/>\nAltura Total: 8 Cm<br \/>\nAltura de llenado: 4 Cm.<\/p>\n<p>Capacidad Aproximada: 150 cm3<\/p>\n<p>Le dar\u00e1s un toque especial a cada comida, cautivando el paladar de los comensales<\/p>\n<p>IMPORTANTE:<\/p>\n<p>Apta para fuego directo, brasas, parrilla y horno.<br \/>\nPara cocinar y presentar en mesa en un mismo elemento.<br \/>\nConserva el calor de los alimentos en la mesa por un tiempo prolongado.<br \/>\nLa cocci\u00f3n contin\u00faa un rato m\u00e1s tras retirar el recipiente del fuego.<br \/>\nLos alimentos no deben estar congelados, ni muy fr\u00edos.<br \/>\nPara revolver, es importante utilizar una cuchara de madera o silicona.<\/p>\n<p>Propiedades:<br \/>\n&#8211; Mantiene el calor.<br \/>\n&#8211; Es f\u00e1ciles de limpiar.<br \/>\n&#8211; Resistente a altas temperaturas.<br \/>\n&#8211; Apta para Parrilla, Horno, Freidora de Aire.<br \/>\n&#8211; Apta para uso en lavavajillas.<\/p>\n<p>Las fotos son ilustrativas, se entrega el modelo dependiendo de la disponibilidad.<\/p>\n<p>&#8212;&#8212;&#8212;&#8212;&#8212;&#8212;&#8212;&#8212;&#8212;&#8212;&#8211;MARCAFEDE&#8212;&#8212;&#8212;&#8212;&#8212;&#8212;&#8212;&#8212;&#8212;&#8212;&#8211; <\/p>\n<p>ILUMINACION &#8211; ACCESORIOS &#8211; ELECTRONICA &#8211; CCTV &#8211; DISE\u00d1O WEB &#8211; ALARMAS &#8211; CAMARAS<\/p>\n<p>VEA TODOS LOS PRODUCTOS AQUI:<br \/>\nhttps:\/\/www.mercadolibre.com.ar\/pagina\/marcafede<\/p>\n<p>FORMAS DE PAGO: <\/p>\n<p>* A trav\u00e9s de Mercado Pago con:<br \/>\n&#8211; Tarjeta de cr\u00e9dito<br \/>\n&#8211; Tarjeta de d\u00e9bito<br \/>\n* Efectivo en nuestro Showroom (Dep\u00f3sito)<br \/>\n* Dep\u00f3sito o transferencia bancaria <\/p>\n<p>FORMAS DE ENV\u00cdO <\/p>\n<p>* Realizamos env\u00edos a todo el pa\u00eds por:<br \/>\n&#8211; Mercado env\u00edos<br \/>\n&#8211; OCA o Correo Argentino<br \/>\n&#8211; Micro a la sucursal<br \/>\n&#8211; V\u00eda Cargo<br \/>\n&#8211; Bus Pack<br \/>\n&#8211; Cruz del Sur<br \/>\n&#8211; Moto a domicilio<br \/>\n&#8211; Puede retirar en nuestro dep\u00f3sito<br \/>\n&#8211; o por el medio que sea de su preferencia <\/p>\n<p>GARANT\u00cdA <\/p>\n<p>Iluminaci\u00f3n MarcaFede brinda garant\u00eda de 6 meses por defectos de fabricaci\u00f3n que provee el fabricante o importador, la misma queda<br \/>\nsin efecto por mal uso o roturas por agentes externos como por ejemplo mal trato del transporte indicado por el comprador.<br \/>\nEn todos los casos la mercader\u00eda debe ser remitida al servicio t\u00e9cnico, el producto debe conservar su embalaje original con accesorios completos.<br \/>\nTODOS LOS GASTOS DEL TRASLADO CORREN POR CUENTA DEL COMPRADOR SIN EXCEPCION. <\/p>\n<p>HACEMOS FACTURA A<\/p>\n<p>UBICACI\u00d3N <\/p>\n<p>Estamos a 4 y 8 cuadras de Estaci\u00f3n Lan\u00fas Oeste.<br \/>\nNO TENEMOS LOCAL DE VENTA A LA CALLE.<br \/>\nLos retiros pueden realizarse en los siguientes horarios, con previo aviso.<br \/>\nA 4 Cuadras por la tarde de 16 a 19 hs.<br \/>\nA 8 Cuadras por la ma\u00f1ana de 9:30 a 14 Hs.<br \/>\nLos d\u00edas S\u00e1bados coordinar horario y lugar.<\/p>\n","protected":false},"excerpt":{"rendered":"<p>Olla Cazuela Fundici\u00f3n Aluminio Apilable Ideal Parrilla Ideal Provoleta Color Aluminio Crudo sin curar &#8211; Aptas para Fuego Directo, Hornalla de Cocina, Brasas, Parrilla, Horno, Freidoras de Aire. Medidas aproximadas: Di\u00e1metro: 10 Cm Altura Total: 8 Cm Altura de llenado: 4 Cm. Capacidad Aproximada: 150 cm3 Le dar\u00e1s un toque especial a cada comida, cautivando [&hellip;]<\/p>\n","protected":false},"featured_media":43540,"template":"","meta":[],"product_brand":[],"product_cat":[30,107],"product_tag":[],"class_list":{"0":"post-43534","1":"product","2":"type-product","3":"status-publish","4":"has-post-thumbnail","6":"product_cat-marcafede","7":"product_cat-varios","9":"first","10":"instock","11":"taxable","12":"shipping-taxable","13":"purchasable","14":"product-type-simple"},"jetpack_sharing_enabled":true,"_links":{"self":[{"href":"https:\/\/marcafede.com.ar\/iluminacion\/wp-json\/wp\/v2\/product\/43534","targetHints":{"allow":["GET"]}}],"collection":[{"href":"https:\/\/marcafede.com.ar\/iluminacion\/wp-json\/wp\/v2\/product"}],"about":[{"href":"https:\/\/marcafede.com.ar\/iluminacion\/wp-json\/wp\/v2\/types\/product"}],"wp:featuredmedia":[{"embeddable":true,"href":"https:\/\/marcafede.com.ar\/iluminacion\/wp-json\/wp\/v2\/media\/43540"}],"wp:attachment":[{"href":"https:\/\/marcafede.com.ar\/iluminacion\/wp-json\/wp\/v2\/media?parent=43534"}],"wp:term":[{"taxonomy":"product_brand","embeddable":true,"href":"https:\/\/marcafede.com.ar\/iluminacion\/wp-json\/wp\/v2\/product_brand?post=43534"},{"taxonomy":"product_cat","embeddable":true,"href":"https:\/\/marcafede.com.ar\/iluminacion\/wp-json\/wp\/v2\/product_cat?post=43534"},{"taxonomy":"product_tag","embeddable":true,"href":"https:\/\/marcafede.com.ar\/iluminacion\/wp-json\/wp\/v2\/product_tag?post=43534"}],"curies":[{"name":"wp","href":"https:\/\/api.w.org\/{rel}","templated":true}]}}