{"id":43559,"date":"2026-02-21T12:09:12","date_gmt":"2026-02-21T15:09:12","guid":{"rendered":"https:\/\/marcafede.com.ar\/iluminacion\/?post_type=product&#038;p=43559"},"modified":"2026-02-21T12:09:12","modified_gmt":"2026-02-21T15:09:12","slug":"aplique-globo-mensula-de-pared-exterior-vidrio-burbuja-e27","status":"publish","type":"product","link":"https:\/\/marcafede.com.ar\/iluminacion\/producto\/aplique-globo-mensula-de-pared-exterior-vidrio-burbuja-e27\/","title":{"rendered":"Aplique Globo M\u00e9nsula De Pared Exterior Vidrio Burbuja &#8211; E27"},"content":{"rendered":"<p>Aplique Globo Vidrio 10 x1 8 cm Base Pl\u00e1stica Exterior 22x10cm<\/p>\n<p>DESCRIPCI\u00d3N DEL PRODUCTO:<\/p>\n<p>** NO INCLUYE LAMPARA **<\/p>\n<p>&#8211; Soporte est\u00e1 realizado en polipropileno 22&#215;10 cm<br \/>\n&#8211; Tulipa globo 10&#215;18 de vidrio.<br \/>\n&#8211; Portal\u00e1mpara: E27<br \/>\n&#8211; Color: Negro \u00f3 Blanco<br \/>\n&#8211; Aptos para l\u00e1mparas COMUNES hasta 100w &#8211; BAJO CONSUMO y l\u00e1mparas LED 20w<\/p>\n<p>Las fotos son ilustrativas, se entrega el modelo dependiendo de la disponibilidad.<\/p>\n<p>&#8212;&#8212;&#8212;&#8212;&#8212;&#8212;&#8212;&#8212;&#8212;&#8212;&#8211;MARCAFEDE&#8212;&#8212;&#8212;&#8212;&#8212;&#8212;&#8212;&#8212;&#8212;&#8212;&#8211;<\/p>\n<p>ILUMINACION &#8211; ACCESORIOS &#8211; ELECTRONICA &#8211; CCTV &#8211; DISE\u00d1O WEB &#8211; ALARMAS &#8211; CAMARAS<\/p>\n<p>VEA TODOS LOS PRODUCTOS<\/p>\n<p>TODOS LOS PRODUCTOS AQUI: https:\/\/eshops.mercadolibre.com.ar\/MARCAFEDE<\/p>\n<p>FORMAS DE PAGO:<\/p>\n<p>* A trav\u00e9s de Mercado Pago con:<br \/>\n&#8211; Tarjeta de cr\u00e9dito<br \/>\n&#8211; Tarjeta de d\u00e9bito<br \/>\n* Efectivo en nuestro Showroom (Dep\u00f3sito)<br \/>\n* Dep\u00f3sito o transferencia bancaria<\/p>\n<p>FORMAS DE ENV\u00cdO<\/p>\n<p>* Realizamos env\u00edos a todo el pa\u00eds por:<br \/>\n&#8211; Mercado env\u00edos<br \/>\n&#8211; OCA o Correo Argentino<br \/>\n&#8211; Micro a la sucursal<br \/>\n&#8211; V\u00eda Cargo<br \/>\n&#8211; Bus Pack<br \/>\n&#8211; Cruz del Sur<br \/>\n&#8211; Moto a domicilio<br \/>\n&#8211; Puede retirar en nuestro dep\u00f3sito<br \/>\n&#8211; o por el medio que sea de su preferencia<\/p>\n<p>GARANT\u00cdA<\/p>\n<p>Iluminaci\u00f3n MarcaFede brinda garant\u00eda de 6 meses por defectos de fabricaci\u00f3n que provee el fabricante o importador, la misma queda<br \/>\nsin efecto por mal uso o roturas por agentes externos como por ejemplo mal trato del transporte indicado por el comprador.<br \/>\nEn todos los casos la mercader\u00eda debe ser remitida al servicio t\u00e9cnico, el producto debe conservar su embalaje original con accesorios completos.<br \/>\nTODOS LOS GASTOS DEL TRASLADO CORREN POR CUENTA DEL COMPRADOR SIN EXCEPCION.<\/p>\n<p>HACEMOS FACTURA A<\/p>\n<p>UBICACI\u00d3N<\/p>\n<p>Estamos a 4 y 8 cuadras de Estaci\u00f3n Lan\u00fas Oeste.<br \/>\nNO TENEMOS LOCAL DE VENTA A LA CALLE.<br \/>\nLos retiros pueden realizarse en los siguientes horarios, con previo aviso.<br \/>\nA 4 Cuadras por la tarde de 16 a 19 hs.<br \/>\nA 8 Cuadras por la ma\u00f1ana de 9:30 a 14 Hs.<br \/>\nLos d\u00edas S\u00e1bados coordinar horario y lugar<\/p>\n","protected":false},"excerpt":{"rendered":"<p>Aplique Globo Vidrio 10 x1 8 cm Base Pl\u00e1stica Exterior 22x10cm DESCRIPCI\u00d3N DEL PRODUCTO: ** NO INCLUYE LAMPARA ** &#8211; Soporte est\u00e1 realizado en polipropileno 22&#215;10 cm &#8211; Tulipa globo 10&#215;18 de vidrio. &#8211; Portal\u00e1mpara: E27 &#8211; Color: Negro \u00f3 Blanco &#8211; Aptos para l\u00e1mparas COMUNES hasta 100w &#8211; BAJO CONSUMO y l\u00e1mparas LED 20w [&hellip;]<\/p>\n","protected":false},"featured_media":43563,"template":"","meta":[],"product_brand":[],"product_cat":[104,30],"product_tag":[],"class_list":{"0":"post-43559","1":"product","2":"type-product","3":"status-publish","4":"has-post-thumbnail","6":"product_cat-globos-jardin","7":"product_cat-marcafede","9":"first","10":"instock","11":"taxable","12":"shipping-taxable","13":"purchasable","14":"product-type-variable"},"jetpack_sharing_enabled":true,"_links":{"self":[{"href":"https:\/\/marcafede.com.ar\/iluminacion\/wp-json\/wp\/v2\/product\/43559","targetHints":{"allow":["GET"]}}],"collection":[{"href":"https:\/\/marcafede.com.ar\/iluminacion\/wp-json\/wp\/v2\/product"}],"about":[{"href":"https:\/\/marcafede.com.ar\/iluminacion\/wp-json\/wp\/v2\/types\/product"}],"wp:featuredmedia":[{"embeddable":true,"href":"https:\/\/marcafede.com.ar\/iluminacion\/wp-json\/wp\/v2\/media\/43563"}],"wp:attachment":[{"href":"https:\/\/marcafede.com.ar\/iluminacion\/wp-json\/wp\/v2\/media?parent=43559"}],"wp:term":[{"taxonomy":"product_brand","embeddable":true,"href":"https:\/\/marcafede.com.ar\/iluminacion\/wp-json\/wp\/v2\/product_brand?post=43559"},{"taxonomy":"product_cat","embeddable":true,"href":"https:\/\/marcafede.com.ar\/iluminacion\/wp-json\/wp\/v2\/product_cat?post=43559"},{"taxonomy":"product_tag","embeddable":true,"href":"https:\/\/marcafede.com.ar\/iluminacion\/wp-json\/wp\/v2\/product_tag?post=43559"}],"curies":[{"name":"wp","href":"https:\/\/api.w.org\/{rel}","templated":true}]}}