{"id":43701,"date":"2026-03-10T12:24:14","date_gmt":"2026-03-10T15:24:14","guid":{"rendered":"https:\/\/marcafede.com.ar\/iluminacion\/?post_type=product&#038;p=43701"},"modified":"2026-03-10T12:24:15","modified_gmt":"2026-03-10T15:24:15","slug":"lampara-led-bipin-g9-220-v","status":"publish","type":"product","link":"https:\/\/marcafede.com.ar\/iluminacion\/producto\/lampara-led-bipin-g9-220-v\/","title":{"rendered":"L\u00e1mpara Led Bipin G9 &#8211; 220 V"},"content":{"rendered":"<p>\u2022 L\u00e1mpara Led BIPIN G9 &#8211;  220 V &#8211; C\u00e1lida, Fr\u00eda.<\/p>\n<p>&#8211; Protecci\u00f3n: IP20<br \/>\n&#8211; L\u00famenes: 290 lm<br \/>\n&#8211; Potencia: 4W (Fr\u00eda) &#8211; 4.5W (C\u00e1lida)<br \/>\n&#8211; Casquillo: G9<br \/>\n&#8211; \u00c1ngulo Apertura: 360\u00ba<br \/>\n&#8211; Vida \u00datil: 19.000 Hs.<br \/>\n&#8211; Tensi\u00f3n: 220V-50Hz<br \/>\n&#8211; Voltaje: 220 V<br \/>\n&#8211; Medidas: Alto = 30 mm &#8211; Di\u00e1metro = 15 mm<\/p>\n<p>&#8212;&#8212;&#8212;&#8212;&#8212;&#8212;&#8212;&#8212;&#8212;&#8212;&#8211;MARCAFEDE&#8212;&#8212;&#8212;&#8212;&#8212;&#8212;&#8212;&#8212;&#8212;&#8212;&#8211; <\/p>\n<p>ILUMINACION &#8211; ACCESORIOS &#8211; ELECTRONICA &#8211; CCTV &#8211; DISE\u00d1O WEB &#8211; ALARMAS &#8211; CAMARAS<\/p>\n<p>VEA TODOS LOS PRODUCTOS AQUI:<br \/>\nhttps:\/\/www.mercadolibre.com.ar\/pagina\/marcafede<\/p>\n<p>FORMAS DE PAGO: <\/p>\n<p>* A trav\u00e9s de Mercado Pago con:<br \/>\n&#8211; Tarjeta de cr\u00e9dito<br \/>\n&#8211; Tarjeta de d\u00e9bito<br \/>\n* Efectivo en nuestro Showroom (Dep\u00f3sito)<br \/>\n* Dep\u00f3sito o transferencia bancaria <\/p>\n<p>FORMAS DE ENV\u00cdO <\/p>\n<p>* Realizamos env\u00edos a todo el pa\u00eds por:<br \/>\n&#8211; Mercado env\u00edos<br \/>\n&#8211; OCA o Correo Argentino<br \/>\n&#8211; Micro a la sucursal<br \/>\n&#8211; V\u00eda Cargo<br \/>\n&#8211; Bus Pack<br \/>\n&#8211; Cruz del Sur<br \/>\n&#8211; Moto a domicilio<br \/>\n&#8211; Puede retirar en nuestro deposito<br \/>\n&#8211; o por el medio que sea de su preferencia <\/p>\n<p>GARANT\u00cdA <\/p>\n<p>Iluminaci\u00f3n MarcaFede brinda garant\u00eda de 6 meses por defectos de fabricaci\u00f3n que provee el fabricante o importador, la misma queda<br \/>\nsin efecto por mal uso o roturas por agentes externos como por ejemplo mal trato del transporte indicado por el comprador.<br \/>\nEn todos los casos la mercader\u00eda debe ser remitida al servicio t\u00e9cnico, el producto debe conservar su embalaje original con accesorios completos.<br \/>\nTODOS LOS GASTOS DEL TRASLADO CORREN POR CUENTA DEL COMPRADOR SIN EXCEPCION. <\/p>\n<p>HACEMOS FACTURA A<\/p>\n<p>UBICACI\u00d3N <\/p>\n<p>Estamos a 4 y 8 cuadras de Estaci\u00f3n Lan\u00fas Oeste.<br \/>\nNO TENEMOS LOCAL DE VENTA A LA CALLE.<br \/>\nLos retiros pueden realizarse en los siguientes horarios, con previo aviso.<br \/>\nA 4 Cuadras por la tarde de 16 a 19 hs.<br \/>\nA 8 Cuadras por la ma\u00f1ana de 9:30 a 14 Hs.<br \/>\nLos d\u00edas S\u00e1bados coordinar horario y lugar.<\/p>\n","protected":false},"excerpt":{"rendered":"<p>\u2022 L\u00e1mpara Led BIPIN G9 &#8211; 220 V &#8211; C\u00e1lida, Fr\u00eda. &#8211; Protecci\u00f3n: IP20 &#8211; L\u00famenes: 290 lm &#8211; Potencia: 4W (Fr\u00eda) &#8211; 4.5W (C\u00e1lida) &#8211; Casquillo: G9 &#8211; \u00c1ngulo Apertura: 360\u00ba &#8211; Vida \u00datil: 19.000 Hs. &#8211; Tensi\u00f3n: 220V-50Hz &#8211; Voltaje: 220 V &#8211; Medidas: Alto = 30 mm &#8211; Di\u00e1metro = 15 mm [&hellip;]<\/p>\n","protected":false},"featured_media":43704,"template":"","meta":[],"product_brand":[],"product_cat":[77,30,78],"product_tag":[],"class_list":{"0":"post-43701","1":"product","2":"type-product","3":"status-publish","4":"has-post-thumbnail","6":"product_cat-lamparas","7":"product_cat-marcafede","8":"product_cat-repuestosaccesorios","10":"first","11":"instock","12":"taxable","13":"shipping-taxable","14":"purchasable","15":"product-type-variable"},"jetpack_sharing_enabled":true,"_links":{"self":[{"href":"https:\/\/marcafede.com.ar\/iluminacion\/wp-json\/wp\/v2\/product\/43701","targetHints":{"allow":["GET"]}}],"collection":[{"href":"https:\/\/marcafede.com.ar\/iluminacion\/wp-json\/wp\/v2\/product"}],"about":[{"href":"https:\/\/marcafede.com.ar\/iluminacion\/wp-json\/wp\/v2\/types\/product"}],"wp:featuredmedia":[{"embeddable":true,"href":"https:\/\/marcafede.com.ar\/iluminacion\/wp-json\/wp\/v2\/media\/43704"}],"wp:attachment":[{"href":"https:\/\/marcafede.com.ar\/iluminacion\/wp-json\/wp\/v2\/media?parent=43701"}],"wp:term":[{"taxonomy":"product_brand","embeddable":true,"href":"https:\/\/marcafede.com.ar\/iluminacion\/wp-json\/wp\/v2\/product_brand?post=43701"},{"taxonomy":"product_cat","embeddable":true,"href":"https:\/\/marcafede.com.ar\/iluminacion\/wp-json\/wp\/v2\/product_cat?post=43701"},{"taxonomy":"product_tag","embeddable":true,"href":"https:\/\/marcafede.com.ar\/iluminacion\/wp-json\/wp\/v2\/product_tag?post=43701"}],"curies":[{"name":"wp","href":"https:\/\/api.w.org\/{rel}","templated":true}]}}