{"id":43817,"date":"2026-04-08T14:47:39","date_gmt":"2026-04-08T17:47:39","guid":{"rendered":"https:\/\/marcafede.com.ar\/iluminacion\/?post_type=product&#038;p=43817"},"modified":"2026-04-08T14:48:55","modified_gmt":"2026-04-08T17:48:55","slug":"plafon-chapa-chico-15-cromado-vidrio-opal-e27-apto-led","status":"publish","type":"product","link":"https:\/\/marcafede.com.ar\/iluminacion\/producto\/plafon-chapa-chico-15-cromado-vidrio-opal-e27-apto-led\/","title":{"rendered":"Plaf\u00f3n Chapa Chico (15) Cromado Vidrio Opal &#8211; E27 Apto Led"},"content":{"rendered":"<p>Plaf\u00f3n Chapa Chico (15) Cromado Vidrio Opal &#8211; E27 Apto Led<br \/>\nVidrio Boina Opal, Estrella Opal y Escolar Opal Satinado y Opal Brillante.<\/p>\n<p>** NO INCLUYE LAMPARA **<br \/>\n**INCLUYE PORTALAMPARAS CABLEADO **<\/p>\n<p>DESCRIPCI\u00d3N<\/p>\n<p>Medidas: Di\u00e1metro 15 cm. &#8211; Alto Base 2 cm. &#8211; Alto Total: 7 cm.<br \/>\nPortal\u00e1mpara: E27<br \/>\nMaterial Base: Chapa.<br \/>\nProceso de Pintado Electrost\u00e1tico con Pintura Epoxi &#8211; Pintura Secada a Fuego y Horneada.<br \/>\nMaterial de la Carcasa:<br \/>\nVidrio Estrella: Opal Satinado<br \/>\nVidrio Boina: Opal Satinado<br \/>\nVidrio Escolar: Opal Satinado \u00fa Opal Brillante.<\/p>\n<p>Las fotos son ilustrativas, se entrega el modelo dependiendo de la disponibilidad.<\/p>\n<p>&#8212;&#8212;&#8212;&#8212;&#8212;&#8212;&#8212;&#8212;&#8212;&#8212;&#8211;MARCAFEDE&#8212;&#8212;&#8212;&#8212;&#8212;&#8212;&#8212;&#8212;&#8212;&#8212;&#8211; <\/p>\n<p>ILUMINACION &#8211; ACCESORIOS &#8211; ELECTRONICA &#8211; CCTV &#8211; DISE\u00d1O WEB &#8211; ALARMAS &#8211; CAMARAS<\/p>\n<p>VEA TODOS LOS PRODUCTOS AQUI:<br \/>\nhttps:\/\/www.mercadolibre.com.ar\/pagina\/marcafede<\/p>\n<p>FORMAS DE PAGO: <\/p>\n<p>* A trav\u00e9s de Mercado Pago con:<br \/>\n&#8211; Tarjeta de cr\u00e9dito<br \/>\n&#8211; Tarjeta de d\u00e9bito<br \/>\n* Efectivo en nuestro Showroom (Dep\u00f3sito)<br \/>\n* Dep\u00f3sito o transferencia bancaria <\/p>\n<p>FORMAS DE ENV\u00cdO <\/p>\n<p>* Realizamos env\u00edos a todo el pa\u00eds por:<br \/>\n&#8211; Mercado env\u00edos<br \/>\n&#8211; OCA o Correo Argentino<br \/>\n&#8211; Micro a la sucursal<br \/>\n&#8211; V\u00eda Cargo<br \/>\n&#8211; Bus Pack<br \/>\n&#8211; Cruz del Sur<br \/>\n&#8211; Moto a domicilio<br \/>\n&#8211; Puede retirar en nuestro dep\u00f3sito<br \/>\n&#8211; o por el medio que sea de su preferencia <\/p>\n<p>GARANT\u00cdA <\/p>\n<p>Iluminaci\u00f3n MarcaFede brinda garant\u00eda de 6 meses por defectos de fabricaci\u00f3n que provee el fabricante o importador, la misma queda<br \/>\nsin efecto por mal uso o roturas por agentes externos como por ejemplo mal trato del transporte indicado por el comprador.<br \/>\nEn todos los casos la mercader\u00eda debe ser remitida al servicio t\u00e9cnico, el producto debe conservar su embalaje original con accesorios completos.<br \/>\nTODOS LOS GASTOS DEL TRASLADO CORREN POR CUENTA DEL COMPRADOR SIN EXCEPCION. <\/p>\n<p>HACEMOS FACTURA A<\/p>\n<p>UBICACI\u00d3N <\/p>\n<p>Estamos a 4 y 8 cuadras de Estaci\u00f3n Lan\u00fas Oeste.<br \/>\nNO TENEMOS LOCAL DE VENTA A LA CALLE.<br \/>\nLos retiros pueden realizarse en los siguientes horarios, con previo aviso.<br \/>\nA 4 Cuadras por la tarde de 16 a 19 hs.<br \/>\nA 8 Cuadras por la ma\u00f1ana de 9:30 a 14 Hs.<br \/>\nLos d\u00edas S\u00e1bados coordinar horario y lugar<\/p>\n","protected":false},"excerpt":{"rendered":"<p>Plaf\u00f3n Chapa Chico (15) Cromado Vidrio Opal &#8211; E27 Apto Led Vidrio Boina Opal, Estrella Opal y Escolar Opal Satinado y Opal Brillante. ** NO INCLUYE LAMPARA ** **INCLUYE PORTALAMPARAS CABLEADO ** DESCRIPCI\u00d3N Medidas: Di\u00e1metro 15 cm. &#8211; Alto Base 2 cm. &#8211; Alto Total: 7 cm. Portal\u00e1mpara: E27 Material Base: Chapa. Proceso de Pintado [&hellip;]<\/p>\n","protected":false},"featured_media":43822,"template":"","meta":[],"product_brand":[],"product_cat":[30,105],"product_tag":[],"class_list":{"0":"post-43817","1":"product","2":"type-product","3":"status-publish","4":"has-post-thumbnail","6":"product_cat-marcafede","7":"product_cat-plafones-chapa","9":"first","10":"instock","11":"taxable","12":"shipping-taxable","13":"purchasable","14":"product-type-variable"},"jetpack_sharing_enabled":true,"_links":{"self":[{"href":"https:\/\/marcafede.com.ar\/iluminacion\/wp-json\/wp\/v2\/product\/43817","targetHints":{"allow":["GET"]}}],"collection":[{"href":"https:\/\/marcafede.com.ar\/iluminacion\/wp-json\/wp\/v2\/product"}],"about":[{"href":"https:\/\/marcafede.com.ar\/iluminacion\/wp-json\/wp\/v2\/types\/product"}],"wp:featuredmedia":[{"embeddable":true,"href":"https:\/\/marcafede.com.ar\/iluminacion\/wp-json\/wp\/v2\/media\/43822"}],"wp:attachment":[{"href":"https:\/\/marcafede.com.ar\/iluminacion\/wp-json\/wp\/v2\/media?parent=43817"}],"wp:term":[{"taxonomy":"product_brand","embeddable":true,"href":"https:\/\/marcafede.com.ar\/iluminacion\/wp-json\/wp\/v2\/product_brand?post=43817"},{"taxonomy":"product_cat","embeddable":true,"href":"https:\/\/marcafede.com.ar\/iluminacion\/wp-json\/wp\/v2\/product_cat?post=43817"},{"taxonomy":"product_tag","embeddable":true,"href":"https:\/\/marcafede.com.ar\/iluminacion\/wp-json\/wp\/v2\/product_tag?post=43817"}],"curies":[{"name":"wp","href":"https:\/\/api.w.org\/{rel}","templated":true}]}}