{"id":17,"date":"2015-04-29T23:06:22","date_gmt":"2015-04-29T23:06:22","guid":{"rendered":"https:\/\/marcafede.com.ar\/?page_id=17"},"modified":"2025-09-10T17:22:44","modified_gmt":"2025-09-10T17:22:44","slug":"web-economica","status":"publish","type":"page","link":"https:\/\/marcafede.com.ar\/index.php\/web-economica\/","title":{"rendered":"Web Econ\u00f3mica"},"content":{"rendered":"<div class=\"page\">\n<div class=\"item\">\n<div class=\"item_img2\"><img loading=\"lazy\" decoding=\"async\" class=\"aligncenter\" src=\"http:\/\/www.estudiodmg.com.ar\/images\/iconos_web\/icono_web_autogestionable_grande.jpg\" alt=\"\" width=\"98\" height=\"110\" \/><\/div>\n<div class=\"item_tex\">\n<h1 style=\"text-align: center;\">Web Econ\u00f3mica<\/h1>\n<\/div>\n<\/div>\n<\/div>\n<div class=\"page\">\n<div class=\"item\">\n<div class=\"item_img3\"><\/div>\n<div class=\"item_tex\">\n<h2>\u00bfQu\u00e9 es una WEB Econ\u00f3mica?<\/h2>\n<div class=\"item_des\">\n<p>Podr\u00e1s tener tu propia p\u00e1gina web y darte a conocer en Internet, reforzar tu imagen corporativa, captar nuevos clientes y estar a la altura de sus competidores.<\/p>\n<\/div>\n<\/div>\n<\/div>\n<div class=\"item\">\n<div class=\"item_tex\">\n<h2>\u00bfC\u00f3mo se compone?<\/h2>\n<div class=\"item_des\">La Web Econ\u00f3mica est\u00e1 compuesta por 4 secciones:<\/div>\n<\/div>\n<\/div>\n<\/div>\n<div class=\"page\">\n<div class=\"item\">\n<div class=\"item_img\"><img decoding=\"async\" src=\"http:\/\/www.estudiodmg.com.ar\/images\/iconos_web\/icono_home.jpg\" alt=\"\" \/><\/div>\n<div class=\"item_tex\">\n<div class=\"item_des\">\n<p><strong>Home \/ Inicio:<\/strong><br \/>\nEs la secci\u00f3n que corresponde a la presentaci\u00f3n de la empresa; o bien puede ser destinada a la historia de la misma. Es una presentaci\u00f3n de no m\u00e1s de 5 o 6 renglones de texto y 1 o 2 im\u00e1genes de la empresa<\/p>\n<\/div>\n<\/div>\n<\/div>\n<div class=\"item\">\n<div class=\"item_img\"><img decoding=\"async\" src=\"http:\/\/www.estudiodmg.com.ar\/images\/iconos_web\/icono_producto.jpg\" alt=\"\" \/><\/div>\n<div class=\"item_tex\">\n<div class=\"item_des\">\n<p><strong>Producto \/ Servicio:<\/strong><br \/>\nEsta secci\u00f3n est\u00e1 destinada a comunicar los productos o servicios que comercializa la empresa. En esta secci\u00f3n pod\u00e9s publicar desde 1 producto o servicio hasta 10 con sus respectivas fotos y m\u00ednimo detalle de cada uno.<\/p>\n<\/div>\n<\/div>\n<\/div>\n<div class=\"item\">\n<div class=\"item_img\"><img decoding=\"async\" src=\"http:\/\/www.estudiodmg.com.ar\/images\/iconos_web\/icono_promociones.jpg\" alt=\"\" \/><\/div>\n<div class=\"item_tex\">\n<div class=\"item_des\">\n<p><strong>Noticias \/ Promociones:<\/strong><br \/>\nEsta secci\u00f3n puede ser destinada a noticias de la empresa, promociones, novedades, galer\u00eda de im\u00e1genes, etc.<\/p>\n<\/div>\n<\/div>\n<\/div>\n<div class=\"item\">\n<div class=\"item_img\"><img decoding=\"async\" src=\"http:\/\/www.estudiodmg.com.ar\/images\/iconos_web\/icono_contacto.jpg\" alt=\"\" \/><\/div>\n<div class=\"item_tex\">\n<div class=\"item_des\">\n<p><strong>Contacto:<\/strong><br \/>\nPara que los clientes se contacten con vos, ya sea telef\u00f3nicamente o con una consulta v\u00eda e-mail<\/p>\n<\/div>\n<\/div>\n<\/div>\n<\/div>\n<p style=\"text-align: center;\">DISE\u00d1O DE P\u00c1GINA (consultar precio) (\u00danico)<\/p>\n<p style=\"text-align: center;\">MANTENIMIENTO MENSUAL (consultar precio)<\/p>\n<p style=\"text-align: center;\">DOMINIO.COM.AR (consultar precio) (Anual)<\/p>\n<div class=\"item_tex\">\n<h2>\u00bfQu\u00e9 incluye el mantenimiento\u00a0mensual?<\/h2>\n<\/div>\n<p style=\"text-align: left;\">\u00a0<img decoding=\"async\" src=\"http:\/\/www.estudiodmg.com.ar\/images\/iconos_web\/icono_hosting.jpg\" alt=\"\" \/><\/p>\n<div class=\"item\">\n<div class=\"clear\">\n<div class=\"item_tex\">\n<div class=\"item_des\"><strong>Hosting:<\/strong><br \/>\nAlojamiento de tu p\u00e1gina web en Internet.<\/div>\n<\/div>\n<div class=\"clear\"><\/div>\n<div class=\"item_img\"><img decoding=\"async\" src=\"http:\/\/www.estudiodmg.com.ar\/images\/iconos_web\/icono_mails.jpg\" alt=\"\" \/><\/div>\n<div class=\"item_tex\">\n<div class=\"item_des\"><strong>Mails:<\/strong><br \/>\nHasta 5 mails.<\/div>\n<\/div>\n<div class=\"clear\"><\/div>\n<div class=\"item_img\"><img decoding=\"async\" src=\"http:\/\/www.estudiodmg.com.ar\/images\/iconos_web\/icono_mantnimiento_web.jpg\" alt=\"\" \/><\/div>\n<div class=\"item_tex\">\n<div class=\"item_des\"><strong>Mantenimiento:<\/strong><br \/>\nActualizaci\u00f3n de tu p\u00e1gina web. Actualizaci\u00f3n de im\u00e1genes y textos seg\u00fan tu necesidad.<\/div>\n<\/div>\n<div class=\"clear\"><\/div>\n<div class=\"item_img\"><img decoding=\"async\" src=\"http:\/\/www.estudiodmg.com.ar\/images\/iconos_web\/icono_analitics.jpg\" alt=\"\" \/><\/div>\n<div class=\"item_tex\">\n<div class=\"item_des\"><strong>Analytics:<\/strong><br \/>\nEstad\u00edsticas mensuales de tu p\u00e1gina web (con esta herramienta vas a poder visualizar cu\u00e1ntas personas ingresan a tu p\u00e1gina web, horarios de cada visita, desde que provincias o pa\u00edses lo vistan, etc.<\/div>\n<\/div>\n<div class=\"clear\"><\/div>\n<div class=\"item_img\"><img decoding=\"async\" src=\"http:\/\/www.estudiodmg.com.ar\/images\/iconos_web\/icono_soporte_tecnico.jpg\" alt=\"\" \/><\/div>\n<div class=\"item_tex\">\n<div class=\"item_des\"><strong>Soporte T\u00e9cnico:<\/strong><br \/>\nDe tu p\u00e1gina web. En caso de que tu sitio sufra alg\u00fan inconveniente t\u00e9cnico, \u00a0Marcafede\u00a0lo resolver\u00e1 por vos.<\/div>\n<\/div>\n<div class=\"clear\"><\/div>\n<div class=\"item_img\"><img decoding=\"async\" src=\"http:\/\/www.estudiodmg.com.ar\/images\/iconos_web\/icono_seguridad.jpg\" alt=\"\" \/><\/div>\n<div class=\"item_tex\">\n<div class=\"item_des\"><strong>Back-up:<\/strong><br \/>\nOfrecemos un servicio de asistencia t\u00e9cnica personalizada, vas a poder hablar telef\u00f3nicamente con los dise\u00f1adores de tu p\u00e1gina web siempre que lo necesites.<\/div>\n<\/div>\n<div class=\"clear\"><\/div>\n<div class=\"item_img\"><img decoding=\"async\" src=\"http:\/\/www.estudiodmg.com.ar\/images\/iconos_web\/icono_firewall.jpg\" alt=\"\" \/><\/div>\n<div class=\"item_tex\">\n<div class=\"item_des\"><strong>Firewall de seguridad:<\/strong><br \/>\nPara bloquear el acceso no autorizado (hackers). Examina cada mensaje y bloquea aquellos que no cumplen los criterios de seguridad especificados.<\/div>\n<\/div>\n<\/div>\n<\/div>\n","protected":false},"excerpt":{"rendered":"<p>Web Econ\u00f3mica \u00bfQu\u00e9 es una WEB Econ\u00f3mica? Podr\u00e1s tener tu propia p\u00e1gina web y darte a conocer en Internet, reforzar tu imagen corporativa, captar nuevos clientes y estar a la [&hellip;]<\/p>\n","protected":false},"author":1,"featured_media":0,"parent":0,"menu_order":0,"comment_status":"closed","ping_status":"closed","template":"","meta":{"footnotes":""},"class_list":["post-17","page","type-page","status-publish","hentry"],"_links":{"self":[{"href":"https:\/\/marcafede.com.ar\/index.php\/wp-json\/wp\/v2\/pages\/17","targetHints":{"allow":["GET"]}}],"collection":[{"href":"https:\/\/marcafede.com.ar\/index.php\/wp-json\/wp\/v2\/pages"}],"about":[{"href":"https:\/\/marcafede.com.ar\/index.php\/wp-json\/wp\/v2\/types\/page"}],"author":[{"embeddable":true,"href":"https:\/\/marcafede.com.ar\/index.php\/wp-json\/wp\/v2\/users\/1"}],"replies":[{"embeddable":true,"href":"https:\/\/marcafede.com.ar\/index.php\/wp-json\/wp\/v2\/comments?post=17"}],"version-history":[{"count":13,"href":"https:\/\/marcafede.com.ar\/index.php\/wp-json\/wp\/v2\/pages\/17\/revisions"}],"predecessor-version":[{"id":7256,"href":"https:\/\/marcafede.com.ar\/index.php\/wp-json\/wp\/v2\/pages\/17\/revisions\/7256"}],"wp:attachment":[{"href":"https:\/\/marcafede.com.ar\/index.php\/wp-json\/wp\/v2\/media?parent=17"}],"curies":[{"name":"wp","href":"https:\/\/api.w.org\/{rel}","templated":true}]}}