{"id":19,"date":"2015-04-29T23:07:37","date_gmt":"2015-04-29T23:07:37","guid":{"rendered":"https:\/\/marcafede.com.ar\/?page_id=19"},"modified":"2025-03-19T22:26:56","modified_gmt":"2025-03-19T22:26:56","slug":"inicio-2","status":"publish","type":"page","link":"https:\/\/marcafede.com.ar\/","title":{"rendered":"Inicio"},"content":{"rendered":"<p>\u00bfA QU\u00c9 NOS DEDICAMOS?<\/p>\n<p>Dise\u00f1amos p\u00e1ginas web en Argentina y desarrollamos sitios web en su totalidad, brindamos el servicio de hosting y alta de p\u00e1ginas web en buscadores.<\/p>\n<p>Todo lo relacionado con el dise\u00f1o web en su totalidad. A trav\u00e9s de su propia p\u00e1gina web, usted o su empresa puede presentar, las 24 hs. del d\u00eda los 365 d\u00edas del a\u00f1o, las ofertas de sus productos o servicios a millones de personas en todo el mundo, de una forma efectiva, din\u00e1mica y muy econ\u00f3mica.<\/p>\n<p>Por eso, Marcafede &#8211; Dise\u00f1o y desarrollo web, realiza su pagina web y le ofrece la posibilidad de estar presente en Internet al menor costo, y as\u00ed potenciar la imagen de su empresa e incrementar su productividad y sus ventas<\/p>\n<p><a href=\"https:\/\/marcafede.com.ar\/wp-content\/uploads\/2020\/01\/00000196zkiiv-450x338-1.jpg\"><img loading=\"lazy\" decoding=\"async\" class=\"wp-image-222 size-medium aligncenter\" src=\"https:\/\/marcafede.com.ar\/wp-content\/uploads\/2020\/01\/00000196zkiiv-450x338-1-300x225.jpg\" alt=\"\" width=\"300\" height=\"225\" srcset=\"https:\/\/marcafede.com.ar\/wp-content\/uploads\/2020\/01\/00000196zkiiv-450x338-1-300x225.jpg 300w, https:\/\/marcafede.com.ar\/wp-content\/uploads\/2020\/01\/00000196zkiiv-450x338-1.jpg 450w\" sizes=\"auto, (max-width: 300px) 100vw, 300px\" \/><\/a><\/p>\n<p>\u00bfPOR QU\u00c9 ELEGIRNOS?<\/p>\n<p>El dise\u00f1o de una p\u00e1gina web debe, ante todo, comunicar. Por eso, centramos nuestros dise\u00f1os en la usabilidad de los mismos, que sean accesibles y que se comprendan r\u00e1pidamente.<\/p>\n<p>Para nosotros, un buen dise\u00f1o de p\u00e1ginas web es aquel que: Se pueda encontrar, se entiende r\u00e1pidamente y es de utilidad para el usuario. Su p\u00e1gina web no es s\u00f3lo un gr\u00e1fico bonito, es ante todo un medio de informaci\u00f3n, como tal debe comunicar r\u00e1pido y claramente.<\/p>\n<p>El dise\u00f1o de p\u00e1ginas web involucra much\u00edsimo m\u00e1s que el dise\u00f1o gr\u00e1fico, dos sitios que se ven iguales pueden tener grandes diferencias, resultando que el que est\u00e1 bien programado sea una herramienta efectiva de publicidad\/promoci\u00f3n y el otro un fracaso rotundo.<\/p>\n<p>Nosotros logramos que el dise\u00f1o de su p\u00e1gina web sea efectivo para lo que usted quiere lograr.<\/p>\n","protected":false},"excerpt":{"rendered":"<p>\u00bfA QU\u00c9 NOS DEDICAMOS? Dise\u00f1amos p\u00e1ginas web en Argentina y desarrollamos sitios web en su totalidad, brindamos el servicio de hosting y alta de p\u00e1ginas web en buscadores. Todo lo [&hellip;]<\/p>\n","protected":false},"author":1,"featured_media":0,"parent":0,"menu_order":0,"comment_status":"closed","ping_status":"closed","template":"","meta":{"footnotes":""},"class_list":["post-19","page","type-page","status-publish","hentry"],"_links":{"self":[{"href":"https:\/\/marcafede.com.ar\/index.php\/wp-json\/wp\/v2\/pages\/19","targetHints":{"allow":["GET"]}}],"collection":[{"href":"https:\/\/marcafede.com.ar\/index.php\/wp-json\/wp\/v2\/pages"}],"about":[{"href":"https:\/\/marcafede.com.ar\/index.php\/wp-json\/wp\/v2\/types\/page"}],"author":[{"embeddable":true,"href":"https:\/\/marcafede.com.ar\/index.php\/wp-json\/wp\/v2\/users\/1"}],"replies":[{"embeddable":true,"href":"https:\/\/marcafede.com.ar\/index.php\/wp-json\/wp\/v2\/comments?post=19"}],"version-history":[{"count":4,"href":"https:\/\/marcafede.com.ar\/index.php\/wp-json\/wp\/v2\/pages\/19\/revisions"}],"predecessor-version":[{"id":224,"href":"https:\/\/marcafede.com.ar\/index.php\/wp-json\/wp\/v2\/pages\/19\/revisions\/224"}],"wp:attachment":[{"href":"https:\/\/marcafede.com.ar\/index.php\/wp-json\/wp\/v2\/media?parent=19"}],"curies":[{"name":"wp","href":"https:\/\/api.w.org\/{rel}","templated":true}]}}