{"id":28,"date":"2015-04-29T23:20:28","date_gmt":"2015-04-29T23:20:28","guid":{"rendered":"https:\/\/marcafede.com.ar\/?page_id=28"},"modified":"2025-09-10T17:22:58","modified_gmt":"2025-09-10T17:22:58","slug":"web-personalizada","status":"publish","type":"page","link":"https:\/\/marcafede.com.ar\/index.php\/web-personalizada\/","title":{"rendered":"Web Personalizada"},"content":{"rendered":"<div class=\"page\">\n<div class=\"item\">\n<div class=\"item_img2\"><img decoding=\"async\" class=\"aligncenter\" src=\"http:\/\/www.estudiodmg.com.ar\/images\/iconos_web\/icono_web_personalizada_grande.jpg\" alt=\"\" \/><\/div>\n<div class=\"item_tex\">\n<h1 style=\"text-align: center;\">Web\u00a0Personalizada<\/h1>\n<\/div>\n<\/div>\n<\/div>\n<div class=\"page\"><\/div>\n<div class=\"page\">\n<div class=\"item\">\n<div class=\"item_tex\">\n<h2>\u00bfQu\u00e9 es una P\u00e1gina Personalizada?<\/h2>\n<div class=\"item_des\">\n<p>Este tipo de servicio es muy utilizado por profesionales que desean publicar en internet los servicios que brindan y las ventajas de contratar sus servicios. De esta forma acceden a que sus servicios est\u00e9n publicados en la cartelera m\u00e1s importante del mundo: Internet. Esto le permite a potenciales clientes poder contactarte en caso de necesitar tus servicios.Las p\u00e1ginas personalizadas tienen el dise\u00f1o y el formato que vos eleg\u00eds.<\/p>\n<\/div>\n<\/div>\n<div class=\"item_des\"><\/div>\n<div class=\"item_des\">\n<p style=\"text-align: center;\">DISE\u00d1O DE P\u00c1GINA (consultar precio) (\u00danico)<\/p>\n<p style=\"text-align: center;\">MANTENIMIENTO MENSUAL (consultar precio)<\/p>\n<p style=\"text-align: center;\">DOMINIO.COM.AR (consultar precio) (Anual)<\/p>\n<p style=\"text-align: center;\">\n<\/div>\n<div class=\"item_tex\">\n<h2>\u00bfQu\u00e9 incluye el mantenimiento\u00a0mensual?<\/h2>\n<\/div>\n<p style=\"text-align: left;\"><img loading=\"lazy\" decoding=\"async\" class=\"alignnone\" src=\"http:\/\/www.estudiodmg.com.ar\/images\/iconos_web\/icono_hosting.jpg\" alt=\"\" width=\"20\" height=\"26\" \/><\/p>\n<div class=\"item\">\n<div class=\"clear\">\n<div class=\"item_tex\">\n<div class=\"item_des\"><strong>Hosting:<\/strong><br \/>\nAlojamiento de tu p\u00e1gina web en Internet.<\/div>\n<\/div>\n<div class=\"clear\"><\/div>\n<div class=\"item_img\"><img loading=\"lazy\" decoding=\"async\" class=\"alignnone\" src=\"http:\/\/www.estudiodmg.com.ar\/images\/iconos_web\/icono_mails.jpg\" alt=\"\" width=\"20\" height=\"26\" \/><\/div>\n<div class=\"item_tex\">\n<div class=\"item_des\"><strong>Mails:<\/strong><br \/>\nHasta 5 mails.<\/div>\n<\/div>\n<div class=\"clear\"><\/div>\n<div class=\"item_img\"><img loading=\"lazy\" decoding=\"async\" class=\"alignnone\" src=\"http:\/\/www.estudiodmg.com.ar\/images\/iconos_web\/icono_mantnimiento_web.jpg\" alt=\"\" width=\"20\" height=\"26\" \/><\/div>\n<div class=\"item_tex\">\n<div class=\"item_des\"><strong>Mantenimiento:<\/strong><br \/>\nActualizaci\u00f3n de tu p\u00e1gina web. Actualizaci\u00f3n de im\u00e1genes y textos seg\u00fan tu necesidad.<\/div>\n<\/div>\n<div class=\"clear\"><\/div>\n<div class=\"item_img\"><img loading=\"lazy\" decoding=\"async\" class=\"alignnone\" src=\"http:\/\/www.estudiodmg.com.ar\/images\/iconos_web\/icono_analitics.jpg\" alt=\"\" width=\"20\" height=\"26\" \/><\/div>\n<div class=\"item_tex\">\n<div class=\"item_des\"><strong>Analytics:<\/strong><br \/>\nEstad\u00edsticas mensuales de tu p\u00e1gina web (con esta herramienta vas a poder visualizar cu\u00e1ntas personas ingresan a tu p\u00e1gina web, horarios de cada visita, desde qu\u00e9 provincias o pa\u00edses lo visitan, etc.<\/div>\n<\/div>\n<div class=\"clear\"><\/div>\n<div class=\"item_img\"><img loading=\"lazy\" decoding=\"async\" class=\"alignnone\" src=\"http:\/\/www.estudiodmg.com.ar\/images\/iconos_web\/icono_soporte_tecnico.jpg\" alt=\"\" width=\"20\" height=\"26\" \/><\/div>\n<div class=\"item_tex\">\n<div class=\"item_des\"><strong>Soporte T\u00e9cnico:<\/strong><br \/>\nDe tu p\u00e1gina web. En caso de que tu sitio sufra alg\u00fan inconveniente t\u00e9cnico, \u00a0Marcafede\u00a0lo resolver\u00e1 por vos.<\/div>\n<\/div>\n<div class=\"clear\"><\/div>\n<div class=\"item_img\"><img loading=\"lazy\" decoding=\"async\" class=\"alignnone\" src=\"http:\/\/www.estudiodmg.com.ar\/images\/iconos_web\/icono_seguridad.jpg\" alt=\"\" width=\"20\" height=\"26\" \/><\/div>\n<div class=\"item_tex\">\n<div class=\"item_des\"><strong>Back-up:<\/strong><br \/>\nOfrecemos un servicio de asistencia t\u00e9cnica personalizada, vas a poder hablar telef\u00f3nicamente con los dise\u00f1adores de tu p\u00e1gina web siempre que lo necesites.<\/div>\n<\/div>\n<div class=\"clear\"><\/div>\n<div class=\"item_img\"><img loading=\"lazy\" decoding=\"async\" class=\"alignnone\" src=\"http:\/\/www.estudiodmg.com.ar\/images\/iconos_web\/icono_firewall.jpg\" alt=\"\" width=\"20\" height=\"26\" \/><\/div>\n<div class=\"item_tex\">\n<div class=\"item_des\"><strong>Firewall de seguridad:<\/strong><br \/>\nPara bloquear el acceso no autorizado (hackers). Examina cada mensaje y bloquea aquellos que no cumplen los criterios de seguridad especificados.<\/div>\n<\/div>\n<\/div>\n<\/div>\n<div class=\"item_des\"><\/div>\n<\/div>\n<div class=\"item_des\"><\/div>\n<\/div>\n","protected":false},"excerpt":{"rendered":"<p>Web\u00a0Personalizada \u00bfQu\u00e9 es una P\u00e1gina Personalizada? Este tipo de servicio es muy utilizado por profesionales que desean publicar en internet los servicios que brindan y las ventajas de contratar sus [&hellip;]<\/p>\n","protected":false},"author":1,"featured_media":0,"parent":0,"menu_order":0,"comment_status":"closed","ping_status":"closed","template":"","meta":{"footnotes":""},"class_list":["post-28","page","type-page","status-publish","hentry"],"_links":{"self":[{"href":"https:\/\/marcafede.com.ar\/index.php\/wp-json\/wp\/v2\/pages\/28","targetHints":{"allow":["GET"]}}],"collection":[{"href":"https:\/\/marcafede.com.ar\/index.php\/wp-json\/wp\/v2\/pages"}],"about":[{"href":"https:\/\/marcafede.com.ar\/index.php\/wp-json\/wp\/v2\/types\/page"}],"author":[{"embeddable":true,"href":"https:\/\/marcafede.com.ar\/index.php\/wp-json\/wp\/v2\/users\/1"}],"replies":[{"embeddable":true,"href":"https:\/\/marcafede.com.ar\/index.php\/wp-json\/wp\/v2\/comments?post=28"}],"version-history":[{"count":10,"href":"https:\/\/marcafede.com.ar\/index.php\/wp-json\/wp\/v2\/pages\/28\/revisions"}],"predecessor-version":[{"id":7257,"href":"https:\/\/marcafede.com.ar\/index.php\/wp-json\/wp\/v2\/pages\/28\/revisions\/7257"}],"wp:attachment":[{"href":"https:\/\/marcafede.com.ar\/index.php\/wp-json\/wp\/v2\/media?parent=28"}],"curies":[{"name":"wp","href":"https:\/\/api.w.org\/{rel}","templated":true}]}}