{"id":32,"date":"2015-04-29T23:26:54","date_gmt":"2015-04-29T23:26:54","guid":{"rendered":"https:\/\/marcafede.com.ar\/?page_id=32"},"modified":"2025-09-10T17:19:30","modified_gmt":"2025-09-10T17:19:30","slug":"e-commerce","status":"publish","type":"page","link":"https:\/\/marcafede.com.ar\/index.php\/e-commerce\/","title":{"rendered":"E-Commerce"},"content":{"rendered":"<div class=\"page\">\n<div class=\"item\">\n<div class=\"item_img2\"><img decoding=\"async\" class=\"aligncenter\" src=\"http:\/\/www.estudiodmg.com.ar\/images\/iconos_web\/icono_carrito_grande.jpg\" alt=\"\" \/><\/div>\n<div class=\"item_tex\">\n<h1 style=\"text-align: center;\">P\u00e1ginas Web<br \/>\nE-Commerce<\/h1>\n<\/div>\n<\/div>\n<\/div>\n<div class=\"page\"><\/div>\n<div class=\"page\">\n<div class=\"item\">\n<div class=\"item_tex\">\n<h2>\u00bfQu\u00e9 es una P\u00e1gina E-Commerce?<\/h2>\n<div class=\"item_des\">Marcafede\u00a0te ofrece los \u00faltimos dise\u00f1os y tecnolog\u00edas para que tu empresa pueda tener una p\u00e1gina web con Carro de Compras \/ e-commerce para que puedas vender por internet y aumentar las ventas de tu empresa. Marcafede\u00a0no solo te ofrece tecnolog\u00eda de \u00faltima generaci\u00f3n, sino tambi\u00e9n los mejores precios del mercado.<strong><br \/>\n<\/strong>\u00a0<strong><br \/>\n<\/strong><\/div>\n<\/div>\n<\/div>\n<div class=\"item\">\n<div class=\"item_tex\">\n<h2>\u00bfC\u00f3mo se compone?<\/h2>\n<div class=\"item_des\">\n<p>La <strong>P\u00e1gina Web E-Commerce<\/strong>\u00a0est\u00e1 compuesta por <strong><strong>4 secciones:<\/strong><\/strong><\/p>\n<\/div>\n<\/div>\n<\/div>\n<\/div>\n<div class=\"page\">\n<div class=\"item\">\n<div class=\"item_img\">\u00a0<img decoding=\"async\" src=\"http:\/\/www.estudiodmg.com.ar\/images\/iconos_web\/icono_home.jpg\" alt=\"\" \/><\/div>\n<div class=\"item_tex\">\n<div class=\"item_des\">\n<p><strong>Home \/ Inicio:<\/strong><br \/>\nEs la secci\u00f3n que corresponde a la presentaci\u00f3n de la empresa; o bien puede ser destinada a la historia de la misma. Es una presentaci\u00f3n de no m\u00e1s de 5 o 6 renglones de texto y 1 o 2 im\u00e1genes de la empresa.<\/p>\n<\/div>\n<\/div>\n<div class=\"clear\"><\/div>\n<\/div>\n<div class=\"item\">\n<div class=\"item_img\">\u00a0<img decoding=\"async\" src=\"http:\/\/www.estudiodmg.com.ar\/images\/iconos_web\/icono_producto.jpg\" alt=\"\" \/><\/div>\n<div class=\"item_tex\">\n<div class=\"item_des\">\n<p><strong>Productos \/ Servicios**:<\/strong><br \/>\nEsta secci\u00f3n est\u00e1 destinada a comunicar los productos o servicios que comercializa la empresa. En esta secci\u00f3n pod\u00e9s publicar desde 1 producto o servicio; hasta los que usted desee publicar.<br \/>\nNuestro estudio te entregar\u00e1 la p\u00e1gina web con una carga inicial de 10 productos de muestra, para que veas como quedan. Luego cargar\u00e1s los productos con las descripciones que consideres necesarias. En la secci\u00f3n Productos \/ Servicios podr\u00e1 subir fotos, im\u00e1genes, textos vos mismo de manera r\u00e1pida y sencilla.<\/p>\n<\/div>\n<\/div>\n<div class=\"clear\"><\/div>\n<\/div>\n<div class=\"item\">\n<div class=\"item_img\">\u00a0<img decoding=\"async\" src=\"http:\/\/www.estudiodmg.com.ar\/images\/iconos_web\/icono_promociones.jpg\" alt=\"\" \/><\/div>\n<div class=\"item_tex\">\n<div class=\"item_des\">\n<p><strong>Noticias \/ Promociones*1:<\/strong><br \/>\nEsta secci\u00f3n puede ser destinada a comunicar noticias de la empresa, promociones, novedades, etc. Podr\u00e1s subir y bajar las noticias que desees de manera muy sencilla y din\u00e1mica. Marcafede\u00a0tambi\u00e9n te da la posibilidad de reemplazar esta secci\u00f3n por una de Productos \/ Servicios como en la secci\u00f3n 2, para que puedas mostrar mas productos, o bien para tener 2 secciones de Productos.<\/p>\n<\/div>\n<\/div>\n<div class=\"clear\"><\/div>\n<\/div>\n<div class=\"item\">\n<div class=\"item_img\">\u00a0<img decoding=\"async\" src=\"http:\/\/www.estudiodmg.com.ar\/images\/iconos_web\/icono_contacto.jpg\" alt=\"\" \/><\/div>\n<div class=\"item_tex\">\n<div class=\"item_des\">\n<p><strong>Contacto:<\/strong><br \/>\nPara que los clientes se contacten con vos, ya sea telef\u00f3nicamente o con una consulta v\u00eda e-mail.<\/p>\n<p>** Esta Secci\u00f3n estar\u00e1 dividida por 4 categor\u00edas de productos.<br \/>\n*1 Esta Secci\u00f3n es AUTOGESTIONABLE.<\/p>\n<p style=\"text-align: center;\">DISE\u00d1O DE P\u00c1GINA (consultar precio)<\/p>\n<p style=\"text-align: center;\">MANTENIMIENTO MENSUAL (consultar precio)<\/p>\n<p style=\"text-align: center;\">DOMINIO.COM.AR (consultar precio) (Anual)<\/p>\n<p style=\"text-align: center;\">\n<\/div>\n<div class=\"item_tex\">\n<h2>\u00bfQu\u00e9 incluye el mantenimiento\u00a0mensual?<\/h2>\n<\/div>\n<div class=\"item\">\n<div class=\"item_img\"><img decoding=\"async\" src=\"http:\/\/www.estudiodmg.com.ar\/images\/iconos_web\/icono_dominio.jpg\" alt=\"\" \/><\/div>\n<div class=\"item_tex\">\n<div class=\"item_des\"><strong>Tr\u00e1mite de Registraci\u00f3n de Dominio<\/strong><br \/>\n(Registrar tu dominio en Internet)<\/div>\n<\/div>\n<div class=\"clear\">\n<div class=\"item_img\"><img decoding=\"async\" src=\"http:\/\/www.estudiodmg.com.ar\/images\/iconos_web\/icono_hosting.jpg\" alt=\"\" \/><\/div>\n<div class=\"item_tex\">\n<div class=\"item_des\"><strong>Hosting:<\/strong><br \/>\nAlojamiento de tu p\u00e1gina web en Internet.<\/div>\n<\/div>\n<div class=\"clear\"><\/div>\n<div class=\"item_img\"><img decoding=\"async\" src=\"http:\/\/www.estudiodmg.com.ar\/images\/iconos_web\/icono_mails.jpg\" alt=\"\" \/><\/div>\n<div class=\"item_tex\">\n<div class=\"item_des\"><strong>Mails:<\/strong><br \/>\nHasta 5 mails.<\/div>\n<\/div>\n<div class=\"clear\"><\/div>\n<div class=\"item_img\"><img decoding=\"async\" src=\"http:\/\/www.estudiodmg.com.ar\/images\/iconos_web\/icono_mantnimiento_web.jpg\" alt=\"\" \/><\/div>\n<div class=\"item_tex\">\n<div class=\"item_des\"><strong>Mantenimiento:<\/strong><br \/>\nActualizaci\u00f3n de tu p\u00e1gina web. Actualizaci\u00f3n de im\u00e1genes y textos seg\u00fan tu necesidad.<\/div>\n<\/div>\n<div class=\"clear\"><\/div>\n<div class=\"item_img\"><img decoding=\"async\" src=\"http:\/\/www.estudiodmg.com.ar\/images\/iconos_web\/icono_analitics.jpg\" alt=\"\" \/><\/div>\n<div class=\"item_tex\">\n<div class=\"item_des\"><strong>Analytics:<\/strong><br \/>\nEstad\u00edsticas mensuales de tu p\u00e1gina web (con esta herramienta vas a poder visualizar cu\u00e1ntas personas ingresan a tu p\u00e1gina web, horarios de cada visita, desde que provincias o pa\u00edses lo vistan, etc.<\/div>\n<\/div>\n<div class=\"clear\"><\/div>\n<div class=\"item_img\"><img decoding=\"async\" src=\"http:\/\/www.estudiodmg.com.ar\/images\/iconos_web\/icono_soporte_tecnico.jpg\" alt=\"\" \/><\/div>\n<div class=\"item_tex\">\n<div class=\"item_des\"><strong>Soporte T\u00e9cnico:<\/strong><br \/>\nDe tu p\u00e1gina web. En caso de que tu sitio sufra alg\u00fan inconveniente t\u00e9cnico, \u00a0Marcafede\u00a0lo resolver\u00e1 por vos.<\/div>\n<\/div>\n<div class=\"clear\"><\/div>\n<div class=\"item_img\"><img decoding=\"async\" src=\"http:\/\/www.estudiodmg.com.ar\/images\/iconos_web\/icono_seguridad.jpg\" alt=\"\" \/><\/div>\n<div class=\"item_tex\">\n<div class=\"item_des\"><strong>Back-up:<\/strong><br \/>\nOfrecemos un servicio de asistencia t\u00e9cnica personalizada, vas a poder hablar telef\u00f3nicamente con los dise\u00f1adores de tu p\u00e1gina web siempre que lo necesites.<\/div>\n<\/div>\n<div class=\"clear\"><\/div>\n<div class=\"item_img\"><img decoding=\"async\" src=\"http:\/\/www.estudiodmg.com.ar\/images\/iconos_web\/icono_firewall.jpg\" alt=\"\" \/><\/div>\n<div class=\"item_tex\">\n<div class=\"item_des\"><strong>Firewall de seguridad:<\/strong><br \/>\nPara bloquear el acceso no autorizado (hackers). Examina cada mensaje y bloquea aquellos que no cumplen los criterios de seguridad especificados.<\/div>\n<\/div>\n<\/div>\n<\/div>\n<\/div>\n<\/div>\n<\/div>\n","protected":false},"excerpt":{"rendered":"<p>P\u00e1ginas Web E-Commerce \u00bfQu\u00e9 es una P\u00e1gina E-Commerce? Marcafede\u00a0te ofrece los \u00faltimos dise\u00f1os y tecnolog\u00edas para que tu empresa pueda tener una p\u00e1gina web con Carro de Compras \/ e-commerce [&hellip;]<\/p>\n","protected":false},"author":1,"featured_media":0,"parent":0,"menu_order":0,"comment_status":"closed","ping_status":"closed","template":"","meta":{"footnotes":""},"class_list":["post-32","page","type-page","status-publish","hentry"],"_links":{"self":[{"href":"https:\/\/marcafede.com.ar\/index.php\/wp-json\/wp\/v2\/pages\/32","targetHints":{"allow":["GET"]}}],"collection":[{"href":"https:\/\/marcafede.com.ar\/index.php\/wp-json\/wp\/v2\/pages"}],"about":[{"href":"https:\/\/marcafede.com.ar\/index.php\/wp-json\/wp\/v2\/types\/page"}],"author":[{"embeddable":true,"href":"https:\/\/marcafede.com.ar\/index.php\/wp-json\/wp\/v2\/users\/1"}],"replies":[{"embeddable":true,"href":"https:\/\/marcafede.com.ar\/index.php\/wp-json\/wp\/v2\/comments?post=32"}],"version-history":[{"count":10,"href":"https:\/\/marcafede.com.ar\/index.php\/wp-json\/wp\/v2\/pages\/32\/revisions"}],"predecessor-version":[{"id":7252,"href":"https:\/\/marcafede.com.ar\/index.php\/wp-json\/wp\/v2\/pages\/32\/revisions\/7252"}],"wp:attachment":[{"href":"https:\/\/marcafede.com.ar\/index.php\/wp-json\/wp\/v2\/media?parent=32"}],"curies":[{"name":"wp","href":"https:\/\/api.w.org\/{rel}","templated":true}]}}