{"id":38,"date":"2015-04-29T23:38:35","date_gmt":"2015-04-29T23:38:35","guid":{"rendered":"https:\/\/marcafede.com.ar\/?page_id=38"},"modified":"2025-09-10T17:19:53","modified_gmt":"2025-09-10T17:19:53","slug":"mantenimiento-mensual","status":"publish","type":"page","link":"https:\/\/marcafede.com.ar\/index.php\/mantenimiento-mensual\/","title":{"rendered":"Mantenimiento Mensual"},"content":{"rendered":"<div class=\"page\">\n<div class=\"item\">\n<div class=\"item_img2\"><img decoding=\"async\" class=\"aligncenter\" src=\"http:\/\/www.estudiodmg.com.ar\/images\/iconos_web\/icono_abono_web.jpg\" alt=\"\" \/><\/div>\n<div class=\"item_tex\">\n<h1 style=\"text-align: center;\">Mantenimiento Mensual<\/h1>\n<h1 style=\"text-align: center;\">de\u00a0P\u00e1ginas Web<\/h1>\n<\/div>\n<\/div>\n<\/div>\n<div class=\"page\"><\/div>\n<div class=\"page\">\n<div class=\"item\">\n<div class=\"item_tex\">\n<h2>\u00bfQu\u00e9 es?<\/h2>\n<div class=\"item_des\">Marcafede\u00a0te brinda el servicio m\u00e1s completo y personalizado del mercado en materia de mantenimiento y actualizaci\u00f3n de p\u00e1ginas web.<\/div>\n<div class=\"item_des\">Tu p\u00e1gina web estar\u00e1 siempre actualizada.<\/div>\n<div class=\"item_des\"><\/div>\n<\/div>\n<div class=\"clear\"><\/div>\n<\/div>\n<\/div>\n<div class=\"page\">\n<div class=\"item\">\n<div class=\"item_tex\">\n<h2><\/h2>\n<h2>\u00bfPara qu\u00e9?<\/h2>\n<div class=\"item_des\">\n<ul class=\"abono\">\n<li>Para que pueda ocupar mejores posiciones en los buscadores.<\/li>\n<li>Para que pueda ser vista por m\u00e1s cantidad de usuarios.<\/li>\n<li>Para evitar ser bloqueada por exploradores nuevos.<\/li>\n<li>Para evitar que los buscadores no la tomen en cuenta.<\/li>\n<li>Para utilizar tu web como una herramienta de ventas, y no como un adorno.<\/li>\n<\/ul>\n<h2>\u00bfCu\u00e1nto cuesta?<\/h2>\n<p><img loading=\"lazy\" decoding=\"async\" class=\"alignleft\" src=\"http:\/\/www.estudiodmg.com.ar\/images\/iconos_web\/icono_web_autogestionable_grande.jpg\" alt=\"\" width=\"20\" height=\"23\" \/>\u00a0 \u00a0Web Econ\u00f3mica (consultar precio)<\/p>\n<p><img loading=\"lazy\" decoding=\"async\" class=\" alignleft\" src=\"http:\/\/www.estudiodmg.com.ar\/images\/iconos_web\/icono_web_personalizada_grande.jpg\" alt=\"\" width=\"21\" height=\"19\" \/>\u00a0 Web Personalizada (consultar precio)<\/p>\n<p><img loading=\"lazy\" decoding=\"async\" class=\" alignleft\" src=\"http:\/\/www.estudiodmg.com.ar\/images\/iconos_web\/icono_carrito_grande.jpg\" alt=\"\" width=\"21\" height=\"13\" \/>\u00a0 E-Commerce (consultar precio)<\/p>\n<div class=\"item_tex\">\n<div class=\"item_tex\">\n<div class=\"item_tex\">\n<h2>\u00bfQu\u00e9 incluye el mantenimiento\u00a0mensual?<\/h2>\n<\/div>\n<div class=\"item\">\n<div class=\"item_img\"><img decoding=\"async\" src=\"http:\/\/www.estudiodmg.com.ar\/images\/iconos_web\/icono_dominio.jpg\" alt=\"\" \/><\/div>\n<div class=\"item_tex\">\n<div class=\"item_des\"><strong>Registro de Dominio SIN CARGO<\/strong><br \/>\n(registrar a tu nombre www.TuEmpresa.COM.AR).<\/div>\n<\/div>\n<div class=\"clear\">\n<div class=\"item_img\"><img decoding=\"async\" src=\"http:\/\/www.estudiodmg.com.ar\/images\/iconos_web\/icono_hosting.jpg\" alt=\"\" \/><\/div>\n<div class=\"item_tex\">\n<div class=\"item_des\"><strong>Hosting:<\/strong><br \/>\nAlojamiento de tu p\u00e1gina web en Internet.<\/div>\n<\/div>\n<div class=\"clear\"><\/div>\n<div class=\"item_img\"><img decoding=\"async\" src=\"http:\/\/www.estudiodmg.com.ar\/images\/iconos_web\/icono_mails.jpg\" alt=\"\" \/><\/div>\n<div class=\"item_tex\">\n<div class=\"item_des\"><strong>Mails acorde a tu plan:<\/strong><br \/>\nCada integrante de tu empresa podr\u00e1 tener un e-mail.<\/div>\n<\/div>\n<div class=\"clear\"><\/div>\n<div class=\"item_img\"><img decoding=\"async\" src=\"http:\/\/www.estudiodmg.com.ar\/images\/iconos_web\/icono_mantnimiento_web.jpg\" alt=\"\" \/><\/div>\n<div class=\"item_tex\">\n<div class=\"item_des\"><strong>Mantenimiento de tu p\u00e1gina web:<\/strong><br \/>\nVas a poder cambiar im\u00e1genes y textos en tu p\u00e1gina web para mantenerla actualizada.<\/div>\n<\/div>\n<div class=\"clear\"><\/div>\n<div class=\"item_img\"><img decoding=\"async\" src=\"http:\/\/www.estudiodmg.com.ar\/images\/iconos_web\/icono_analitics.jpg\" alt=\"\" \/><\/div>\n<div class=\"item_tex\">\n<div class=\"item_des\"><strong>Analytics:<\/strong><br \/>\nEstad\u00edsticas mensuales de tu p\u00e1gina web (con esta herramienta vas a poder visualizar cu\u00e1ntas personas ingresan a tu p\u00e1gina web, horarios de cada visita, desde que provincias o pa\u00edses lo vistan, etc.<\/div>\n<\/div>\n<div class=\"clear\"><\/div>\n<div class=\"item_img\"><img loading=\"lazy\" decoding=\"async\" src=\"http:\/\/www.estudiodmg.com.ar\/images\/iconos_web\/icono_soporte_tecnico.jpg\" alt=\"\" width=\"25\" height=\"29\" \/><\/div>\n<div class=\"item_tex\">\n<div class=\"item_des\"><strong>Soporte T\u00e9cnico de tu p\u00e1gina web:<\/strong><br \/>\nEn caso de que tu p\u00e1gina web sufra alg\u00fan inconveniente t\u00e9cnico, Estudio Marcafede\u00a0lo va a resolver por vos.<\/div>\n<\/div>\n<div class=\"clear\"><\/div>\n<div class=\"item_img\"><img loading=\"lazy\" decoding=\"async\" src=\"http:\/\/www.estudiodmg.com.ar\/images\/iconos_web\/icono_seguridad.jpg\" alt=\"\" width=\"25\" height=\"29\" \/><\/div>\n<div class=\"item_tex\">\n<div class=\"item_des\"><strong>Back-up:<\/strong><br \/>\nOfrecemos un servicio de asistencia t\u00e9cnica personalizada, vas a poder hablar telef\u00f3nicamente con los dise\u00f1adores de tu p\u00e1gina web siempre que lo necesites.<\/div>\n<\/div>\n<div class=\"clear\"><\/div>\n<div class=\"item_img\"><img loading=\"lazy\" decoding=\"async\" src=\"http:\/\/www.estudiodmg.com.ar\/images\/iconos_web\/icono_firewall.jpg\" alt=\"\" width=\"25\" height=\"29\" \/><\/div>\n<div class=\"item_tex\">\n<div class=\"item_des\"><strong>Firewall de seguridad:<\/strong><br \/>\nPara bloquear el acceso no autorizado (hackers). Examina cada mensaje y bloquea aquellos que no cumplen los criterios de seguridad especificados.<\/div>\n<\/div>\n<\/div>\n<\/div>\n<\/div>\n<\/div>\n<\/div>\n<\/div>\n<\/div>\n<\/div>\n","protected":false},"excerpt":{"rendered":"<p>Mantenimiento Mensual de\u00a0P\u00e1ginas Web \u00bfQu\u00e9 es? Marcafede\u00a0te brinda el servicio m\u00e1s completo y personalizado del mercado en materia de mantenimiento y actualizaci\u00f3n de p\u00e1ginas web. Tu p\u00e1gina web estar\u00e1 siempre [&hellip;]<\/p>\n","protected":false},"author":1,"featured_media":0,"parent":0,"menu_order":0,"comment_status":"closed","ping_status":"closed","template":"","meta":{"footnotes":""},"class_list":["post-38","page","type-page","status-publish","hentry"],"_links":{"self":[{"href":"https:\/\/marcafede.com.ar\/index.php\/wp-json\/wp\/v2\/pages\/38","targetHints":{"allow":["GET"]}}],"collection":[{"href":"https:\/\/marcafede.com.ar\/index.php\/wp-json\/wp\/v2\/pages"}],"about":[{"href":"https:\/\/marcafede.com.ar\/index.php\/wp-json\/wp\/v2\/types\/page"}],"author":[{"embeddable":true,"href":"https:\/\/marcafede.com.ar\/index.php\/wp-json\/wp\/v2\/users\/1"}],"replies":[{"embeddable":true,"href":"https:\/\/marcafede.com.ar\/index.php\/wp-json\/wp\/v2\/comments?post=38"}],"version-history":[{"count":13,"href":"https:\/\/marcafede.com.ar\/index.php\/wp-json\/wp\/v2\/pages\/38\/revisions"}],"predecessor-version":[{"id":7253,"href":"https:\/\/marcafede.com.ar\/index.php\/wp-json\/wp\/v2\/pages\/38\/revisions\/7253"}],"wp:attachment":[{"href":"https:\/\/marcafede.com.ar\/index.php\/wp-json\/wp\/v2\/media?parent=38"}],"curies":[{"name":"wp","href":"https:\/\/api.w.org\/{rel}","templated":true}]}}